{"id":21275,"date":"2019-02-27T16:53:43","date_gmt":"2019-02-27T16:53:43","guid":{"rendered":"https:\/\/occasionmachines.com\/?post_type=product&#038;p=21275"},"modified":"2025-05-27T10:47:05","modified_gmt":"2025-05-27T09:47:05","slug":"elevador-de-tesoura-dupla-3000-kg-400v-330","status":"publish","type":"product","link":"https:\/\/occasionmachines.com\/pt\/produto\/elevador-de-tesoura-dupla-3000-kg-400v-330\/","title":{"rendered":"Elevador de Tesoura Dupla 3000 kg 400V 330"},"content":{"rendered":"<p>Este elevador de tesoura\u00a0dupla sem cabe\u00e7a \u00e9 de alta qualidade e extremamente adequada para uso profissional.<br \/>\nDevido \u00e0 sua constru\u00e7\u00e3o robusta e design cuidadoso, a ponte de tesoura equipada com as seguintes propriedades \u00fateis:<\/p>\n<p>&#8211; plataforma comprimento = 1.540 mil\u00edmetros, extens\u00edvel at\u00e9 17-40mm<br \/>\n&#8211; bomba electro-hidr\u00e1ulico de dupla trans<br \/>\n&#8211; equipado com dois Pesado cilindros hidr\u00e1ulicos<br \/>\n&#8211; ventila\u00e7\u00e3o autom\u00e1tica, por meio do bot\u00e3o de liberta\u00e7\u00e3o de ar<br \/>\n&#8211; sincroniza\u00e7\u00e3o autom\u00e1tica pela meios de v\u00e1lvulas magn\u00e9ticas el\u00e9tricas<br \/>\n&#8211; prote\u00e7\u00e3o de sobrecarga autom\u00e1tica<br \/>\n&#8211; bloqueio pneum\u00e1tica fabricada a partir de material de alta qualidade<br \/>\n&#8211; v\u00e1lvula de controlo para controlar a velocidade com os vales<br \/>\n&#8211; sensor de limita\u00e7\u00e3o para limitar a altura m\u00e1xima e a altura m\u00ednima de seguran\u00e7a<br \/>\n&#8211; de controlo de homem morto durante a eleva\u00e7\u00e3o e abaixamento<br \/>\n&#8211; sinal de protec\u00e7\u00e3o ac\u00fastica p\u00e9 protec\u00e7\u00e3o incl.<br \/>\n&#8211; incl manual do propriet\u00e1rio . protocolo de manuten\u00e7\u00e3o e certificado CE 2006\/42 \/ CE<br \/>\n&#8211; est\u00e1 em conformidade com BS EN1493 seguran\u00e7a<\/p>\n<p>Especifica\u00e7\u00f5es:<br \/>\n&#8211; capacidade de eleva\u00e7\u00e3o = 3,000 kg<br \/>\n&#8211; altura m\u00e1xima de eleva\u00e7\u00e3o = 2030 mil\u00edmetros.<br \/>\n&#8211; plataforma de comprimento = 1540 &#8211; 17-40mm<br \/>\n&#8211; largura das plataformas = 550 mm<br \/>\n&#8211; recomendado folga entre plataformas = 800 mm<br \/>\n&#8211; idade = 60 segundos<br \/>\n&#8211; tempo da bolsa = 60 segundos<br \/>\n&#8211; voltagem = 400V<\/p>\n<p>&nbsp;<\/p>\n<table class=\"table spec-table table-bordered\">\n<thead>\n<tr>\n<td colspan=\"2\"><strong>Dimens\u00f5es do produto<\/strong><\/td>\n<\/tr>\n<\/thead>\n<tbody>\n<tr>\n<td>Comprimento do produto (mm)<\/td>\n<td>1540,0<\/td>\n<\/tr>\n<tr>\n<td>Largura do produto (mm)<\/td>\n<td>1900,0<\/td>\n<\/tr>\n<tr>\n<td>Altura do produto (mm)<\/td>\n<td>1500,0<\/td>\n<\/tr>\n<tr>\n<td>Peso do produto (kg)<\/td>\n<td>800,0<\/td>\n<\/tr>\n<\/tbody>\n<thead>\n<tr>\n<td colspan=\"2\"><strong>Dimens\u00f5es de embalagem<\/strong><\/td>\n<\/tr>\n<\/thead>\n<tbody>\n<tr>\n<td>Comprimento da embalagem (mm)<\/td>\n<td>1200<\/td>\n<\/tr>\n<tr>\n<td>Largura da embalagem (mm)<\/td>\n<td>1560<\/td>\n<\/tr>\n<tr>\n<td>Altura de embalagem (mm)<\/td>\n<td>1750<\/td>\n<\/tr>\n<tr>\n<td>Peso embalagem (kg)<\/td>\n<td>800<\/td>\n<\/tr>\n<\/tbody>\n<\/table>\n<p><\/p>","protected":false},"excerpt":{"rendered":"<p>Este elevador de tesoura\u00a0dupla sem cabe\u00e7a \u00e9 de alta qualidade e extremamente adequada para uso profissional. Devido \u00e0 sua constru\u00e7\u00e3o robusta e design cuidadoso, a ponte de tesoura equipada com as seguintes propriedades \u00fateis: &#8211; plataforma comprimento = 1.540 mil\u00edmetros, extens\u00edvel at\u00e9 17-40mm &#8211; bomba electro-hidr\u00e1ulico de dupla trans &#8211; equipado com dois Pesado cilindros [&hellip;]<\/p>\n","protected":false},"featured_media":21278,"comment_status":"closed","ping_status":"closed","template":"","meta":[],"product_brand":[],"product_cat":[6668],"product_tag":[],"class_list":{"0":"post-21275","1":"product","2":"type-product","3":"status-publish","4":"has-post-thumbnail","6":"product_cat-elevadores-de-tesoura","7":"product_shipping_class-maquinas-medias","9":"first","10":"onbackorder","11":"taxable","12":"shipping-taxable","13":"purchasable","14":"product-type-simple"},"_links":{"self":[{"href":"https:\/\/occasionmachines.com\/pt\/wp-json\/wp\/v2\/product\/21275","targetHints":{"allow":["GET"]}}],"collection":[{"href":"https:\/\/occasionmachines.com\/pt\/wp-json\/wp\/v2\/product"}],"about":[{"href":"https:\/\/occasionmachines.com\/pt\/wp-json\/wp\/v2\/types\/product"}],"replies":[{"embeddable":true,"href":"https:\/\/occasionmachines.com\/pt\/wp-json\/wp\/v2\/comments?post=21275"}],"wp:featuredmedia":[{"embeddable":true,"href":"https:\/\/occasionmachines.com\/pt\/wp-json\/wp\/v2\/media\/21278"}],"wp:attachment":[{"href":"https:\/\/occasionmachines.com\/pt\/wp-json\/wp\/v2\/media?parent=21275"}],"wp:term":[{"taxonomy":"product_brand","embeddable":true,"href":"https:\/\/occasionmachines.com\/pt\/wp-json\/wp\/v2\/product_brand?post=21275"},{"taxonomy":"product_cat","embeddable":true,"href":"https:\/\/occasionmachines.com\/pt\/wp-json\/wp\/v2\/product_cat?post=21275"},{"taxonomy":"product_tag","embeddable":true,"href":"https:\/\/occasionmachines.com\/pt\/wp-json\/wp\/v2\/product_tag?post=21275"}],"curies":[{"name":"wp","href":"https:\/\/api.w.org\/{rel}","templated":true}]}}