{"id":21346,"date":"2019-02-28T19:43:36","date_gmt":"2019-02-28T19:43:36","guid":{"rendered":"https:\/\/occasionmachines.com\/?post_type=product&#038;p=21346"},"modified":"2025-05-27T10:45:07","modified_gmt":"2025-05-27T09:45:07","slug":"secador-de-ar-1000l-min-y60","status":"publish","type":"product","link":"https:\/\/occasionmachines.com\/pt\/produto\/secador-de-ar-1000l-min-y60\/","title":{"rendered":"Secador de Ar 1000L \/ min Y60"},"content":{"rendered":"<p><\/p>\n<div class=\"col-sm-6\">\n<div class=\"tab-content\">\n<div id=\"tab-description\" class=\"tab-pane showprint active\">\n<p>Secador de refrigera\u00e7\u00e3o \/ secador de ar comprimido<\/p>\n<p>Este secador de\u00a0ar\u00a0profissional \u00e9 muito adequado para a secagem de ar comprimido para uso industrial.<br \/>\nHoje em dia, n\u00e3o apenas a produ\u00e7\u00e3o de uma certa quantidade de ar comprimido \u00e9 importante, mas tamb\u00e9m a pureza do ar.\u00a0Os secadores de refrigera\u00e7\u00e3o oferecem a solu\u00e7\u00e3o certa para remover o condensado para maior efici\u00eancia.<br \/>\nAs principais vantagens incluem:<br \/>\n&#8211; uma vida mais longa equipamento, reduzindo o desgaste<br \/>\n&#8211; aumento da produtividade e manuten\u00e7\u00e3o reduzidos custos devido ao menor tempo de inactividade<\/p>\n<p>as especifica\u00e7\u00f5es t\u00e9cnicas:<br \/>\n-. press\u00e3o max = 16 bar<br \/>\n&#8211; Refrigerante = R134A<br \/>\n&#8211; ar capacidade = 60m3 \/ h \/ 1000 l \/ min<br \/>\n&#8211; poder = 190W<br \/>\n&#8211; voltagem = 230V \/ 50Hz<br \/>\n&#8211; Liga\u00e7\u00e3o de ar = 3\/4 &#8221; fio M g\u00e1s \/ DIN<br \/>\n&#8211; acoplamentos de conex\u00e3o = 1\/2 &#8221; fio g\u00e1s M \/ DIN<br \/>\n&#8211; separador de condensado autom\u00e1tica<br \/>\n&#8211; a capacidade de ar especificado \u00e9 conseguida a uma temperatura ambiente de 25 \u00b0 C e uma temperatura de ar de entrada de 35 \u00b0 C<\/p>\n<\/div>\n<\/div>\n<\/div>\n<div class=\"col-sm-6\">\n<div id=\"product-right\">\n<div class=\"btn-group noprint\">\n<table class=\"table spec-table table-bordered\">\n<thead>\n<tr>\n<td colspan=\"2\"><strong>Dimens\u00f5es do produto<\/strong><\/td>\n<\/tr>\n<\/thead>\n<tbody>\n<tr>\n<td>Comprimento do produto (mm)<\/td>\n<td>350,0<\/td>\n<\/tr>\n<tr>\n<td>Largura do produto (mm)<\/td>\n<td>500,0<\/td>\n<\/tr>\n<tr>\n<td>Altura do produto (mm)<\/td>\n<td>450,0<\/td>\n<\/tr>\n<tr>\n<td>Peso do produto (kg)<\/td>\n<td>20,0<\/td>\n<\/tr>\n<\/tbody>\n<thead>\n<tr>\n<td colspan=\"2\"><strong>Dimens\u00f5es de embalagem<\/strong><\/td>\n<\/tr>\n<\/thead>\n<tbody>\n<tr>\n<td>Comprimento da embalagem (mm)<\/td>\n<td>560<\/td>\n<\/tr>\n<tr>\n<td>Largura da embalagem (mm)<\/td>\n<td>380<\/td>\n<\/tr>\n<tr>\n<td>Altura de embalagem (mm)<\/td>\n<td>630<\/td>\n<\/tr>\n<tr>\n<td>Peso embalagem (kg)<\/td>\n<td>25<\/td>\n<\/tr>\n<\/tbody>\n<\/table>\n<\/div>\n<\/div>\n<\/div>\n<p><\/p>","protected":false},"excerpt":{"rendered":"<p>Secador de refrigera\u00e7\u00e3o \/ secador de ar comprimido Este secador de\u00a0ar\u00a0profissional \u00e9 muito adequado para a secagem de ar comprimido para uso industrial. Hoje em dia, n\u00e3o apenas a produ\u00e7\u00e3o de uma certa quantidade de ar comprimido \u00e9 importante, mas tamb\u00e9m a pureza do ar.\u00a0Os secadores de refrigera\u00e7\u00e3o oferecem a solu\u00e7\u00e3o certa para remover o [&hellip;]<\/p>\n","protected":false},"featured_media":21342,"comment_status":"closed","ping_status":"closed","template":"","meta":[],"product_brand":[],"product_cat":[6677],"product_tag":[],"class_list":{"0":"post-21346","1":"product","2":"type-product","3":"status-publish","4":"has-post-thumbnail","6":"product_cat-secadores-de-ar","7":"product_shipping_class-ferramentas-medias","9":"first","10":"onbackorder","11":"taxable","12":"shipping-taxable","13":"purchasable","14":"product-type-simple"},"_links":{"self":[{"href":"https:\/\/occasionmachines.com\/pt\/wp-json\/wp\/v2\/product\/21346","targetHints":{"allow":["GET"]}}],"collection":[{"href":"https:\/\/occasionmachines.com\/pt\/wp-json\/wp\/v2\/product"}],"about":[{"href":"https:\/\/occasionmachines.com\/pt\/wp-json\/wp\/v2\/types\/product"}],"replies":[{"embeddable":true,"href":"https:\/\/occasionmachines.com\/pt\/wp-json\/wp\/v2\/comments?post=21346"}],"wp:featuredmedia":[{"embeddable":true,"href":"https:\/\/occasionmachines.com\/pt\/wp-json\/wp\/v2\/media\/21342"}],"wp:attachment":[{"href":"https:\/\/occasionmachines.com\/pt\/wp-json\/wp\/v2\/media?parent=21346"}],"wp:term":[{"taxonomy":"product_brand","embeddable":true,"href":"https:\/\/occasionmachines.com\/pt\/wp-json\/wp\/v2\/product_brand?post=21346"},{"taxonomy":"product_cat","embeddable":true,"href":"https:\/\/occasionmachines.com\/pt\/wp-json\/wp\/v2\/product_cat?post=21346"},{"taxonomy":"product_tag","embeddable":true,"href":"https:\/\/occasionmachines.com\/pt\/wp-json\/wp\/v2\/product_tag?post=21346"}],"curies":[{"name":"wp","href":"https:\/\/api.w.org\/{rel}","templated":true}]}}