{"id":21350,"date":"2019-03-01T15:03:06","date_gmt":"2019-03-01T15:03:06","guid":{"rendered":"https:\/\/occasionmachines.com\/?post_type=product&#038;p=21350"},"modified":"2025-05-27T10:43:40","modified_gmt":"2025-05-27T09:43:40","slug":"guinchos-eletricos-500-990-kg-230v-90e","status":"publish","type":"product","link":"https:\/\/occasionmachines.com\/pt\/produto\/guinchos-eletricos-500-990-kg-230v-90e\/","title":{"rendered":"Guinchos El\u00e9tricos 500\/990 kg 230V 90E"},"content":{"rendered":"<p>\u00c9 \u200b\u200bideal para todos os tipos de trabalhos de eleva\u00e7\u00e3o em oficinas, garagens e armaz\u00e9ns.\u00a0Com o aux\u00edlio dos suportes, o guincho pode ser facilmente acoplado, por exemplo, a um bra\u00e7o girat\u00f3rio.<\/p>\n<ul>\n<li>capacidade = 500 kg \/ 990 kg<\/li>\n<li>altura de eleva\u00e7\u00e3o = 18m \/ 9m<\/li>\n<li>velocidade de eleva\u00e7\u00e3o = 8mpm \/ 4mpm<\/li>\n<li>comprimento do cabo = 18m<\/li>\n<li>di\u00e2metro do cabo = 5,6 mm<\/li>\n<li>comprimento do cabo de controle = 1,5 m<\/li>\n<li>resist\u00eancia \u00e0 ruptura do cabo = 2500 kg<\/li>\n<li>servi\u00e7o = S3 20% -10min<\/li>\n<li>voltagem = 230V &#8211; 50Hz<\/li>\n<li>Pot\u00eancia do motor = 1600<\/li>\n<\/ul>\n<table class=\"table spec-table table-bordered\">\n<thead>\n<tr>\n<td colspan=\"2\"><strong>Dimens\u00f5es do produto<\/strong><\/td>\n<\/tr>\n<\/thead>\n<tbody>\n<tr>\n<td>Comprimento do produto (mm)<\/td>\n<td>500,0<\/td>\n<\/tr>\n<tr>\n<td>Largura do produto (mm)<\/td>\n<td>210,0<\/td>\n<\/tr>\n<tr>\n<td>Altura do produto (mm)<\/td>\n<td>80,0<\/td>\n<\/tr>\n<tr>\n<td>Peso do produto (kg)<\/td>\n<td>33,0<\/td>\n<\/tr>\n<\/tbody>\n<thead>\n<tr>\n<td colspan=\"2\"><strong>Dimens\u00f5es de embalagem<\/strong><\/td>\n<\/tr>\n<\/thead>\n<tbody>\n<tr>\n<td>Comprimento da embalagem (mm)<\/td>\n<td>550<\/td>\n<\/tr>\n<tr>\n<td>Largura da embalagem (mm)<\/td>\n<td>260<\/td>\n<\/tr>\n<tr>\n<td>Altura de embalagem (mm)<\/td>\n<td>120<\/td>\n<\/tr>\n<tr>\n<td>Peso embalagem (kg)<\/td>\n<td>34<\/td>\n<\/tr>\n<\/tbody>\n<\/table>\n<p>&nbsp;<\/p>","protected":false},"excerpt":{"rendered":"<p>\u00c9 \u200b\u200bideal para todos os tipos de trabalhos de eleva\u00e7\u00e3o em oficinas, garagens e armaz\u00e9ns.\u00a0Com o aux\u00edlio dos suportes, o guincho pode ser facilmente acoplado, por exemplo, a um bra\u00e7o girat\u00f3rio. capacidade = 500 kg \/ 990 kg altura de eleva\u00e7\u00e3o = 18m \/ 9m velocidade de eleva\u00e7\u00e3o = 8mpm \/ 4mpm comprimento do cabo [&hellip;]<\/p>\n","protected":false},"featured_media":21353,"comment_status":"closed","ping_status":"closed","template":"","meta":[],"product_brand":[],"product_cat":[3014],"product_tag":[],"class_list":{"0":"post-21350","1":"product","2":"type-product","3":"status-publish","4":"has-post-thumbnail","6":"product_cat-guinchos-eletricos-de-elevacao","7":"product_shipping_class-ferramentas-medias","9":"first","10":"onbackorder","11":"taxable","12":"shipping-taxable","13":"purchasable","14":"product-type-simple"},"_links":{"self":[{"href":"https:\/\/occasionmachines.com\/pt\/wp-json\/wp\/v2\/product\/21350","targetHints":{"allow":["GET"]}}],"collection":[{"href":"https:\/\/occasionmachines.com\/pt\/wp-json\/wp\/v2\/product"}],"about":[{"href":"https:\/\/occasionmachines.com\/pt\/wp-json\/wp\/v2\/types\/product"}],"replies":[{"embeddable":true,"href":"https:\/\/occasionmachines.com\/pt\/wp-json\/wp\/v2\/comments?post=21350"}],"wp:featuredmedia":[{"embeddable":true,"href":"https:\/\/occasionmachines.com\/pt\/wp-json\/wp\/v2\/media\/21353"}],"wp:attachment":[{"href":"https:\/\/occasionmachines.com\/pt\/wp-json\/wp\/v2\/media?parent=21350"}],"wp:term":[{"taxonomy":"product_brand","embeddable":true,"href":"https:\/\/occasionmachines.com\/pt\/wp-json\/wp\/v2\/product_brand?post=21350"},{"taxonomy":"product_cat","embeddable":true,"href":"https:\/\/occasionmachines.com\/pt\/wp-json\/wp\/v2\/product_cat?post=21350"},{"taxonomy":"product_tag","embeddable":true,"href":"https:\/\/occasionmachines.com\/pt\/wp-json\/wp\/v2\/product_tag?post=21350"}],"curies":[{"name":"wp","href":"https:\/\/api.w.org\/{rel}","templated":true}]}}