{"id":21440,"date":"2019-03-04T15:40:51","date_gmt":"2019-03-04T15:40:51","guid":{"rendered":"https:\/\/occasionmachines.com\/?post_type=product&#038;p=21440"},"modified":"2025-05-27T10:42:42","modified_gmt":"2025-05-27T09:42:42","slug":"mesa-de-elevacao-1he-1000-kg","status":"publish","type":"product","link":"https:\/\/occasionmachines.com\/pt\/produto\/mesa-de-elevacao-1he-1000-kg\/","title":{"rendered":"Mesa de Eleva\u00e7\u00e3o 1HE 1000 kg"},"content":{"rendered":"<p>- = 1,000 kg capacidade<br \/>\n&#8211; min altura de eleva\u00e7\u00e3o = 205 mil\u00edmetros.<br \/>\n&#8211; altura m\u00e1xima de eleva\u00e7\u00e3o = 1.000 mil\u00edmetros.<br \/>\n&#8211; tamanho plataforma = 820 x 1,300 mil\u00edmetro<br \/>\n&#8211; levantamento tempo = 20 ~ 25 seg<br \/>\n&#8211; = corrente 230V \/ 50Hz 1,1kW<\/p>\n<table class=\"table spec-table table-bordered\">\n<thead>\n<tr>\n<td colspan=\"2\"><strong>Dimens\u00f5es do produto<\/strong><\/td>\n<\/tr>\n<\/thead>\n<tbody>\n<tr>\n<td>Peso do produto (kg)<\/td>\n<td>160,0<\/td>\n<\/tr>\n<\/tbody>\n<thead>\n<tr>\n<td colspan=\"2\"><strong>Dimens\u00f5es de embalagem<\/strong><\/td>\n<\/tr>\n<\/thead>\n<tbody>\n<tr>\n<td>Comprimento da embalagem (mm)<\/td>\n<td>1350<\/td>\n<\/tr>\n<tr>\n<td>Largura da embalagem (mm)<\/td>\n<td>900<\/td>\n<\/tr>\n<tr>\n<td>Altura de embalagem (mm)<\/td>\n<td>350<\/td>\n<\/tr>\n<tr>\n<td>Peso embalagem (kg)<\/td>\n<td>160<\/td>\n<\/tr>\n<\/tbody>\n<\/table>\n<p><\/p>","protected":false},"excerpt":{"rendered":"<p>&#8211; = 1,000 kg capacidade &#8211; min altura de eleva\u00e7\u00e3o = 205 mil\u00edmetros. &#8211; altura m\u00e1xima de eleva\u00e7\u00e3o = 1.000 mil\u00edmetros. &#8211; tamanho plataforma = 820 x 1,300 mil\u00edmetro &#8211; levantamento tempo = 20 ~ 25 seg &#8211; = corrente 230V \/ 50Hz 1,1kW Dimens\u00f5es do produto Peso do produto (kg) 160,0 Dimens\u00f5es de embalagem [&hellip;]<\/p>\n","protected":false},"featured_media":67833,"comment_status":"closed","ping_status":"closed","template":"","meta":[],"product_brand":[],"product_cat":[6674],"product_tag":[],"class_list":{"0":"post-21440","1":"product","2":"type-product","3":"status-publish","4":"has-post-thumbnail","6":"product_cat-plataformas","7":"product_shipping_class-maquinas-pequenas","9":"first","10":"onbackorder","11":"taxable","12":"shipping-taxable","13":"purchasable","14":"product-type-simple"},"_links":{"self":[{"href":"https:\/\/occasionmachines.com\/pt\/wp-json\/wp\/v2\/product\/21440","targetHints":{"allow":["GET"]}}],"collection":[{"href":"https:\/\/occasionmachines.com\/pt\/wp-json\/wp\/v2\/product"}],"about":[{"href":"https:\/\/occasionmachines.com\/pt\/wp-json\/wp\/v2\/types\/product"}],"replies":[{"embeddable":true,"href":"https:\/\/occasionmachines.com\/pt\/wp-json\/wp\/v2\/comments?post=21440"}],"wp:featuredmedia":[{"embeddable":true,"href":"https:\/\/occasionmachines.com\/pt\/wp-json\/wp\/v2\/media\/67833"}],"wp:attachment":[{"href":"https:\/\/occasionmachines.com\/pt\/wp-json\/wp\/v2\/media?parent=21440"}],"wp:term":[{"taxonomy":"product_brand","embeddable":true,"href":"https:\/\/occasionmachines.com\/pt\/wp-json\/wp\/v2\/product_brand?post=21440"},{"taxonomy":"product_cat","embeddable":true,"href":"https:\/\/occasionmachines.com\/pt\/wp-json\/wp\/v2\/product_cat?post=21440"},{"taxonomy":"product_tag","embeddable":true,"href":"https:\/\/occasionmachines.com\/pt\/wp-json\/wp\/v2\/product_tag?post=21440"}],"curies":[{"name":"wp","href":"https:\/\/api.w.org\/{rel}","templated":true}]}}