{"id":22626,"date":"2019-05-20T23:28:35","date_gmt":"2019-05-20T22:28:35","guid":{"rendered":"https:\/\/occasionmachines.com\/?post_type=product&#038;p=22626"},"modified":"2025-05-27T10:39:01","modified_gmt":"2025-05-27T09:39:01","slug":"plainas-de-superficie-e-espessura-hob410pro_400v","status":"publish","type":"product","link":"https:\/\/occasionmachines.com\/pt\/produto\/plainas-de-superficie-e-espessura-hob410pro_400v\/","title":{"rendered":"Plaina de Superf\u00edcie e Espessura Holzmann HOB410PRO_400V"},"content":{"rendered":"<p><\/p>\n<div class=\"desc\">\n<ul>\n<li>alta qualidade e acabamento de qualidade<\/li>\n<li>As mesas de vestir dobram-se para tr\u00e1s, por isso n\u00e3o atrapalham o plano de espessura e economizam espa\u00e7o<\/li>\n<li>Mesa de ferro fundido cinzento com superf\u00edcie polida<\/li>\n<li>Parada de curativo profissional est\u00e1vel girando de 90 \u00b0 &#8211; 45 \u00b0<\/li>\n<li>Rolos de mesa com espessura ajust\u00e1vel garantem o melhor transporte da pe\u00e7a de trabalho<\/li>\n<li>Eixo de plaina com 4 facas, montado com precis\u00e3o, com l\u00e2mina de plaina<\/li>\n<li>Mesa grossa com guia da coluna central e guia adicional<\/li>\n<li>rolo de alimenta\u00e7\u00e3o com dentes espirais garante um perfeito transporte da pe\u00e7a de trabalho<\/li>\n<li>orienta\u00e7\u00e3o lateral com economia de espa\u00e7o do impacto profissional<\/li>\n<\/ul>\n<p><strong>Entrega:<\/strong> Strip plaina faca montada, parada profissional pesado, contador<\/p>\n<\/div>\n<div class=\"row groupRow\">\n<div class=\"zusatzInfo\">\n<div class=\"col-sm-6 col-xs-6\">\n<div><strong>Dados T\u00e9cnicos<\/strong><\/div>\n<div><\/div>\n<div class=\"border-bottom-dotted\"><strong>Trem<\/strong><\/div>\n<\/div>\n<\/div>\n<\/div>\n<div class=\"row\">\n<div class=\"zusatzInfo\">\n<div class=\"col-sm-6 col-xs-6\">\n<ul>\n<li class=\"border-bottom-dotted\">Tamanho da mesa de toucador em mm: 1800&#215;410<\/li>\n<li>Vestir max. Aperto em mm: 5<\/li>\n<\/ul>\n<\/div>\n<\/div>\n<\/div>\n<div class=\"row\"><\/div>\n<div class=\"row groupRow\">\n<div class=\"zusatzInfo\">\n<div class=\"col-sm-6 col-xs-6\">\n<div class=\"border-bottom-dotted\"><strong>Dados do motor<\/strong><\/div>\n<\/div>\n<\/div>\n<\/div>\n<div class=\"row\">\n<div class=\"zusatzInfo\">\n<div class=\"col-sm-6 col-xs-6\">\n<ul>\n<li class=\"border-bottom-dotted\">taxa de alimenta\u00e7\u00e3o: 7m \/ min<\/li>\n<li>tens\u00e3o: 400V \/ 50Hz<\/li>\n<li>Pot\u00eancia do motor S6 em W: 5,5kW S6 (40%)<\/li>\n<\/ul>\n<\/div>\n<\/div>\n<\/div>\n<div class=\"row\">\n<div class=\"zusatzInfo\"><\/div>\n<\/div>\n<div class=\"row groupRow\">\n<div class=\"zusatzInfo\">\n<div class=\"col-sm-6 col-xs-6\">\n<div class=\"border-bottom-dotted\"><strong>Dimens\u00f5es gerais<\/strong><\/div>\n<\/div>\n<\/div>\n<\/div>\n<div class=\"row\">\n<div class=\"zusatzInfo\">\n<div class=\"col-sm-6 col-xs-6\">\n<ul>\n<li class=\"border-bottom-dotted\">Conex\u00e3o de suc\u00e7\u00e3o em mm: \u00d8120<\/li>\n<\/ul>\n<\/div>\n<\/div>\n<\/div>\n<div class=\"row groupRow\">\n<div class=\"zusatzInfo\">\n<div class=\"col-sm-6 col-xs-6\">\n<div class=\"border-bottom-dotted\"><strong>Aplainamento<\/strong><\/div>\n<\/div>\n<\/div>\n<\/div>\n<div class=\"row\">\n<div class=\"zusatzInfo\">\n<div class=\"col-sm-6 col-xs-6\">\n<ul>\n<li class=\"border-bottom-dotted\">Tamanho da tabela de espessura em mm: 700&#215;410<\/li>\n<li>Espessura max. Aperto em mm: 4<\/li>\n<li>Altura de passagem em mm: 5-225<\/li>\n<\/ul>\n<\/div>\n<\/div>\n<\/div>\n<div class=\"row\">\n<div class=\"zusatzInfo\"><\/div>\n<\/div>\n<div class=\"row groupRow\">\n<div class=\"zusatzInfo\">\n<div class=\"col-sm-6 col-xs-6\">\n<div class=\"border-bottom-dotted\"><strong>Geral de aplainamento<\/strong><\/div>\n<\/div>\n<\/div>\n<\/div>\n<div class=\"row\">\n<div class=\"zusatzInfo\">\n<div class=\"col-sm-6 col-xs-6\">\n<ul>\n<li class=\"border-bottom-dotted\">Di\u00e2metro do eixo de aplainamento em mm: 98<\/li>\n<li>Velocidade do eixo de aplainamento em min-1: 4700<\/li>\n<li>N\u00famero de facas cortantes: 4<\/li>\n<\/ul>\n<\/div>\n<\/div>\n<\/div>\n<div class=\"row\">\n<div class=\"zusatzInfo\"><\/div>\n<\/div>\n<div class=\"row\"><\/div>\n<div class=\"row groupRow\">\n<div class=\"zusatzInfo\">\n<div class=\"col-sm-6 col-xs-6\">\n<div class=\"border-bottom-dotted\"><strong>Volume e vibra\u00e7\u00f5es:<\/strong><\/div>\n<\/div>\n<\/div>\n<\/div>\n<div class=\"row\">\n<div class=\"zusatzInfo\">\n<div class=\"col-sm-6 col-xs-6\">\n<ul>\n<li class=\"border-bottom-dotted\">N\u00edvel de pot\u00eancia sonora em dB (A): 111<\/li>\n<li>N\u00edvel de press\u00e3o sonora em dB (A): 82<\/li>\n<\/ul>\n<\/div>\n<\/div>\n<\/div>\n<div class=\"row\"><\/div>\n<div class=\"row groupRow\">\n<div class=\"zusatzInfo\">\n<div class=\"col-sm-6 col-xs-6\">\n<div class=\"border-bottom-dotted\"><strong>Peso<\/strong><\/div>\n<\/div>\n<\/div>\n<\/div>\n<div class=\"row\">\n<div class=\"zusatzInfo\">\n<div class=\"col-sm-6 col-xs-6\">\n<ul>\n<li class=\"border-bottom-dotted\">Peso bruto em kg: 570<\/li>\n<li>Peso l\u00edquido em kg: 420<\/li>\n<\/ul>\n<\/div>\n<\/div>\n<\/div>\n<div class=\"row\"><\/div>\n<div class=\"row groupRow\">\n<div class=\"zusatzInfo\">\n<div class=\"col-sm-6 col-xs-6\">\n<div class=\"border-bottom-dotted\"><strong>Dimens\u00f5es da embalagem<\/strong><\/div>\n<\/div>\n<\/div>\n<\/div>\n<div class=\"row\">\n<div class=\"zusatzInfo\">\n<div class=\"col-sm-6 col-xs-6\">\n<ul>\n<li class=\"border-bottom-dotted\">Largura da embalagem em mm: 845<\/li>\n<li>Comprimento da embalagem em mm: 2000<\/li>\n<li>Altura da embalagem em mm: 1100<\/li>\n<\/ul>\n<\/div>\n<\/div>\n<\/div>\n<div class=\"row\">\n<div class=\"zusatzInfo\"><\/div>\n<\/div>\n<div class=\"row\">\n<div class=\"zusatzInfo\"><\/div>\n<\/div>\n<p><\/p>","protected":false},"excerpt":{"rendered":"<p>alta qualidade e acabamento de qualidade As mesas de vestir dobram-se para tr\u00e1s, por isso n\u00e3o atrapalham o plano de espessura e economizam espa\u00e7o Mesa de ferro fundido cinzento com superf\u00edcie polida Parada de curativo profissional est\u00e1vel girando de 90 \u00b0 &#8211; 45 \u00b0 Rolos de mesa com espessura ajust\u00e1vel garantem o melhor transporte da [&hellip;]<\/p>\n","protected":false},"featured_media":22628,"comment_status":"closed","ping_status":"closed","template":"","meta":[],"product_brand":[],"product_cat":[6872],"product_tag":[],"class_list":{"0":"post-22626","1":"product","2":"type-product","3":"status-publish","4":"has-post-thumbnail","6":"product_cat-plainas-de-superficie-e-espessura","7":"product_shipping_class-maquinas-grandes","9":"first","10":"onbackorder","11":"taxable","12":"shipping-taxable","13":"purchasable","14":"product-type-simple"},"_links":{"self":[{"href":"https:\/\/occasionmachines.com\/pt\/wp-json\/wp\/v2\/product\/22626","targetHints":{"allow":["GET"]}}],"collection":[{"href":"https:\/\/occasionmachines.com\/pt\/wp-json\/wp\/v2\/product"}],"about":[{"href":"https:\/\/occasionmachines.com\/pt\/wp-json\/wp\/v2\/types\/product"}],"replies":[{"embeddable":true,"href":"https:\/\/occasionmachines.com\/pt\/wp-json\/wp\/v2\/comments?post=22626"}],"wp:featuredmedia":[{"embeddable":true,"href":"https:\/\/occasionmachines.com\/pt\/wp-json\/wp\/v2\/media\/22628"}],"wp:attachment":[{"href":"https:\/\/occasionmachines.com\/pt\/wp-json\/wp\/v2\/media?parent=22626"}],"wp:term":[{"taxonomy":"product_brand","embeddable":true,"href":"https:\/\/occasionmachines.com\/pt\/wp-json\/wp\/v2\/product_brand?post=22626"},{"taxonomy":"product_cat","embeddable":true,"href":"https:\/\/occasionmachines.com\/pt\/wp-json\/wp\/v2\/product_cat?post=22626"},{"taxonomy":"product_tag","embeddable":true,"href":"https:\/\/occasionmachines.com\/pt\/wp-json\/wp\/v2\/product_tag?post=22626"}],"curies":[{"name":"wp","href":"https:\/\/api.w.org\/{rel}","templated":true}]}}