{"id":22629,"date":"2019-05-20T23:38:58","date_gmt":"2019-05-20T22:38:58","guid":{"rendered":"https:\/\/occasionmachines.com\/?post_type=product&#038;p=22629"},"modified":"2025-05-27T10:38:37","modified_gmt":"2025-05-27T09:38:37","slug":"plainas-de-superficie-e-espessura-hob410n_400v","status":"publish","type":"product","link":"https:\/\/occasionmachines.com\/pt\/produto\/plainas-de-superficie-e-espessura-hob410n_400v\/","title":{"rendered":"Plaina de Superf\u00edcie e Espessura Holzmann HOB410N_400V"},"content":{"rendered":"<p><\/p>\n<ul>\n<li>\u00a0Inclinando a cerca girando<\/li>\n<li>mesas de ferro fundido cinzento lateralmente articuladas<\/li>\n<li>base est\u00e1vel garante alta estabilidade<\/li>\n<li>A alimenta\u00e7\u00e3o pode ser desativada opcionalmente<\/li>\n<li>combina\u00e7\u00e3o confort\u00e1vel de interruptor-tomada<\/li>\n<li>Capa de eje\u00e7\u00e3o de cavaco de chapa de a\u00e7o para dobra de espessura<\/li>\n<li>grandes rolos de admiss\u00e3o e escape dimensionados para uma press\u00e3o de contato ideal<\/li>\n<li>ajuste f\u00e1cil da altura da mesa de espessura com volante<\/li>\n<li>orienta\u00e7\u00e3o precisa da coluna da mesa de espessura atrav\u00e9s de guia dupla (pun\u00e7\u00e3o principal e guia adicional na lateral)<\/li>\n<li>ajuste exato da remo\u00e7\u00e3o de cavacos por volante e balan\u00e7a<\/li>\n<\/ul>\n<p><b>Entrega:<\/b>\u00a0Faixa de aplainamento conjunto de faca (4pcs.), Cerca de vestir<\/p>\n<p><strong>Dados T\u00e9cnicos<\/strong><\/p>\n<div class=\"row groupRow\">\n<div class=\"zusatzInfo\">\n<div class=\"col-sm-6 col-xs-6\">\n<div class=\"border-bottom-dotted\"><strong>Trem<\/strong><\/div>\n<\/div>\n<\/div>\n<\/div>\n<div class=\"row\">\n<div class=\"zusatzInfo\">\n<div class=\"col-sm-6 col-xs-6\">\n<ul>\n<li class=\"border-bottom-dotted\">Tamanho da mesa de toucador em mm: 1600&#215;410<\/li>\n<li>Parada do curativo da faixa girat\u00f3ria: 45 \u00b0 -90 \u00b0<\/li>\n<li>Parada de vestir em mm: 1100&#215;130<\/li>\n<li>Vestir max. Aperto em mm: 5<\/li>\n<\/ul>\n<\/div>\n<\/div>\n<\/div>\n<div class=\"row\">\n<div class=\"zusatzInfo\"><\/div>\n<\/div>\n<div class=\"row groupRow\">\n<div class=\"zusatzInfo\">\n<div class=\"col-sm-6 col-xs-6\">\n<div class=\"border-bottom-dotted\"><strong>Dados do motor<\/strong><\/div>\n<\/div>\n<\/div>\n<\/div>\n<div class=\"row\">\n<div class=\"zusatzInfo\">\n<div class=\"col-sm-6 col-xs-6\">\n<ul>\n<li class=\"border-bottom-dotted\">Pot\u00eancia do motor S1 em W: 3000<\/li>\n<li>Pot\u00eancia do motor S6 em W: 4200<\/li>\n<li>taxa de alimenta\u00e7\u00e3o: 8<\/li>\n<li>tens\u00e3o: 400V<\/li>\n<\/ul>\n<\/div>\n<\/div>\n<\/div>\n<div class=\"row groupRow\">\n<div class=\"zusatzInfo\">\n<div class=\"col-sm-6 col-xs-6\">\n<div class=\"border-bottom-dotted\"><strong>Dimens\u00f5es gerais<\/strong><\/div>\n<\/div>\n<\/div>\n<\/div>\n<div class=\"row\">\n<div class=\"zusatzInfo\">\n<div class=\"col-sm-6 col-xs-6\">\n<ul>\n<li class=\"border-bottom-dotted\">Conex\u00e3o de suc\u00e7\u00e3o em mm: 100<\/li>\n<\/ul>\n<\/div>\n<\/div>\n<\/div>\n<div class=\"row groupRow\">\n<div class=\"zusatzInfo\">\n<div class=\"col-sm-6 col-xs-6\">\n<div class=\"border-bottom-dotted\"><strong>Aplainamento<\/strong><\/div>\n<\/div>\n<\/div>\n<\/div>\n<div class=\"row\">\n<div class=\"zusatzInfo\">\n<div class=\"col-sm-6 col-xs-6\">\n<ul>\n<li class=\"border-bottom-dotted\">Tamanho da tabela de espessura em mm: 750&#215;405<\/li>\n<li>Espessura max. Aperto em mm: 3<\/li>\n<\/ul>\n<\/div>\n<\/div>\n<\/div>\n<div class=\"row\"><\/div>\n<div class=\"row groupRow\">\n<div class=\"zusatzInfo\">\n<div class=\"col-sm-6 col-xs-6\">\n<div class=\"border-bottom-dotted\"><strong>Geral de aplainamento<\/strong><\/div>\n<\/div>\n<\/div>\n<\/div>\n<div class=\"row\">\n<div class=\"zusatzInfo\">\n<div class=\"col-sm-6 col-xs-6\">\n<ul>\n<li class=\"border-bottom-dotted\">Di\u00e2metro do eixo de aplainamento em mm: 95<\/li>\n<li>Velocidade do eixo de aplainamento em min-1: 4500<\/li>\n<li>N\u00famero de facas cortantes: 4<\/li>\n<\/ul>\n<\/div>\n<\/div>\n<\/div>\n<div class=\"row\"><\/div>\n<div class=\"row\"><\/div>\n<div class=\"row groupRow\">\n<div class=\"zusatzInfo\">\n<div class=\"col-sm-6 col-xs-6\">\n<div class=\"border-bottom-dotted\"><strong>Volume e vibra\u00e7\u00f5es:<\/strong><\/div>\n<\/div>\n<\/div>\n<\/div>\n<div class=\"row\">\n<div class=\"zusatzInfo\">\n<div class=\"col-sm-6 col-xs-6\">\n<ul>\n<li class=\"border-bottom-dotted\">Altura da mesa de vestir em mm: 925<\/li>\n<\/ul>\n<\/div>\n<\/div>\n<\/div>\n<div class=\"row groupRow\">\n<div class=\"zusatzInfo\">\n<div class=\"col-sm-6 col-xs-6\">\n<div class=\"border-bottom-dotted\"><strong>Peso<\/strong><\/div>\n<\/div>\n<\/div>\n<\/div>\n<div class=\"row\">\n<div class=\"zusatzInfo\">\n<div class=\"col-sm-6 col-xs-6\">\n<ul>\n<li class=\"border-bottom-dotted\">Peso bruto em kg: 399<\/li>\n<li>Peso l\u00edquido em kg: 343<\/li>\n<\/ul>\n<\/div>\n<\/div>\n<\/div>\n<div class=\"row\"><\/div>\n<div class=\"row groupRow\">\n<div class=\"zusatzInfo\">\n<div class=\"col-sm-6 col-xs-6\">\n<div class=\"border-bottom-dotted\"><strong>Dimens\u00f5es da embalagem<\/strong><\/div>\n<\/div>\n<\/div>\n<\/div>\n<div class=\"row\">\n<div class=\"zusatzInfo\">\n<div class=\"col-sm-6 col-xs-6\">\n<ul>\n<li class=\"border-bottom-dotted\">Comprimento da embalagem em mm: 1680<\/li>\n<li>Largura da embalagem em mm: 770<\/li>\n<li>Altura da embalagem em mm: 1070<\/li>\n<\/ul>\n<\/div>\n<\/div>\n<\/div>\n<div class=\"row\">\n<div class=\"zusatzInfo\"><\/div>\n<\/div>\n<div class=\"row\">\n<div class=\"zusatzInfo\"><\/div>\n<\/div>\n<div class=\"row\">\n<div class=\"zusatzInfo\"><\/div>\n<\/div>\n<p><\/p>","protected":false},"excerpt":{"rendered":"<p>\u00a0Inclinando a cerca girando mesas de ferro fundido cinzento lateralmente articuladas base est\u00e1vel garante alta estabilidade A alimenta\u00e7\u00e3o pode ser desativada opcionalmente combina\u00e7\u00e3o confort\u00e1vel de interruptor-tomada Capa de eje\u00e7\u00e3o de cavaco de chapa de a\u00e7o para dobra de espessura grandes rolos de admiss\u00e3o e escape dimensionados para uma press\u00e3o de contato ideal ajuste f\u00e1cil da [&hellip;]<\/p>\n","protected":false},"featured_media":22631,"comment_status":"closed","ping_status":"closed","template":"","meta":[],"product_brand":[],"product_cat":[6872],"product_tag":[],"class_list":{"0":"post-22629","1":"product","2":"type-product","3":"status-publish","4":"has-post-thumbnail","6":"product_cat-plainas-de-superficie-e-espessura","7":"product_shipping_class-maquinas-grandes","9":"first","10":"onbackorder","11":"taxable","12":"shipping-taxable","13":"purchasable","14":"product-type-simple"},"_links":{"self":[{"href":"https:\/\/occasionmachines.com\/pt\/wp-json\/wp\/v2\/product\/22629","targetHints":{"allow":["GET"]}}],"collection":[{"href":"https:\/\/occasionmachines.com\/pt\/wp-json\/wp\/v2\/product"}],"about":[{"href":"https:\/\/occasionmachines.com\/pt\/wp-json\/wp\/v2\/types\/product"}],"replies":[{"embeddable":true,"href":"https:\/\/occasionmachines.com\/pt\/wp-json\/wp\/v2\/comments?post=22629"}],"wp:featuredmedia":[{"embeddable":true,"href":"https:\/\/occasionmachines.com\/pt\/wp-json\/wp\/v2\/media\/22631"}],"wp:attachment":[{"href":"https:\/\/occasionmachines.com\/pt\/wp-json\/wp\/v2\/media?parent=22629"}],"wp:term":[{"taxonomy":"product_brand","embeddable":true,"href":"https:\/\/occasionmachines.com\/pt\/wp-json\/wp\/v2\/product_brand?post=22629"},{"taxonomy":"product_cat","embeddable":true,"href":"https:\/\/occasionmachines.com\/pt\/wp-json\/wp\/v2\/product_cat?post=22629"},{"taxonomy":"product_tag","embeddable":true,"href":"https:\/\/occasionmachines.com\/pt\/wp-json\/wp\/v2\/product_tag?post=22629"}],"curies":[{"name":"wp","href":"https:\/\/api.w.org\/{rel}","templated":true}]}}