{"id":22655,"date":"2019-05-21T03:40:36","date_gmt":"2019-05-21T02:40:36","guid":{"rendered":"https:\/\/occasionmachines.com\/?post_type=product&#038;p=22655"},"modified":"2025-05-27T10:27:24","modified_gmt":"2025-05-27T09:27:24","slug":"plainas-de-superficie-e-espessura","status":"publish","type":"product","link":"https:\/\/occasionmachines.com\/pt\/produto\/plainas-de-superficie-e-espessura\/","title":{"rendered":"Plaina de Superf\u00edcie e Espessura Holzmann HOB260NL_400V"},"content":{"rendered":"<p><\/p>\n<ul>\n<li>base est\u00e1vel garante alta estabilidade<\/li>\n<li>Inclinando a cerca girando<\/li>\n<li>mesas de ferro fundido cinzento articuladas lado para aplainamento de espessura port\u00e1til<\/li>\n<li>A conex\u00e3o de suc\u00e7\u00e3o permite o trabalho livre de poeira e de cavacos<\/li>\n<li>A alimenta\u00e7\u00e3o pode ser desativada opcionalmente<\/li>\n<\/ul>\n<div class=\"row groupRow\">\n<div class=\"zusatzInfo\">\n<div class=\"col-sm-6 col-xs-6\">\n<div class=\"border-bottom-dotted\"><strong>Trem<\/strong><\/div>\n<\/div>\n<\/div>\n<\/div>\n<div class=\"row\">\n<div class=\"zusatzInfo\">\n<div class=\"col-sm-6 col-xs-6\">\n<ul>\n<li class=\"border-bottom-dotted\">Parada do curativo da faixa girat\u00f3ria: 90 \u00b0 a 45 \u00b0<\/li>\n<li class=\"border-bottom-dotted\">Tamanho da mesa de toucador em mm: 1090&#215;250<\/li>\n<li class=\"border-bottom-dotted\">Parada de vestir em mm: 720&#215;135<\/li>\n<li class=\"border-bottom-dotted\">Vestir max. Aperto em mm: 3<\/li>\n<\/ul>\n<\/div>\n<\/div>\n<\/div>\n<div class=\"row groupRow\">\n<div class=\"zusatzInfo\">\n<div class=\"col-sm-6 col-xs-6\">\n<div class=\"border-bottom-dotted\"><strong>Dados do motor<\/strong><\/div>\n<\/div>\n<\/div>\n<\/div>\n<div class=\"row\">\n<div class=\"zusatzInfo\">\n<div class=\"col-sm-6 col-xs-6\">\n<ul>\n<li class=\"border-bottom-dotted\">Pot\u00eancia do motor S1 em W: 1500<\/li>\n<li class=\"border-bottom-dotted\">Pot\u00eancia do motor S6 em W: 2100<\/li>\n<li class=\"border-bottom-dotted\">taxa de alimenta\u00e7\u00e3o: 8<\/li>\n<li class=\"border-bottom-dotted\">tens\u00e3o: 400V<\/li>\n<\/ul>\n<\/div>\n<\/div>\n<\/div>\n<div class=\"row groupRow\">\n<div class=\"zusatzInfo\">\n<div class=\"col-sm-6 col-xs-6\">\n<div class=\"border-bottom-dotted\"><strong>Dimens\u00f5es gerais<\/strong><\/div>\n<\/div>\n<\/div>\n<\/div>\n<div class=\"row\">\n<div class=\"zusatzInfo\">\n<div class=\"col-sm-6 col-xs-6\">\n<ul>\n<li class=\"border-bottom-dotted\">Conex\u00e3o de suc\u00e7\u00e3o em mm: 100<\/li>\n<li class=\"border-bottom-dotted\">Passo em mm: 1100&#215;420<\/li>\n<\/ul>\n<\/div>\n<\/div>\n<\/div>\n<div class=\"row groupRow\">\n<div class=\"zusatzInfo\">\n<div class=\"col-sm-6 col-xs-6\">\n<div class=\"border-bottom-dotted\"><strong>Dimens\u00f5es da pe\u00e7a<\/strong><\/div>\n<\/div>\n<\/div>\n<\/div>\n<div class=\"row\">\n<div class=\"zusatzInfo\">\n<div class=\"col-sm-6 col-xs-6\">\n<ul>\n<li class=\"border-bottom-dotted\">m\u00e1x. Espessura da pe\u00e7a de trabalho em mm: 185<\/li>\n<\/ul>\n<\/div>\n<\/div>\n<\/div>\n<div class=\"row groupRow\">\n<div class=\"zusatzInfo\">\n<div class=\"col-sm-6 col-xs-6\">\n<div class=\"border-bottom-dotted\"><strong>Aplainamento<\/strong><\/div>\n<\/div>\n<\/div>\n<\/div>\n<div class=\"row\">\n<div class=\"zusatzInfo\">\n<div class=\"col-sm-6 col-xs-6\">\n<ul>\n<li class=\"border-bottom-dotted\">Tamanho da tabela de espessura em mm: 600&#215;185<\/li>\n<li class=\"border-bottom-dotted\">Espessura max. Aperto em mm: 3<\/li>\n<\/ul>\n<\/div>\n<\/div>\n<\/div>\n<div class=\"row groupRow\">\n<div class=\"zusatzInfo\">\n<div class=\"col-sm-6 col-xs-6\">\n<div class=\"border-bottom-dotted\"><strong>Geral de aplainamento<\/strong><\/div>\n<\/div>\n<\/div>\n<\/div>\n<div class=\"row\">\n<div class=\"zusatzInfo\">\n<div class=\"col-sm-6 col-xs-6\">\n<ul>\n<li class=\"border-bottom-dotted\">Di\u00e2metro do eixo de aplainamento em mm: 75<\/li>\n<li class=\"border-bottom-dotted\">Velocidade do eixo de aplainamento em min-1: 4000<\/li>\n<li class=\"border-bottom-dotted\">N\u00famero de facas cortantes: 3<\/li>\n<\/ul>\n<\/div>\n<\/div>\n<\/div>\n<div class=\"row groupRow\">\n<div class=\"zusatzInfo\">\n<div class=\"col-sm-6 col-xs-6\">\n<div class=\"border-bottom-dotted\"><strong>Volume e vibra\u00e7\u00f5es:<\/strong><\/div>\n<\/div>\n<\/div>\n<\/div>\n<div class=\"row\">\n<div class=\"zusatzInfo\">\n<div class=\"col-sm-6 col-xs-6\">\n<ul>\n<li class=\"border-bottom-dotted\">Altura da mesa de vestir em mm: 855<\/li>\n<\/ul>\n<\/div>\n<\/div>\n<\/div>\n<div class=\"row groupRow\">\n<div class=\"zusatzInfo\">\n<div class=\"col-sm-6 col-xs-6\">\n<div class=\"border-bottom-dotted\"><strong>Peso<\/strong><\/div>\n<\/div>\n<\/div>\n<\/div>\n<div class=\"row\">\n<div class=\"zusatzInfo\">\n<div class=\"col-sm-6 col-xs-6\">\n<ul>\n<li class=\"border-bottom-dotted\">Peso bruto em kg: 160<\/li>\n<li class=\"border-bottom-dotted\">Peso l\u00edquido em kg: 150<\/li>\n<\/ul>\n<\/div>\n<\/div>\n<\/div>\n<div class=\"row groupRow\">\n<div class=\"zusatzInfo\">\n<div class=\"col-sm-6 col-xs-6\">\n<div class=\"border-bottom-dotted\"><strong>Dimens\u00f5es da embalagem<\/strong><\/div>\n<\/div>\n<\/div>\n<\/div>\n<div class=\"row\">\n<div class=\"zusatzInfo\">\n<div class=\"col-sm-6 col-xs-6\">\n<ul>\n<li class=\"border-bottom-dotted\">Comprimento da embalagem em mm: 1130<\/li>\n<li class=\"border-bottom-dotted\">Largura da embalagem em mm: 500<\/li>\n<li class=\"border-bottom-dotted\">Altura da embalagem em mm: 740<\/li>\n<\/ul>\n<\/div>\n<\/div>\n<\/div>\n<p><\/p>","protected":false},"excerpt":{"rendered":"<p>base est\u00e1vel garante alta estabilidade Inclinando a cerca girando mesas de ferro fundido cinzento articuladas lado para aplainamento de espessura port\u00e1til A conex\u00e3o de suc\u00e7\u00e3o permite o trabalho livre de poeira e de cavacos A alimenta\u00e7\u00e3o pode ser desativada opcionalmente Trem Parada do curativo da faixa girat\u00f3ria: 90 \u00b0 a 45 \u00b0 Tamanho da mesa [&hellip;]<\/p>\n","protected":false},"featured_media":22657,"comment_status":"closed","ping_status":"closed","template":"","meta":[],"product_brand":[],"product_cat":[6872],"product_tag":[],"class_list":{"0":"post-22655","1":"product","2":"type-product","3":"status-publish","4":"has-post-thumbnail","6":"product_cat-plainas-de-superficie-e-espessura","7":"product_shipping_class-maquinas-pequenas","9":"first","10":"onbackorder","11":"taxable","12":"shipping-taxable","13":"purchasable","14":"product-type-simple"},"_links":{"self":[{"href":"https:\/\/occasionmachines.com\/pt\/wp-json\/wp\/v2\/product\/22655","targetHints":{"allow":["GET"]}}],"collection":[{"href":"https:\/\/occasionmachines.com\/pt\/wp-json\/wp\/v2\/product"}],"about":[{"href":"https:\/\/occasionmachines.com\/pt\/wp-json\/wp\/v2\/types\/product"}],"replies":[{"embeddable":true,"href":"https:\/\/occasionmachines.com\/pt\/wp-json\/wp\/v2\/comments?post=22655"}],"wp:featuredmedia":[{"embeddable":true,"href":"https:\/\/occasionmachines.com\/pt\/wp-json\/wp\/v2\/media\/22657"}],"wp:attachment":[{"href":"https:\/\/occasionmachines.com\/pt\/wp-json\/wp\/v2\/media?parent=22655"}],"wp:term":[{"taxonomy":"product_brand","embeddable":true,"href":"https:\/\/occasionmachines.com\/pt\/wp-json\/wp\/v2\/product_brand?post=22655"},{"taxonomy":"product_cat","embeddable":true,"href":"https:\/\/occasionmachines.com\/pt\/wp-json\/wp\/v2\/product_cat?post=22655"},{"taxonomy":"product_tag","embeddable":true,"href":"https:\/\/occasionmachines.com\/pt\/wp-json\/wp\/v2\/product_tag?post=22655"}],"curies":[{"name":"wp","href":"https:\/\/api.w.org\/{rel}","templated":true}]}}