{"id":22659,"date":"2019-05-21T03:51:31","date_gmt":"2019-05-21T02:51:31","guid":{"rendered":"https:\/\/occasionmachines.com\/?post_type=product&#038;p=22659"},"modified":"2025-05-27T10:27:05","modified_gmt":"2025-05-27T09:27:05","slug":"plainas-de-superficie-e-espessura-hob260eco_400v","status":"publish","type":"product","link":"https:\/\/occasionmachines.com\/pt\/produto\/plainas-de-superficie-e-espessura-hob260eco_400v\/","title":{"rendered":"Plaina de Superf\u00edcie e Espessura Holzmann HOB260ECO_400V"},"content":{"rendered":"<p><\/p>\n<ul>\n<li>base est\u00e1vel garante alta estabilidade<\/li>\n<li>Inclinando a cerca girando<\/li>\n<li>Mesas de ferro fundido cinza com dobradi\u00e7as laterais para aplainamento de espessura confort\u00e1vel<\/li>\n<li>A conex\u00e3o de suc\u00e7\u00e3o permite o trabalho livre de poeira e de cavacos<\/li>\n<li>Alimenta\u00e7\u00e3o pode ser desligado opcionalmente<\/li>\n<\/ul>\n<p><strong>Entrega:<\/strong> strip plainer faca 3pcs. (250x30x3mm), batente de curativos, ferramenta de opera\u00e7\u00e3o, tampa do eixo.<\/p>\n<p><strong>Detalhes T\u00e9cnicos<\/strong><\/p>\n<div class=\"row groupRow\">\n<div class=\"zusatzInfo\">\n<div class=\"col-sm-6 col-xs-6\">\n<div class=\"border-bottom-dotted\"><strong>Trem:<\/strong><\/div>\n<\/div>\n<\/div>\n<\/div>\n<div class=\"row\">\n<div class=\"zusatzInfo\">\n<div class=\"col-sm-6 col-xs-6\">\n<ul>\n<li class=\"border-bottom-dotted\">Vestir max. Aperto em mm: 3<\/li>\n<li class=\"border-bottom-dotted\">Parada de vestir em mm: 700&#215;130<\/li>\n<li class=\"border-bottom-dotted\">Parada do curativo da faixa girat\u00f3ria: 90-45 \u00b0<\/li>\n<li class=\"border-bottom-dotted\">Tamanho da mesa de toucador em mm: 1085&#215;256<\/li>\n<\/ul>\n<\/div>\n<\/div>\n<\/div>\n<div class=\"row\">\n<div class=\"zusatzInfo\">\n<div class=\"clearfix\"><\/div>\n<\/div>\n<\/div>\n<div class=\"row groupRow\">\n<div class=\"zusatzInfo\">\n<div class=\"col-sm-6 col-xs-6\">\n<div class=\"border-bottom-dotted\"><strong>Dados do motor<\/strong><\/div>\n<\/div>\n<\/div>\n<\/div>\n<div class=\"row\">\n<div class=\"zusatzInfo\">\n<div class=\"col-sm-6 col-xs-6\">\n<ul>\n<li class=\"border-bottom-dotted\">Pot\u00eancia do motor S1 em W: 1500<\/li>\n<li>Pot\u00eancia do motor S6 em W: 2100<\/li>\n<li>taxa de alimenta\u00e7\u00e3o: 5.5<\/li>\n<li>\n<div class=\"row\">\n<div class=\"zusatzInfo\">\n<div class=\"border-bottom-dotted\">tens\u00e3o: 400V \/ 3 \/ 50Hz<\/div>\n<\/div>\n<\/div>\n<\/li>\n<\/ul>\n<\/div>\n<\/div>\n<\/div>\n<div class=\"row groupRow\">\n<div class=\"zusatzInfo\">\n<div class=\"col-sm-6 col-xs-6\">\n<div class=\"border-bottom-dotted\"><strong>Dimens\u00f5es gerais<\/strong><\/div>\n<\/div>\n<\/div>\n<\/div>\n<div class=\"row\">\n<div class=\"zusatzInfo\">\n<div class=\"col-sm-6 col-xs-6\">\n<ul>\n<li>Passo em mm: 1084x472x1050<\/li>\n<li>Altura da mesa em mm: 850<\/li>\n<li>Conex\u00e3o de suc\u00e7\u00e3o em mm: 100<\/li>\n<\/ul>\n<\/div>\n<\/div>\n<\/div>\n<div class=\"row groupRow\">\n<div class=\"zusatzInfo\">\n<div class=\"col-sm-6 col-xs-6\"><\/div>\n<\/div>\n<\/div>\n<div class=\"row\">\n<div class=\"zusatzInfo\">\n<div class=\"col-sm-6 col-xs-6\"><\/div>\n<\/div>\n<\/div>\n<div class=\"row groupRow\">\n<div class=\"zusatzInfo\">\n<div class=\"col-sm-6 col-xs-6\">\n<div class=\"border-bottom-dotted\"><strong>Aplainamento<\/strong><\/div>\n<\/div>\n<\/div>\n<\/div>\n<div class=\"row\">\n<div class=\"zusatzInfo\">\n<div class=\"col-sm-6 col-xs-6\">\n<ul>\n<li class=\"border-bottom-dotted\">Tamanho da tabela de espessura em mm: 245&#215;590<\/li>\n<li>Espessura max. Aperto em mm: 2<\/li>\n<\/ul>\n<\/div>\n<\/div>\n<\/div>\n<div class=\"row groupRow\">\n<div class=\"zusatzInfo\">\n<div class=\"col-sm-6 col-xs-6\">\n<div class=\"border-bottom-dotted\"><strong>Geral de aplainamento<\/strong><\/div>\n<\/div>\n<\/div>\n<\/div>\n<div class=\"row\">\n<div class=\"zusatzInfo\">\n<div class=\"col-sm-6 col-xs-6\">\n<ul>\n<li class=\"border-bottom-dotted\">Di\u00e2metro do eixo de aplainamento em mm: 75<\/li>\n<li>Velocidade do eixo de aplainamento em min-1: 4000<\/li>\n<li>N\u00famero de facas cortantes: 3<\/li>\n<\/ul>\n<\/div>\n<\/div>\n<\/div>\n<div class=\"row\">\n<div class=\"zusatzInfo\">\n<div class=\"col-sm-6 col-xs-6\">\n<div class=\"border-bottom-dotted\"><strong>Volume e vibra\u00e7\u00f5es:<\/strong><\/div>\n<\/div>\n<\/div>\n<\/div>\n<div class=\"row\">\n<div class=\"zusatzInfo\">\n<div class=\"col-sm-6 col-xs-6\">\n<ul>\n<li class=\"border-bottom-dotted\">N\u00edvel de pot\u00eancia sonora em dB (A): 93<\/li>\n<\/ul>\n<\/div>\n<\/div>\n<\/div>\n<div class=\"row groupRow\">\n<div class=\"zusatzInfo\">\n<div class=\"col-sm-6 col-xs-6\">\n<div class=\"border-bottom-dotted\"><strong>Peso<\/strong><\/div>\n<\/div>\n<\/div>\n<\/div>\n<div class=\"row\">\n<div class=\"zusatzInfo\">\n<div class=\"col-sm-6 col-xs-6\">\n<ul>\n<li class=\"border-bottom-dotted\">Peso l\u00edquido em kg: 140<\/li>\n<li>Peso bruto em kg: 165<\/li>\n<\/ul>\n<\/div>\n<\/div>\n<\/div>\n<div class=\"row groupRow\">\n<div class=\"zusatzInfo\">\n<div class=\"col-sm-6 col-xs-6\">\n<div class=\"border-bottom-dotted\"><strong>Dimens\u00f5es da embalagem<\/strong><\/div>\n<\/div>\n<\/div>\n<\/div>\n<div class=\"row\">\n<div class=\"zusatzInfo\">\n<div class=\"col-sm-6 col-xs-6\">\n<ul>\n<li class=\"border-bottom-dotted\">Altura da embalagem em mm: 750<\/li>\n<li>Largura da embalagem em mm: 490<\/li>\n<li>Comprimento da embalagem em mm: 1150<\/li>\n<\/ul>\n<p>&nbsp;<\/p>\n<\/div>\n<\/div>\n<\/div>\n<div class=\"row\">\n<div class=\"zusatzInfo\">https:\/\/www.youtube.com\/watch?v=tJP7i3ao1aY<\/div>\n<\/div>\n<p><\/p>","protected":false},"excerpt":{"rendered":"<p>base est\u00e1vel garante alta estabilidade Inclinando a cerca girando Mesas de ferro fundido cinza com dobradi\u00e7as laterais para aplainamento de espessura confort\u00e1vel A conex\u00e3o de suc\u00e7\u00e3o permite o trabalho livre de poeira e de cavacos Alimenta\u00e7\u00e3o pode ser desligado opcionalmente Entrega: strip plainer faca 3pcs. (250x30x3mm), batente de curativos, ferramenta de opera\u00e7\u00e3o, tampa do eixo. [&hellip;]<\/p>\n","protected":false},"featured_media":22618,"comment_status":"closed","ping_status":"closed","template":"","meta":[],"product_brand":[],"product_cat":[6872],"product_tag":[],"class_list":{"0":"post-22659","1":"product","2":"type-product","3":"status-publish","4":"has-post-thumbnail","6":"product_cat-plainas-de-superficie-e-espessura","7":"product_shipping_class-maquinas-pequenas","9":"first","10":"onbackorder","11":"taxable","12":"shipping-taxable","13":"purchasable","14":"product-type-simple"},"_links":{"self":[{"href":"https:\/\/occasionmachines.com\/pt\/wp-json\/wp\/v2\/product\/22659","targetHints":{"allow":["GET"]}}],"collection":[{"href":"https:\/\/occasionmachines.com\/pt\/wp-json\/wp\/v2\/product"}],"about":[{"href":"https:\/\/occasionmachines.com\/pt\/wp-json\/wp\/v2\/types\/product"}],"replies":[{"embeddable":true,"href":"https:\/\/occasionmachines.com\/pt\/wp-json\/wp\/v2\/comments?post=22659"}],"wp:featuredmedia":[{"embeddable":true,"href":"https:\/\/occasionmachines.com\/pt\/wp-json\/wp\/v2\/media\/22618"}],"wp:attachment":[{"href":"https:\/\/occasionmachines.com\/pt\/wp-json\/wp\/v2\/media?parent=22659"}],"wp:term":[{"taxonomy":"product_brand","embeddable":true,"href":"https:\/\/occasionmachines.com\/pt\/wp-json\/wp\/v2\/product_brand?post=22659"},{"taxonomy":"product_cat","embeddable":true,"href":"https:\/\/occasionmachines.com\/pt\/wp-json\/wp\/v2\/product_cat?post=22659"},{"taxonomy":"product_tag","embeddable":true,"href":"https:\/\/occasionmachines.com\/pt\/wp-json\/wp\/v2\/product_tag?post=22659"}],"curies":[{"name":"wp","href":"https:\/\/api.w.org\/{rel}","templated":true}]}}