{"id":22662,"date":"2019-05-21T04:00:25","date_gmt":"2019-05-21T03:00:25","guid":{"rendered":"https:\/\/occasionmachines.com\/?post_type=product&#038;p=22662"},"modified":"2025-05-27T10:26:39","modified_gmt":"2025-05-27T09:26:39","slug":"plainas-de-superficie-e-espessura-hob260abs_230v","status":"publish","type":"product","link":"https:\/\/occasionmachines.com\/pt\/produto\/plainas-de-superficie-e-espessura-hob260abs_230v\/","title":{"rendered":"Plaina de Superf\u00edcie e Espessura Holzmann HOB260ABS_230V"},"content":{"rendered":"<p><\/p>\n<ul>\n<li>M\u00e1quina combinada com suc\u00e7\u00e3o integrada<\/li>\n<li>Modifica\u00e7\u00e3o na fun\u00e7\u00e3o de espessura com penteadeira inclin\u00e1vel<\/li>\n<li>L\u00e1bios nas penteadeiras para redu\u00e7\u00e3o de ru\u00eddo<\/li>\n<li>Absaugsack para f\u00e1cil mudan\u00e7a externamente para a m\u00e1quina<\/li>\n<li>Penteadeira de alum\u00ednio fundido<\/li>\n<li>Subestrutura inclu\u00edda na entrega<\/li>\n<li>batente de alum\u00ednio girat\u00f3rio<\/li>\n<li>Alimenta\u00e7\u00e3o comut\u00e1vel<\/li>\n<\/ul>\n<p><strong>Na Entrega:<\/strong>\u00a0extra\u00e7\u00e3o integrada, base, l\u00e2mina de plaina montada, saco de p\u00f3<\/p>\n<p><strong>Dados T\u00e9cnicos<\/strong><\/p>\n<p><strong><b>Trem<\/b><\/strong><\/p>\n<ul>\n<li>Tamanho da mesa de toucador em mm: 1050&#215;260<\/li>\n<li>Parada do curativo da faixa girat\u00f3ria: 90 \u00b0 a 45 \u00b0<\/li>\n<li>Parada de vestir em mm: 610&#215;110<\/li>\n<li>Vestir max.\u00a0Aperto em mm: 3<\/li>\n<\/ul>\n<p><strong><b>Dados do motor<\/b><\/strong><\/p>\n<ul>\n<li>Pot\u00eancia do motor S1 em W: 1500<\/li>\n<li>Pot\u00eancia do motor S6 em W: 2100<\/li>\n<li>taxa de alimenta\u00e7\u00e3o: 8<\/li>\n<li>Tens\u00e3o: 230V<\/li>\n<\/ul>\n<p><strong><b>Dimens\u00f5es gerais<\/b><\/strong><\/p>\n<ul>\n<li>Conex\u00e3o de suc\u00e7\u00e3o em mm: 80<\/li>\n<li>Passo em mm: 1100x500x900<\/li>\n<\/ul>\n<p><strong><b>dimens\u00f5es da pe\u00e7a<\/b><\/strong><\/p>\n<ul>\n<li>m\u00e1x.\u00a0Espessura da pe\u00e7a de trabalho em mm: 160<\/li>\n<\/ul>\n<p><strong><b>aplainamento<\/b><\/strong><\/p>\n<ul>\n<li>Espessura max.\u00a0Aperto em mm: 2<\/li>\n<li>Tamanho da tabela de espessura em mm: 480&#215;254<\/li>\n<\/ul>\n<p><strong><b>Geral de aplainamento<\/b><\/strong><\/p>\n<ul>\n<li>Di\u00e2metro do eixo de aplainamento em mm: 55<\/li>\n<li>Velocidade do eixo de aplainamento em min-1: 6700<\/li>\n<li>N\u00famero de facas cortantes: 2<\/li>\n<\/ul>\n<p><strong><b>Extra\u00e7\u00e3o<\/b><\/strong><\/p>\n<ul>\n<li>Capacidade de extra\u00e7\u00e3o em m\u00b3 \/ h: 270<\/li>\n<\/ul>\n<p><strong><b>Volume e vibra\u00e7\u00f5es:<\/b><\/strong><\/p>\n<ul>\n<li>Altura da mesa de vestir em mm: 890<\/li>\n<\/ul>\n<p><strong><b>Peso<\/b><\/strong><\/p>\n<ul>\n<li>Peso bruto em kg: 91<\/li>\n<li>Peso l\u00edquido em kg: 81<\/li>\n<\/ul>\n<p><strong><b>Dimens\u00f5es da embalagem<\/b><\/strong><\/p>\n<ul>\n<li>Comprimento da embalagem em mm: 1160\n<div class=\"zusatzInfo\"><\/div>\n<\/li>\n<li>Largura da embalagem em mm: 590<\/li>\n<li>Altura da embalagem em mm: 600<\/li>\n<\/ul>\n<p><\/p>","protected":false},"excerpt":{"rendered":"<p>M\u00e1quina combinada com suc\u00e7\u00e3o integrada Modifica\u00e7\u00e3o na fun\u00e7\u00e3o de espessura com penteadeira inclin\u00e1vel L\u00e1bios nas penteadeiras para redu\u00e7\u00e3o de ru\u00eddo Absaugsack para f\u00e1cil mudan\u00e7a externamente para a m\u00e1quina Penteadeira de alum\u00ednio fundido Subestrutura inclu\u00edda na entrega batente de alum\u00ednio girat\u00f3rio Alimenta\u00e7\u00e3o comut\u00e1vel Na Entrega:\u00a0extra\u00e7\u00e3o integrada, base, l\u00e2mina de plaina montada, saco de p\u00f3 Dados T\u00e9cnicos [&hellip;]<\/p>\n","protected":false},"featured_media":22661,"comment_status":"closed","ping_status":"closed","template":"","meta":[],"product_brand":[],"product_cat":[6872],"product_tag":[],"class_list":{"0":"post-22662","1":"product","2":"type-product","3":"status-publish","4":"has-post-thumbnail","6":"product_cat-plainas-de-superficie-e-espessura","7":"product_shipping_class-maquinas-pequenas","9":"first","10":"onbackorder","11":"taxable","12":"shipping-taxable","13":"purchasable","14":"product-type-simple"},"_links":{"self":[{"href":"https:\/\/occasionmachines.com\/pt\/wp-json\/wp\/v2\/product\/22662","targetHints":{"allow":["GET"]}}],"collection":[{"href":"https:\/\/occasionmachines.com\/pt\/wp-json\/wp\/v2\/product"}],"about":[{"href":"https:\/\/occasionmachines.com\/pt\/wp-json\/wp\/v2\/types\/product"}],"replies":[{"embeddable":true,"href":"https:\/\/occasionmachines.com\/pt\/wp-json\/wp\/v2\/comments?post=22662"}],"wp:featuredmedia":[{"embeddable":true,"href":"https:\/\/occasionmachines.com\/pt\/wp-json\/wp\/v2\/media\/22661"}],"wp:attachment":[{"href":"https:\/\/occasionmachines.com\/pt\/wp-json\/wp\/v2\/media?parent=22662"}],"wp:term":[{"taxonomy":"product_brand","embeddable":true,"href":"https:\/\/occasionmachines.com\/pt\/wp-json\/wp\/v2\/product_brand?post=22662"},{"taxonomy":"product_cat","embeddable":true,"href":"https:\/\/occasionmachines.com\/pt\/wp-json\/wp\/v2\/product_cat?post=22662"},{"taxonomy":"product_tag","embeddable":true,"href":"https:\/\/occasionmachines.com\/pt\/wp-json\/wp\/v2\/product_tag?post=22662"}],"curies":[{"name":"wp","href":"https:\/\/api.w.org\/{rel}","templated":true}]}}