{"id":22739,"date":"2019-05-22T23:36:10","date_gmt":"2019-05-22T22:36:10","guid":{"rendered":"https:\/\/occasionmachines.com\/?post_type=product&#038;p=22739"},"modified":"2025-05-27T10:24:47","modified_gmt":"2025-05-27T09:24:47","slug":"fresadora-para-madeira-fs160l_400v","status":"publish","type":"product","link":"https:\/\/occasionmachines.com\/pt\/produto\/fresadora-para-madeira-fs160l_400v\/","title":{"rendered":"Fresadora para Madeira Holzmann FS160L_400V"},"content":{"rendered":"<p><\/p>\n<ul>\n<li>Mesa fresadora com mesa em ferro fundido cinzento maci\u00e7o, sem tor\u00e7\u00e3o e mesa deslizante em formato de alum\u00ednio (1000x215mm)<\/li>\n<li>Fuso extra padr\u00e3o com recipiente para fresa de topo<\/li>\n<li>Ambos os lados podem ser girados at\u00e9 a parada de 60 \u00b0, incluindo parada de<\/li>\n<li>Downholder para mitra e crosscutters<\/li>\n<li>muitas aplica\u00e7\u00f5es apesar do design compacto e da pequena pegada<\/li>\n<li>eixo de fresagem dinamicamente balanceado para execu\u00e7\u00e3o precisa<\/li>\n<li>Trabalho seguro gra\u00e7as \u00e0 prote\u00e7\u00e3o padr\u00e3o de fresagem para CE, equipado com trilho de guia ajust\u00e1vel em altura, para-choque e interruptor de seguran\u00e7a e<\/li>\n<li>paragem de emerg\u00eancia<\/li>\n<li>Fuso substitu\u00edvel com mandril de colar (\u00d8 12mm), cerca de esquadria, grampo, ferramenta de fixa\u00e7\u00e3o<\/li>\n<\/ul>\n<p><strong>Na Entrega:<\/strong>\u00a0capa de corte de fresagem, cerca de esquadria, eixo remov\u00edvel<\/p>\n<h3><strong><b>Detalhes t\u00e9cnicos<\/b><\/strong><\/h3>\n<p><strong><b>Dados do motor<\/b><\/strong><\/p>\n<ul>\n<li>Pot\u00eancia do motor S1 em W: 1500<\/li>\n<li>Pot\u00eancia do motor S6 em W: 2100<\/li>\n<li>Tens\u00e3o: 400V<\/li>\n<\/ul>\n<p><strong><b>Dimens\u00f5es gerais<\/b><\/strong><\/p>\n<ul>\n<li>Formato de mesa deslizante em mm: 1000&#215;220<\/li>\n<li>Conex\u00e3o de suc\u00e7\u00e3o em mm: 100<\/li>\n<li>Altura da mesa em mm: 850<\/li>\n<li>Tamanho da tabela em mm: 600&#215;400<\/li>\n<\/ul>\n<p><strong><b>Fresagem e Perfura\u00e7\u00e3o<\/b><\/strong><\/p>\n<ul>\n<li>m\u00e1x.\u00a0Altura de fixa\u00e7\u00e3o em mm: 105<\/li>\n<li>m\u00e1x.\u00a0Di\u00e2metro da ferramenta retr\u00e1til em mm: 150<\/li>\n<li>Curso do eixo em mm: 110<\/li>\n<li>Velocidade do fuso de fric\u00e7\u00e3o em min-1: 1400\/4000\/6000\/9000<\/li>\n<li>Di\u00e2metro do eixo de fresagem em mm: 30<\/li>\n<li>Abertura da mesa em mm: 170<\/li>\n<li>Parada de fresagem em mm: 350&#215;125<\/li>\n<li>m\u00e1x.\u00a0Di\u00e2metro da ferramenta acima da tabela em mm: 170<\/li>\n<\/ul>\n<p><strong><b>Peso<\/b><\/strong><\/p>\n<ul>\n<li>Peso bruto em kg: 114<\/li>\n<li>Peso l\u00edquido em kg: 108<\/li>\n<\/ul>\n<p><strong><b>Dimens\u00f5es da embalagem<\/b><\/strong><\/p>\n<ul>\n<li>Comprimento da embalagem em mm: 650<\/li>\n<li>Largura da embalagem em mm: 630<\/li>\n<li>Altura da embalagem em mm: 530<\/li>\n<\/ul>\n<p>&nbsp;<\/p>","protected":false},"excerpt":{"rendered":"<p><a href=\"https:\/\/www.holzmann-maschinen.at\/3Dview\/holzmann\/FS160SOLID_400V\/output\/FS160SOLID_400V.html\" target=\"_blank\" rel=\"noopener\"><img loading=\"lazy\" decoding=\"async\" class=\"alignnone wp-image-49334 size-thumbnail\" src=\"https:\/\/occasionmachines.com\/wp-content\/uploads\/2019\/06\/3d_rotation-74x74.png\" alt=\"\" width=\"74\" height=\"74\" srcset=\"https:\/\/occasionmachines.com\/wp-content\/uploads\/2019\/06\/3d_rotation-74x74.png 74w, https:\/\/occasionmachines.com\/wp-content\/uploads\/2019\/06\/3d_rotation-100x100.png 100w, https:\/\/occasionmachines.com\/wp-content\/uploads\/2019\/06\/3d_rotation.png 300w\" sizes=\"auto, (max-width: 74px) 100vw, 74px\" \/><\/a><\/p>\n","protected":false},"featured_media":22738,"comment_status":"closed","ping_status":"closed","template":"","meta":[],"product_brand":[],"product_cat":[6875],"product_tag":[],"class_list":{"0":"post-22739","1":"product","2":"type-product","3":"status-publish","4":"has-post-thumbnail","6":"product_cat-fresadoras-para-madeira","7":"product_shipping_class-maquinas-pequenas","9":"first","10":"onbackorder","11":"taxable","12":"shipping-taxable","13":"purchasable","14":"product-type-simple"},"_links":{"self":[{"href":"https:\/\/occasionmachines.com\/pt\/wp-json\/wp\/v2\/product\/22739","targetHints":{"allow":["GET"]}}],"collection":[{"href":"https:\/\/occasionmachines.com\/pt\/wp-json\/wp\/v2\/product"}],"about":[{"href":"https:\/\/occasionmachines.com\/pt\/wp-json\/wp\/v2\/types\/product"}],"replies":[{"embeddable":true,"href":"https:\/\/occasionmachines.com\/pt\/wp-json\/wp\/v2\/comments?post=22739"}],"wp:featuredmedia":[{"embeddable":true,"href":"https:\/\/occasionmachines.com\/pt\/wp-json\/wp\/v2\/media\/22738"}],"wp:attachment":[{"href":"https:\/\/occasionmachines.com\/pt\/wp-json\/wp\/v2\/media?parent=22739"}],"wp:term":[{"taxonomy":"product_brand","embeddable":true,"href":"https:\/\/occasionmachines.com\/pt\/wp-json\/wp\/v2\/product_brand?post=22739"},{"taxonomy":"product_cat","embeddable":true,"href":"https:\/\/occasionmachines.com\/pt\/wp-json\/wp\/v2\/product_cat?post=22739"},{"taxonomy":"product_tag","embeddable":true,"href":"https:\/\/occasionmachines.com\/pt\/wp-json\/wp\/v2\/product_tag?post=22739"}],"curies":[{"name":"wp","href":"https:\/\/api.w.org\/{rel}","templated":true}]}}