{"id":22740,"date":"2019-05-22T23:39:33","date_gmt":"2019-05-22T22:39:33","guid":{"rendered":"https:\/\/occasionmachines.com\/?post_type=product&#038;p=22740"},"modified":"2025-05-27T10:24:36","modified_gmt":"2025-05-27T09:24:36","slug":"fresadora-para-madeira-bbm35pneu_230v","status":"publish","type":"product","link":"https:\/\/occasionmachines.com\/pt\/produto\/fresadora-para-madeira-bbm35pneu_230v\/","title":{"rendered":"Fresadora para Madeira Holzmann BBM35PNEU_230V"},"content":{"rendered":"<p><\/p>\n<ul>\n<li>nossa m\u00e1quina de perfura\u00e7\u00e3o de hardware tem uma alimenta\u00e7\u00e3o pneum\u00e1tica<\/li>\n<li>Padr\u00e3o de perfura\u00e7\u00e3o Blum, convers\u00e3o para o padr\u00e3o Hettich Drilling com cabe\u00e7a Hettich opcional.<\/li>\n<li>Ideal para artes\u00e3os de passatempo ambiciosos e pequenas empresas<\/li>\n<li>Cortador de dobradi\u00e7a de 35 mm<\/li>\n<li>Brocas laterais de di\u00e2metro 2 mm<\/li>\n<\/ul>\n<h3><strong><b>Detalhes t\u00e9cnicos<\/b><\/strong><\/h3>\n<p>&nbsp;<\/p>\n<p><strong><b>Dados do motor<\/b><\/strong><\/p>\n<ul>\n<li>Pot\u00eancia do motor S1 em W: 750<\/li>\n<li>Tens\u00e3o: 230V 50Hz<\/li>\n<li>Velocidade em min-1: 2800<\/li>\n<\/ul>\n<p><strong><b>Dimens\u00f5es gerais<\/b><\/strong><\/p>\n<ul>\n<li>Tamanho da tabela em mm: 500&#215;350<\/li>\n<\/ul>\n<p><strong><b>Dimens\u00f5es da pe\u00e7a<\/b><\/strong><\/p>\n<ul>\n<li>minuto\u00a0Comprimento da pe\u00e7a de trabalho em mm: 180<\/li>\n<\/ul>\n<p><strong><b>Fresagem e Perfura\u00e7\u00e3o<\/b><\/strong><\/p>\n<ul>\n<li>m\u00e1x.\u00a0Dist\u00e2ncia da mesa do fuso em mm: 80<\/li>\n<\/ul>\n<p><strong><b>Madeira de perfura\u00e7\u00e3o<\/b><\/strong><\/p>\n<ul>\n<li>m\u00e1x.\u00a0Profundidade de perfura\u00e7\u00e3o em mm: 20<\/li>\n<\/ul>\n<p><strong><b>Peso<\/b><\/strong><\/p>\n<ul>\n<li>Peso bruto em kg: 28<\/li>\n<li>Peso l\u00edquido em kg: 26<\/li>\n<\/ul>\n<p><strong><b>Dimens\u00f5es da embalagem<\/b><\/strong><\/p>\n<ul>\n<li>Largura da embalagem em mm: 0550<\/li>\n<li>Comprimento da embalagem em mm: 0550<\/li>\n<li>Altura da embalagem em mm: 0550<\/li>\n<\/ul>\n<p>&nbsp;<\/p>\n<p>&nbsp;<\/p>","protected":false},"excerpt":{"rendered":"<p>nossa m\u00e1quina de perfura\u00e7\u00e3o de hardware tem uma alimenta\u00e7\u00e3o pneum\u00e1tica Padr\u00e3o de perfura\u00e7\u00e3o Blum, convers\u00e3o para o padr\u00e3o Hettich Drilling com cabe\u00e7a Hettich opcional. Ideal para artes\u00e3os de passatempo ambiciosos e pequenas empresas Cortador de dobradi\u00e7a de 35 mm Brocas laterais de di\u00e2metro 2 mm Detalhes t\u00e9cnicos &nbsp; Dados do motor Pot\u00eancia do motor S1 [&hellip;]<\/p>\n","protected":false},"featured_media":22741,"comment_status":"closed","ping_status":"closed","template":"","meta":[],"product_brand":[],"product_cat":[6875],"product_tag":[],"class_list":{"0":"post-22740","1":"product","2":"type-product","3":"status-publish","4":"has-post-thumbnail","6":"product_cat-fresadoras-para-madeira","7":"product_shipping_class-ferramentas-medias","9":"first","10":"onbackorder","11":"taxable","12":"shipping-taxable","13":"purchasable","14":"product-type-simple"},"_links":{"self":[{"href":"https:\/\/occasionmachines.com\/pt\/wp-json\/wp\/v2\/product\/22740","targetHints":{"allow":["GET"]}}],"collection":[{"href":"https:\/\/occasionmachines.com\/pt\/wp-json\/wp\/v2\/product"}],"about":[{"href":"https:\/\/occasionmachines.com\/pt\/wp-json\/wp\/v2\/types\/product"}],"replies":[{"embeddable":true,"href":"https:\/\/occasionmachines.com\/pt\/wp-json\/wp\/v2\/comments?post=22740"}],"wp:featuredmedia":[{"embeddable":true,"href":"https:\/\/occasionmachines.com\/pt\/wp-json\/wp\/v2\/media\/22741"}],"wp:attachment":[{"href":"https:\/\/occasionmachines.com\/pt\/wp-json\/wp\/v2\/media?parent=22740"}],"wp:term":[{"taxonomy":"product_brand","embeddable":true,"href":"https:\/\/occasionmachines.com\/pt\/wp-json\/wp\/v2\/product_brand?post=22740"},{"taxonomy":"product_cat","embeddable":true,"href":"https:\/\/occasionmachines.com\/pt\/wp-json\/wp\/v2\/product_cat?post=22740"},{"taxonomy":"product_tag","embeddable":true,"href":"https:\/\/occasionmachines.com\/pt\/wp-json\/wp\/v2\/product_tag?post=22740"}],"curies":[{"name":"wp","href":"https:\/\/api.w.org\/{rel}","templated":true}]}}