{"id":22761,"date":"2019-05-23T18:48:30","date_gmt":"2019-05-23T17:48:30","guid":{"rendered":"https:\/\/occasionmachines.com\/?post_type=product&#038;p=22761"},"modified":"2025-05-27T10:23:53","modified_gmt":"2025-05-27T09:23:53","slug":"serra-de-mesa-para-madeira-ts250_400v","status":"publish","type":"product","link":"https:\/\/occasionmachines.com\/pt\/produto\/serra-de-mesa-para-madeira-ts250_400v\/","title":{"rendered":"Serra de Mesa Para Madeira Holzmann TS250_400V"},"content":{"rendered":"<p><\/p>\n<ul>\n<li>Modelo de n\u00edvel de entrada de alta qualidade com excelente rela\u00e7\u00e3o pre\u00e7o \/ desempenho<\/li>\n<li>Mesa de ferro fundido cinzento muito robusta e est\u00e1vel incl.<\/li>\n<li>Ajuste de \u00e2ngulo e altura do volante, f\u00e1cil de usar, suave e preciso<\/li>\n<\/ul>\n<p><strong>Na Entrega<\/strong>:\u00a0HM l\u00e2mina de serra 254mm, cerca de esquadria, mesa de extens\u00e3o rip fence, mesa de deslizamento<\/p>\n<p><strong><b>Dados do motor<\/b><\/strong><\/p>\n<ul>\n<li>Pot\u00eancia do motor S6 em W: 3100<\/li>\n<li>Velocidade em min-1: 4000<\/li>\n<li>Tens\u00e3o: 400V \/ 50Hz<\/li>\n<li>Pot\u00eancia do motor S1 em W: 2200<\/li>\n<\/ul>\n<p><strong><b>Dimens\u00f5es gerais<\/b><\/strong><\/p>\n<ul>\n<li>Passo em mm: 1450x1000x1000<\/li>\n<li>Tamanho da tabela em mm: 635&#215;420<\/li>\n<li>Extens\u00e3o de mesa em mm: 580<\/li>\n<li>Conex\u00e3o de suc\u00e7\u00e3o em mm: 100\/25<\/li>\n<\/ul>\n<p><strong><b>Desempenho de corte<\/b><\/strong><\/p>\n<ul>\n<li>m\u00e1x.\u00a0Altura de corte 90 \u00b0 em mm: 80<\/li>\n<li>m\u00e1x.\u00a0Altura de corte de 45 \u00b0 em mm: 65<\/li>\n<\/ul>\n<p><strong><b>Velejadores<\/b><\/strong><\/p>\n<ul>\n<li>L\u00e2mina de serra (\/ furo) em mm: 254\/30<\/li>\n<\/ul>\n<p><strong><b>Peso<\/b><\/strong><\/p>\n<ul>\n<li>Peso l\u00edquido em kg: 107<\/li>\n<li>Peso bruto em kg: 122<\/li>\n<\/ul>\n<p><strong><b>Dimens\u00f5es da embalagem<\/b><\/strong><\/p>\n<ul>\n<li>Altura da embalagem em mm: 510<\/li>\n<li>Largura da embalagem em mm: 620<\/li>\n<li>Comprimento da embalagem em mm: 750<\/li>\n<\/ul>\n<p>&nbsp;<\/p>","protected":false},"excerpt":{"rendered":"<p>Modelo de n\u00edvel de entrada de alta qualidade com excelente rela\u00e7\u00e3o pre\u00e7o \/ desempenho Mesa de ferro fundido cinzento muito robusta e est\u00e1vel incl. Ajuste de \u00e2ngulo e altura do volante, f\u00e1cil de usar, suave e preciso Na Entrega:\u00a0HM l\u00e2mina de serra 254mm, cerca de esquadria, mesa de extens\u00e3o rip fence, mesa de deslizamento Dados [&hellip;]<\/p>\n","protected":false},"featured_media":22762,"comment_status":"closed","ping_status":"closed","template":"","meta":[],"product_brand":[],"product_cat":[6876],"product_tag":[],"class_list":{"0":"post-22761","1":"product","2":"type-product","3":"status-publish","4":"has-post-thumbnail","6":"product_cat-serras-de-mesa-para-madeira","7":"product_shipping_class-maquinas-pequenas","9":"first","10":"onbackorder","11":"taxable","12":"shipping-taxable","13":"purchasable","14":"product-type-simple"},"_links":{"self":[{"href":"https:\/\/occasionmachines.com\/pt\/wp-json\/wp\/v2\/product\/22761","targetHints":{"allow":["GET"]}}],"collection":[{"href":"https:\/\/occasionmachines.com\/pt\/wp-json\/wp\/v2\/product"}],"about":[{"href":"https:\/\/occasionmachines.com\/pt\/wp-json\/wp\/v2\/types\/product"}],"replies":[{"embeddable":true,"href":"https:\/\/occasionmachines.com\/pt\/wp-json\/wp\/v2\/comments?post=22761"}],"wp:featuredmedia":[{"embeddable":true,"href":"https:\/\/occasionmachines.com\/pt\/wp-json\/wp\/v2\/media\/22762"}],"wp:attachment":[{"href":"https:\/\/occasionmachines.com\/pt\/wp-json\/wp\/v2\/media?parent=22761"}],"wp:term":[{"taxonomy":"product_brand","embeddable":true,"href":"https:\/\/occasionmachines.com\/pt\/wp-json\/wp\/v2\/product_brand?post=22761"},{"taxonomy":"product_cat","embeddable":true,"href":"https:\/\/occasionmachines.com\/pt\/wp-json\/wp\/v2\/product_cat?post=22761"},{"taxonomy":"product_tag","embeddable":true,"href":"https:\/\/occasionmachines.com\/pt\/wp-json\/wp\/v2\/product_tag?post=22761"}],"curies":[{"name":"wp","href":"https:\/\/api.w.org\/{rel}","templated":true}]}}