{"id":22768,"date":"2019-05-23T18:55:34","date_gmt":"2019-05-23T17:55:34","guid":{"rendered":"https:\/\/occasionmachines.com\/?post_type=product&#038;p=22768"},"modified":"2025-05-27T10:23:21","modified_gmt":"2025-05-27T09:23:21","slug":"serra-de-mesa-para-madeira-ts400zal_400v","status":"publish","type":"product","link":"https:\/\/occasionmachines.com\/pt\/produto\/serra-de-mesa-para-madeira-ts400zal_400v\/","title":{"rendered":"Conjunto de bra\u00e7o extensor para serra de mesa Holzmann TS400ZAL_400V"},"content":{"rendered":"<p><\/p>\n<h3><strong><b>Detalhes t\u00e9cnicos<\/b><\/strong><\/h3>\n<p><strong><b>dados do motor<\/b><\/strong><\/p>\n<ul>\n<li>Pot\u00eancia do motor S1 em W: 2800<\/li>\n<li>Pot\u00eancia do motor S6 em W: 4200<\/li>\n<li>Tens\u00e3o: 400V<\/li>\n<\/ul>\n<p><strong><b>Dimens\u00f5es gerais<\/b><\/strong><\/p>\n<ul>\n<li>Conex\u00e3o de suc\u00e7\u00e3o em mm: 2&#215;100<\/li>\n<li>Altura da mesa em mm: 845<\/li>\n<li>Tamanho da tabela em mm: 715&#215;945<\/li>\n<li>Passo em mm: 3600x1400x1180<\/li>\n<\/ul>\n<p><strong><b>desempenho de corte<\/b><\/strong><\/p>\n<ul>\n<li>m\u00e1x.\u00a0Altura de corte de 45 \u00b0 em mm: 90<\/li>\n<li>m\u00e1x.\u00a0Altura de corte 90 \u00b0 em mm: 120<\/li>\n<\/ul>\n<p><strong><b>velejadores<\/b><\/strong><\/p>\n<ul>\n<li>L\u00e2mina de serra (\/ furo) em mm: 400<\/li>\n<li>Velocidade da l\u00e2mina de serra em min-1: 2800<\/li>\n<\/ul>\n<p><strong><b>peso<\/b><\/strong><\/p>\n<ul>\n<li>Peso bruto em kg: 63<\/li>\n<li>Peso l\u00edquido em kg: 60<\/li>\n<\/ul>\n<p><strong><b>Dimens\u00f5es da embalagem<\/b><\/strong><\/p>\n<ul>\n<li>Comprimento da embalagem em mm: 1520<\/li>\n<li>Largura da embalagem em mm: 620<\/li>\n<li>Altura da embalagem em mm: 300<\/li>\n<\/ul>\n<p>&nbsp;<\/p>","protected":false},"excerpt":{"rendered":"<p>Detalhes t\u00e9cnicos dados do motor Pot\u00eancia do motor S1 em W: 2800 Pot\u00eancia do motor S6 em W: 4200 Tens\u00e3o: 400V Dimens\u00f5es gerais Conex\u00e3o de suc\u00e7\u00e3o em mm: 2&#215;100 Altura da mesa em mm: 845 Tamanho da tabela em mm: 715&#215;945 Passo em mm: 3600x1400x1180 desempenho de corte m\u00e1x.\u00a0Altura de corte de 45 \u00b0 em [&hellip;]<\/p>\n","protected":false},"featured_media":67868,"comment_status":"closed","ping_status":"closed","template":"","meta":[],"product_brand":[],"product_cat":[6876],"product_tag":[],"class_list":{"0":"post-22768","1":"product","2":"type-product","3":"status-publish","4":"has-post-thumbnail","6":"product_cat-serras-de-mesa-para-madeira","7":"product_shipping_class-ferramentas-grandes","9":"first","10":"onbackorder","11":"taxable","12":"shipping-taxable","13":"purchasable","14":"product-type-simple"},"_links":{"self":[{"href":"https:\/\/occasionmachines.com\/pt\/wp-json\/wp\/v2\/product\/22768","targetHints":{"allow":["GET"]}}],"collection":[{"href":"https:\/\/occasionmachines.com\/pt\/wp-json\/wp\/v2\/product"}],"about":[{"href":"https:\/\/occasionmachines.com\/pt\/wp-json\/wp\/v2\/types\/product"}],"replies":[{"embeddable":true,"href":"https:\/\/occasionmachines.com\/pt\/wp-json\/wp\/v2\/comments?post=22768"}],"wp:featuredmedia":[{"embeddable":true,"href":"https:\/\/occasionmachines.com\/pt\/wp-json\/wp\/v2\/media\/67868"}],"wp:attachment":[{"href":"https:\/\/occasionmachines.com\/pt\/wp-json\/wp\/v2\/media?parent=22768"}],"wp:term":[{"taxonomy":"product_brand","embeddable":true,"href":"https:\/\/occasionmachines.com\/pt\/wp-json\/wp\/v2\/product_brand?post=22768"},{"taxonomy":"product_cat","embeddable":true,"href":"https:\/\/occasionmachines.com\/pt\/wp-json\/wp\/v2\/product_cat?post=22768"},{"taxonomy":"product_tag","embeddable":true,"href":"https:\/\/occasionmachines.com\/pt\/wp-json\/wp\/v2\/product_tag?post=22768"}],"curies":[{"name":"wp","href":"https:\/\/api.w.org\/{rel}","templated":true}]}}