{"id":22824,"date":"2019-05-24T01:00:43","date_gmt":"2019-05-24T00:00:43","guid":{"rendered":"https:\/\/occasionmachines.com\/?post_type=product&#038;p=22824"},"modified":"2025-05-27T10:22:11","modified_gmt":"2025-05-27T09:22:11","slug":"serra-de-mesa-para-madeira-ts315vf2600_230v","status":"publish","type":"product","link":"https:\/\/occasionmachines.com\/pt\/produto\/serra-de-mesa-para-madeira-ts315vf2600_230v\/","title":{"rendered":"Serra de Mesa Para Madeira Holzmann TS315VF2600_230V"},"content":{"rendered":"<p><\/p>\n<ul>\n<li>A extens\u00e3o de tabela \u00e0 direita, bem como a barra de parada, podem ser rapidamente rebatidas<\/li>\n<li>Cerca paralela robusta e lisa com fixa\u00e7\u00e3o r\u00e1pida, guiada na barra de parada<\/li>\n<li>girat\u00f3ria e regul\u00e1vel em altura<\/li>\n<li>L\u00e2mina de serra circular com unidade de pre\u00e2mbulo<\/li>\n<li>Mesa de ferro fundido cinza com extens\u00e3o de mesa nas costas e direita com p\u00e9 de apoio<\/li>\n<li>parada extens\u00edvel com parada de flap<\/li>\n<li>O rolo de suporte na lan\u00e7a simplifica a coloca\u00e7\u00e3o da pe\u00e7a de trabalho<\/li>\n<li>corpo refor\u00e7ado na \u00e1rea da mesa deslizante aumenta a estabilidade<\/li>\n<li>Largura de corte de grandes dimens\u00f5es desde a l\u00e2mina de serra at\u00e9 1260 mm<\/li>\n<li>equipado com alta qualidade de duas partes de l\u00e2mina de serra de pontua\u00e7\u00e3o<\/li>\n<\/ul>\n<p>Na Entrega <strong>:<\/strong>\u00a0Marcador, L\u00e2mina de serra circular 1xHM \u00d8315mm, 1x L\u00e2mina de serra el\u00e9trica HM \u00d8100mm, parada paralela, parada telesc\u00f3pica, batente angular, sapata de afia\u00e7\u00e3o, parada exc\u00eantrica<\/p>\n<h3><strong><b>Detalhes t\u00e9cnicos<\/b><\/strong><\/h3>\n<p><strong><b>Dados do motor<\/b><\/strong><\/p>\n<ul>\n<li>Pot\u00eancia do motor S1 em W: 3800<\/li>\n<li>Pot\u00eancia do motor S6 em W: 5100<\/li>\n<li>Tens\u00e3o: 230V<\/li>\n<\/ul>\n<p><strong><b>Dimens\u00f5es gerais<\/b><\/strong><\/p>\n<ul>\n<li>Mesa de crescimento em mm: 760&#215;540<\/li>\n<li>Formato de mesa deslizante em mm: 2600&#215;270<\/li>\n<li>Conex\u00e3o de suc\u00e7\u00e3o em mm: 100<\/li>\n<li>Altura da mesa em mm: 850<\/li>\n<li>Extens\u00e3o de mesa em mm: 500&#215;310 \/ 800&#215;440<\/li>\n<li>Tamanho da tabela em mm: 800&#215;820<\/li>\n<\/ul>\n<p><strong><b>Desempenho de corte<\/b><\/strong><\/p>\n<ul>\n<li>Largura de corte na veda\u00e7\u00e3o em mm: 1200<\/li>\n<li>m\u00e1x.\u00a0Altura de corte de 45 \u00b0 em mm: 75<\/li>\n<li>m\u00e1x.\u00a0Comprimento de afia\u00e7\u00e3o em mm: 2600<\/li>\n<li>m\u00e1x.\u00a0Altura de corte 90 \u00b0 em mm: 100<\/li>\n<\/ul>\n<p><strong><b>Velejadores<\/b><\/strong><\/p>\n<ul>\n<li>Velocidade da l\u00e2mina de serra em min-1: 4500<\/li>\n<li>L\u00e2mina de serra de pontua\u00e7\u00e3o em mm: 100<\/li>\n<li>L\u00e2mina de serra (\/ furo) em mm: 315<\/li>\n<li>Marcando a velocidade da l\u00e2mina de serra em min-1: 8500<\/li>\n<li>Faixa de giro da l\u00e2mina de serra: 0 \u00b0 -45 \u00b0<\/li>\n<\/ul>\n<p><strong><b>Peso<\/b><\/strong><\/p>\n<ul>\n<li>Peso bruto em kg: 370<\/li>\n<li>Peso l\u00edquido em kg: 340<\/li>\n<\/ul>\n<p><strong><b>Dimens\u00f5es da embalagem<\/b><\/strong><\/p>\n<ul>\n<li>Comprimento da embalagem em mm: 1220<\/li>\n<li>Largura da embalagem em mm: 765<\/li>\n<li>Altura da embalagem em mm: 1040<\/li>\n<\/ul>\n<p>&nbsp;<\/p>","protected":false},"excerpt":{"rendered":"<p>A extens\u00e3o de tabela \u00e0 direita, bem como a barra de parada, podem ser rapidamente rebatidas Cerca paralela robusta e lisa com fixa\u00e7\u00e3o r\u00e1pida, guiada na barra de parada girat\u00f3ria e regul\u00e1vel em altura L\u00e2mina de serra circular com unidade de pre\u00e2mbulo Mesa de ferro fundido cinza com extens\u00e3o de mesa nas costas e direita [&hellip;]<\/p>\n","protected":false},"featured_media":22823,"comment_status":"closed","ping_status":"closed","template":"","meta":[],"product_brand":[],"product_cat":[6876],"product_tag":[],"class_list":{"0":"post-22824","1":"product","2":"type-product","3":"status-publish","4":"has-post-thumbnail","6":"product_cat-serras-de-mesa-para-madeira","7":"product_shipping_class-maquinas-medias","9":"first","10":"onbackorder","11":"taxable","12":"shipping-taxable","13":"purchasable","14":"product-type-simple"},"_links":{"self":[{"href":"https:\/\/occasionmachines.com\/pt\/wp-json\/wp\/v2\/product\/22824","targetHints":{"allow":["GET"]}}],"collection":[{"href":"https:\/\/occasionmachines.com\/pt\/wp-json\/wp\/v2\/product"}],"about":[{"href":"https:\/\/occasionmachines.com\/pt\/wp-json\/wp\/v2\/types\/product"}],"replies":[{"embeddable":true,"href":"https:\/\/occasionmachines.com\/pt\/wp-json\/wp\/v2\/comments?post=22824"}],"wp:featuredmedia":[{"embeddable":true,"href":"https:\/\/occasionmachines.com\/pt\/wp-json\/wp\/v2\/media\/22823"}],"wp:attachment":[{"href":"https:\/\/occasionmachines.com\/pt\/wp-json\/wp\/v2\/media?parent=22824"}],"wp:term":[{"taxonomy":"product_brand","embeddable":true,"href":"https:\/\/occasionmachines.com\/pt\/wp-json\/wp\/v2\/product_brand?post=22824"},{"taxonomy":"product_cat","embeddable":true,"href":"https:\/\/occasionmachines.com\/pt\/wp-json\/wp\/v2\/product_cat?post=22824"},{"taxonomy":"product_tag","embeddable":true,"href":"https:\/\/occasionmachines.com\/pt\/wp-json\/wp\/v2\/product_tag?post=22824"}],"curies":[{"name":"wp","href":"https:\/\/api.w.org\/{rel}","templated":true}]}}