{"id":22834,"date":"2019-05-24T01:31:07","date_gmt":"2019-05-24T00:31:07","guid":{"rendered":"https:\/\/occasionmachines.com\/?post_type=product&#038;p=22834"},"modified":"2025-05-27T10:21:42","modified_gmt":"2025-05-27T09:21:42","slug":"serra-de-mesa-para-madeira-ts250f1600_400v","status":"publish","type":"product","link":"https:\/\/occasionmachines.com\/pt\/produto\/serra-de-mesa-para-madeira-ts250f1600_400v\/","title":{"rendered":"Serra de Mesa Para Madeira Holzmann TS250F1600_400V"},"content":{"rendered":"<p><\/p>\n<ul>\n<li>\u00a0l\u00e2mina de serra circular girat\u00f3ria e ajust\u00e1vel em altura<\/li>\n<li>Extens\u00e3o de mesa em ferro fundido cinzento<\/li>\n<li>com p\u00e9 de apoio<\/li>\n<li>Mesa deslizante de alum\u00ednio profissional de 1600 mm de comprimento com suporte na lan\u00e7a<\/li>\n<li>cerca de esquadria extens\u00edvel com batente articulado<\/li>\n<li>Largura de corte paralela desde a l\u00e2mina de serra at\u00e9 590 mm<\/li>\n<\/ul>\n<p>Na Entrega <strong>:<\/strong>\u00a0L\u00e2mina de serra circular de carboneto \u00d8250mm, bra\u00e7o, extens\u00f5es de mesa, parada paralela, esquadria, batente telesc\u00f3pico<\/p>\n<p>&nbsp;<\/p>\n<h3><strong><b>Detalhes t\u00e9cnicos<\/b><\/strong><\/h3>\n<p><strong><b>Dados do motor<\/b><\/strong><\/p>\n<ul>\n<li>Pot\u00eancia do motor S1 em W: 2200<\/li>\n<li>Pot\u00eancia do motor S6 em W: 3100<\/li>\n<li>Tens\u00e3o: 400V<\/li>\n<\/ul>\n<p><strong><b>Dimens\u00f5es gerais<\/b><\/strong><\/p>\n<ul>\n<li>Formato de mesa deslizante em mm: 1600&#215;238<\/li>\n<li>Conex\u00e3o de suc\u00e7\u00e3o em mm: 100<\/li>\n<li>Amplia\u00e7\u00e3o da mesa em mm: 300 x 760\/280 x 400<\/li>\n<li>Altura da mesa em mm: 865<\/li>\n<li>Tamanho da tabela em mm: 760&#215;350<\/li>\n<\/ul>\n<p><strong><b>Desempenho de corte<\/b><\/strong><\/p>\n<ul>\n<li>Largura de corte na veda\u00e7\u00e3o em mm: 590<\/li>\n<li>m\u00e1x.\u00a0Altura de corte de 45 \u00b0 em mm: 60<\/li>\n<li>m\u00e1x.\u00a0Comprimento de afia\u00e7\u00e3o em mm: 1400<\/li>\n<li>m\u00e1x.\u00a0Altura de corte 90 \u00b0 em mm: 80<\/li>\n<\/ul>\n<p><strong><b>Velejadores<\/b><\/strong><\/p>\n<ul>\n<li>L\u00e2mina de serra (\/ furo) em mm: 250<\/li>\n<li>Velocidade da l\u00e2mina de serra em min-1: 3600<\/li>\n<\/ul>\n<p><strong><b>Peso<\/b><\/strong><\/p>\n<ul>\n<li>Peso bruto em kg: 180<\/li>\n<li>Peso l\u00edquido em kg: 154<\/li>\n<\/ul>\n<p><strong><b>Dimens\u00f5es da embalagem<\/b><\/strong><\/p>\n<ul>\n<li>Comprimento da embalagem em mm: 790<\/li>\n<li>Largura da embalagem em mm: 685<\/li>\n<li>Altura da embalagem em mm: 605<\/li>\n<\/ul>\n<p>&nbsp;<\/p>","protected":false},"excerpt":{"rendered":"<p>\u00a0l\u00e2mina de serra circular girat\u00f3ria e ajust\u00e1vel em altura Extens\u00e3o de mesa em ferro fundido cinzento com p\u00e9 de apoio Mesa deslizante de alum\u00ednio profissional de 1600 mm de comprimento com suporte na lan\u00e7a cerca de esquadria extens\u00edvel com batente articulado Largura de corte paralela desde a l\u00e2mina de serra at\u00e9 590 mm Na Entrega [&hellip;]<\/p>\n","protected":false},"featured_media":22836,"comment_status":"closed","ping_status":"closed","template":"","meta":[],"product_brand":[],"product_cat":[6876],"product_tag":[],"class_list":{"0":"post-22834","1":"product","2":"type-product","3":"status-publish","4":"has-post-thumbnail","6":"product_cat-serras-de-mesa-para-madeira","7":"product_shipping_class-maquinas-pequenas","9":"first","10":"onbackorder","11":"taxable","12":"shipping-taxable","13":"purchasable","14":"product-type-simple"},"_links":{"self":[{"href":"https:\/\/occasionmachines.com\/pt\/wp-json\/wp\/v2\/product\/22834","targetHints":{"allow":["GET"]}}],"collection":[{"href":"https:\/\/occasionmachines.com\/pt\/wp-json\/wp\/v2\/product"}],"about":[{"href":"https:\/\/occasionmachines.com\/pt\/wp-json\/wp\/v2\/types\/product"}],"replies":[{"embeddable":true,"href":"https:\/\/occasionmachines.com\/pt\/wp-json\/wp\/v2\/comments?post=22834"}],"wp:featuredmedia":[{"embeddable":true,"href":"https:\/\/occasionmachines.com\/pt\/wp-json\/wp\/v2\/media\/22836"}],"wp:attachment":[{"href":"https:\/\/occasionmachines.com\/pt\/wp-json\/wp\/v2\/media?parent=22834"}],"wp:term":[{"taxonomy":"product_brand","embeddable":true,"href":"https:\/\/occasionmachines.com\/pt\/wp-json\/wp\/v2\/product_brand?post=22834"},{"taxonomy":"product_cat","embeddable":true,"href":"https:\/\/occasionmachines.com\/pt\/wp-json\/wp\/v2\/product_cat?post=22834"},{"taxonomy":"product_tag","embeddable":true,"href":"https:\/\/occasionmachines.com\/pt\/wp-json\/wp\/v2\/product_tag?post=22834"}],"curies":[{"name":"wp","href":"https:\/\/api.w.org\/{rel}","templated":true}]}}