{"id":22843,"date":"2019-05-24T01:42:01","date_gmt":"2019-05-24T00:42:01","guid":{"rendered":"https:\/\/occasionmachines.com\/?post_type=product&#038;p=22843"},"modified":"2025-05-27T10:20:53","modified_gmt":"2025-05-27T09:20:53","slug":"serra-de-mesa-para-madeira-ts250fl_400v","status":"publish","type":"product","link":"https:\/\/occasionmachines.com\/pt\/produto\/serra-de-mesa-para-madeira-ts250fl_400v\/","title":{"rendered":"Serra de Mesa Para Madeira Holzmann TS250FL_400V"},"content":{"rendered":"<p><\/p>\n<ul>\n<li>\u00a0Modelo de n\u00edvel de entrada com boa rela\u00e7\u00e3o pre\u00e7o-desempenho<\/li>\n<li>mesa de ferro fundido muito robusta e est\u00e1vel, incluindo extens\u00e3o de mesa<\/li>\n<li>ajuste de altura e \u00e2ngulo do volante, f\u00e1cil de usar, suave e preciso<\/li>\n<li>L\u00e2mina de serra com giro de at\u00e9 45 \u00b0<\/li>\n<li>Paralela com micro ajuste<\/li>\n<\/ul>\n<p>Volume de\u00a0<strong>entrega:<\/strong>\u00a0L\u00e2mina de serra HM 254mm, protetor de l\u00e2mina de serra com conex\u00e3o de suc\u00e7\u00e3o, sapata de afia\u00e7\u00e3o, extens\u00e3o de mesa, extens\u00e3o de mesa, mesa estabilizadora, parada de extens\u00e3o telesc\u00f3pica, parada de inclina\u00e7\u00e3o, parada paralela, alavanca<\/p>\n<h3><strong><b>Detalhes t\u00e9cnicos<\/b><\/strong><\/h3>\n<p><strong><b>Dados do motor<\/b><\/strong><\/p>\n<ul>\n<li>Pot\u00eancia do motor S1 em W: 1500<\/li>\n<li>Pot\u00eancia do motor S6 em W: 2200<\/li>\n<li>Tens\u00e3o: 400V<\/li>\n<\/ul>\n<p><strong><b>Dimens\u00f5es gerais<\/b><\/strong><\/p>\n<ul>\n<li>Formato de mesa deslizante em mm: 1320&#215;238<\/li>\n<li>Conex\u00e3o de suc\u00e7\u00e3o em mm: 100<\/li>\n<li>Amplia\u00e7\u00e3o da mesa em mm: 250<\/li>\n<li>Altura da mesa em mm: 850<\/li>\n<li>Tamanho da tabela em mm: 800&#215;350<\/li>\n<li>Passo em mm: 1320-2580x2100x3140<\/li>\n<\/ul>\n<p><strong><b>Desempenho de corte<\/b><\/strong><\/p>\n<ul>\n<li>Largura de corte na veda\u00e7\u00e3o em mm: 600<\/li>\n<li>m\u00e1x.\u00a0Altura de corte de 45 \u00b0 em mm: 59<\/li>\n<li>m\u00e1x.\u00a0Altura de corte 90 \u00b0 em mm: 80<\/li>\n<\/ul>\n<p><strong><b>Velejadores<\/b><\/strong><\/p>\n<ul>\n<li>L\u00e2mina de serra (\/ furo) em mm: 250<\/li>\n<li>Velocidade da l\u00e2mina de serra em min-1: 4000<\/li>\n<\/ul>\n<p><strong><b>Peso<\/b><\/strong><\/p>\n<ul>\n<li>Peso bruto em kg: 162,50<\/li>\n<li>Peso l\u00edquido em kg: 153,50<\/li>\n<\/ul>\n<p><strong><b>Dimens\u00f5es da embalagem<\/b><\/strong><\/p>\n<ul>\n<li>Comprimento da embalagem em mm: 860<\/li>\n<li>Largura da embalagem em mm: 640<\/li>\n<li>Altura da embalagem em mm: 580<\/li>\n<\/ul>\n<p>&nbsp;<\/p>","protected":false},"excerpt":{"rendered":"<p>\u00a0Modelo de n\u00edvel de entrada com boa rela\u00e7\u00e3o pre\u00e7o-desempenho mesa de ferro fundido muito robusta e est\u00e1vel, incluindo extens\u00e3o de mesa ajuste de altura e \u00e2ngulo do volante, f\u00e1cil de usar, suave e preciso L\u00e2mina de serra com giro de at\u00e9 45 \u00b0 Paralela com micro ajuste Volume de\u00a0entrega:\u00a0L\u00e2mina de serra HM 254mm, protetor de [&hellip;]<\/p>\n","protected":false},"featured_media":22844,"comment_status":"closed","ping_status":"closed","template":"","meta":[],"product_brand":[],"product_cat":[6876],"product_tag":[],"class_list":{"0":"post-22843","1":"product","2":"type-product","3":"status-publish","4":"has-post-thumbnail","6":"product_cat-serras-de-mesa-para-madeira","7":"product_shipping_class-maquinas-pequenas","9":"first","10":"onbackorder","11":"taxable","12":"shipping-taxable","13":"purchasable","14":"product-type-simple"},"_links":{"self":[{"href":"https:\/\/occasionmachines.com\/pt\/wp-json\/wp\/v2\/product\/22843","targetHints":{"allow":["GET"]}}],"collection":[{"href":"https:\/\/occasionmachines.com\/pt\/wp-json\/wp\/v2\/product"}],"about":[{"href":"https:\/\/occasionmachines.com\/pt\/wp-json\/wp\/v2\/types\/product"}],"replies":[{"embeddable":true,"href":"https:\/\/occasionmachines.com\/pt\/wp-json\/wp\/v2\/comments?post=22843"}],"wp:featuredmedia":[{"embeddable":true,"href":"https:\/\/occasionmachines.com\/pt\/wp-json\/wp\/v2\/media\/22844"}],"wp:attachment":[{"href":"https:\/\/occasionmachines.com\/pt\/wp-json\/wp\/v2\/media?parent=22843"}],"wp:term":[{"taxonomy":"product_brand","embeddable":true,"href":"https:\/\/occasionmachines.com\/pt\/wp-json\/wp\/v2\/product_brand?post=22843"},{"taxonomy":"product_cat","embeddable":true,"href":"https:\/\/occasionmachines.com\/pt\/wp-json\/wp\/v2\/product_cat?post=22843"},{"taxonomy":"product_tag","embeddable":true,"href":"https:\/\/occasionmachines.com\/pt\/wp-json\/wp\/v2\/product_tag?post=22843"}],"curies":[{"name":"wp","href":"https:\/\/api.w.org\/{rel}","templated":true}]}}