{"id":22848,"date":"2019-05-24T02:00:55","date_gmt":"2019-05-24T01:00:55","guid":{"rendered":"https:\/\/occasionmachines.com\/?post_type=product&#038;p=22848"},"modified":"2025-05-27T10:20:22","modified_gmt":"2025-05-27T09:20:22","slug":"serra-de-mesa-para-madeira-kf315vf2600_230v","status":"publish","type":"product","link":"https:\/\/occasionmachines.com\/pt\/produto\/serra-de-mesa-para-madeira-kf315vf2600_230v\/","title":{"rendered":"Serra de Mesa Para Madeira Holzmann KF315VF2600_230V"},"content":{"rendered":"<p>O KF 315VF-2600 impressiona com o acabamento de alta qualidade mais limpo.\u00a0Pode ser facilmente processado placas com grandes dimens\u00f5es.<\/p>\n<ul>\n<li>Tabela de alargamento direito u.\u00a0Parar haste pode<\/li>\n<li>economizar espa\u00e7o para ser dobrado<\/li>\n<li>cerca de ripagem paralela robusta e lisa com<\/li>\n<li>Fixa\u00e7\u00e3o r\u00e1pida, guiada na haste de parada<\/li>\n<li>L\u00e2mina de serra circular girat\u00f3ria e ajust\u00e1vel em altura com unidade de pr\u00e9-amplifica\u00e7\u00e3o<\/li>\n<li>Mesa de ferro fundido cinza com extens\u00e3o de mesa nas costas e direita com p\u00e9 de apoio<\/li>\n<li>parada extens\u00edvel com parada de flap<\/li>\n<li>O rolo de suporte na lan\u00e7a simplifica a coloca\u00e7\u00e3o da pe\u00e7a de trabalho<\/li>\n<li>Largura de corte de grandes dimens\u00f5es \u00e0 direita da l\u00e2mina de serra at\u00e9 1330 mm<\/li>\n<li>equipado com alta qualidade de duas partes de l\u00e2mina de serra de pontua\u00e7\u00e3o<\/li>\n<li>batente de fresagem de alta qualidade com sistema de fixa\u00e7\u00e3o e ajuste fino<\/li>\n<li>4 velocidades de fresagem como padr\u00e3o<\/li>\n<li>indicador eletr\u00f4nico de velocidade via LED&#8217;s<\/li>\n<li>m\u00e1x.\u00a0Di\u00e2metro do cortador 200mm, grande,<\/li>\n<li>roda manual remov\u00edvel para ajuste da unidade<\/li>\n<\/ul>\n<p><strong>Entrega:<\/strong>\u00a0unidade de pontua\u00e7\u00e3o, 1xHM l\u00e2mina de serra circular \u00d8315mm 40 dentes, HM 1x marcando l\u00e2mina \u00d8100mm 24 dentes, Gerung parar Parallelanschalag, cerca telesc\u00f3pica<\/p>\n<h3><strong><b>Detalhes t\u00e9cnicos<\/b><\/strong><\/h3>\n<p><strong><b>Dados do motor<\/b><\/strong><\/p>\n<ul>\n<li>Pot\u00eancia do motor S1 em W: 3800\/2800<\/li>\n<li>Pot\u00eancia do motor S6 em W: 5100\/4000<\/li>\n<li>Tens\u00e3o: 230V<\/li>\n<\/ul>\n<p><strong><b>Dimens\u00f5es gerais<\/b><\/strong><\/p>\n<ul>\n<li>Mesa de crescimento em mm: 750&#215;590<\/li>\n<li>Formato de mesa deslizante em mm: 2600&#215;270<\/li>\n<li>Conex\u00e3o de suc\u00e7\u00e3o em mm: 2&#215;100<\/li>\n<li>Amplia\u00e7\u00e3o da mesa em mm: 800&#215;440 \/ 500&#215;450<\/li>\n<li>Altura da mesa em mm: 850<\/li>\n<li>Tamanho da tabela em mm: 860&#215;890<\/li>\n<\/ul>\n<p><strong><b>Desempenho de corte<\/b><\/strong><\/p>\n<ul>\n<li>m\u00e1x.\u00a0Comprimento de afia\u00e7\u00e3o em mm: 2700<\/li>\n<li>m\u00e1x.\u00a0Altura de corte 90 \u00b0 em mm: 100<\/li>\n<li>m\u00e1x.\u00a0Altura de corte de 45 \u00b0 em mm: 80<\/li>\n<li>Largura de corte na veda\u00e7\u00e3o em mm: 1330<\/li>\n<\/ul>\n<p><strong><b>Fresagem e Perfura\u00e7\u00e3o<\/b><\/strong><\/p>\n<ul>\n<li>m\u00e1x.\u00a0Di\u00e2metro da ferramenta acima da tabela em mm: 200<\/li>\n<li>Parada de fresagem em mm: 360&#215;120<\/li>\n<li>Abertura da mesa em mm: 190<\/li>\n<li>m\u00e1x.\u00a0Di\u00e2metro da ferramenta retr\u00e1til em mm: 180<\/li>\n<li>m\u00e1x.\u00a0Altura de fixa\u00e7\u00e3o em mm: 100<\/li>\n<li>Curso do eixo em mm: 100<\/li>\n<li>Velocidade do fuso de fric\u00e7\u00e3o em min-1: 1800\/3000\/6000\/9000<\/li>\n<li>Di\u00e2metro do eixo de fresagem em mm: 30<\/li>\n<\/ul>\n<p><strong><b>Velejadores<\/b><\/strong><\/p>\n<ul>\n<li>L\u00e2mina de serra (\/ furo) em mm: 315<\/li>\n<li>L\u00e2mina de serra de pontua\u00e7\u00e3o em mm: \u00d8100<\/li>\n<li>Velocidade da l\u00e2mina de serra em min-1: 4500<\/li>\n<li>Marcando a velocidade da l\u00e2mina de serra em min-1: 8500<\/li>\n<\/ul>\n<p><strong><b>Peso<\/b><\/strong><\/p>\n<ul>\n<li>Peso bruto em kg: 465<\/li>\n<li>Peso l\u00edquido em kg: 337<\/li>\n<\/ul>\n<p><strong><b>Dimens\u00f5es da embalagem<\/b><\/strong><\/p>\n<ul>\n<li>Comprimento da embalagem em mm: 1220<\/li>\n<li>Largura da embalagem em mm: 825<\/li>\n<li>Altura da embalagem em mm: 1035<\/li>\n<\/ul>\n<p><\/p>","protected":false},"excerpt":{"rendered":"<p>O KF 315VF-2600 impressiona com o acabamento de alta qualidade mais limpo.\u00a0Pode ser facilmente processado placas com grandes dimens\u00f5es. Tabela de alargamento direito u.\u00a0Parar haste pode economizar espa\u00e7o para ser dobrado cerca de ripagem paralela robusta e lisa com Fixa\u00e7\u00e3o r\u00e1pida, guiada na haste de parada L\u00e2mina de serra circular girat\u00f3ria e ajust\u00e1vel em altura [&hellip;]<\/p>\n","protected":false},"featured_media":22847,"comment_status":"closed","ping_status":"closed","template":"","meta":[],"product_brand":[],"product_cat":[6876],"product_tag":[],"class_list":{"0":"post-22848","1":"product","2":"type-product","3":"status-publish","4":"has-post-thumbnail","6":"product_cat-serras-de-mesa-para-madeira","7":"product_shipping_class-maquinas-medias","9":"first","10":"onbackorder","11":"taxable","12":"shipping-taxable","13":"purchasable","14":"product-type-simple"},"_links":{"self":[{"href":"https:\/\/occasionmachines.com\/pt\/wp-json\/wp\/v2\/product\/22848","targetHints":{"allow":["GET"]}}],"collection":[{"href":"https:\/\/occasionmachines.com\/pt\/wp-json\/wp\/v2\/product"}],"about":[{"href":"https:\/\/occasionmachines.com\/pt\/wp-json\/wp\/v2\/types\/product"}],"replies":[{"embeddable":true,"href":"https:\/\/occasionmachines.com\/pt\/wp-json\/wp\/v2\/comments?post=22848"}],"wp:featuredmedia":[{"embeddable":true,"href":"https:\/\/occasionmachines.com\/pt\/wp-json\/wp\/v2\/media\/22847"}],"wp:attachment":[{"href":"https:\/\/occasionmachines.com\/pt\/wp-json\/wp\/v2\/media?parent=22848"}],"wp:term":[{"taxonomy":"product_brand","embeddable":true,"href":"https:\/\/occasionmachines.com\/pt\/wp-json\/wp\/v2\/product_brand?post=22848"},{"taxonomy":"product_cat","embeddable":true,"href":"https:\/\/occasionmachines.com\/pt\/wp-json\/wp\/v2\/product_cat?post=22848"},{"taxonomy":"product_tag","embeddable":true,"href":"https:\/\/occasionmachines.com\/pt\/wp-json\/wp\/v2\/product_tag?post=22848"}],"curies":[{"name":"wp","href":"https:\/\/api.w.org\/{rel}","templated":true}]}}