{"id":22910,"date":"2019-05-28T16:35:48","date_gmt":"2019-05-28T15:35:48","guid":{"rendered":"https:\/\/occasionmachines.com\/?post_type=product&#038;p=22910"},"modified":"2025-05-27T10:19:14","modified_gmt":"2025-05-27T09:19:14","slug":"torno-para-madeira-dbk1300_400v","status":"publish","type":"product","link":"https:\/\/occasionmachines.com\/pt\/produto\/torno-para-madeira-dbk1300_400v\/","title":{"rendered":"Torno Para Madeira Holzmann DBK1300_400V"},"content":{"rendered":"<p><\/p>\n<ul>\n<li>constru\u00e7\u00e3o de a\u00e7o maci\u00e7a e sem tor\u00e7\u00e3o<\/li>\n<li>opera\u00e7\u00e3o pr\u00e1tica com uma m\u00e3o com tecnologia de fixa\u00e7\u00e3o exc\u00eantrica<\/li>\n<li>Cabe\u00e7ote robusto com guia dupla e centragem por guia de a\u00e7o redondo<\/li>\n<li>Suporte do fuso M33, MK2 Montagem do cabe\u00e7ote m\u00f3vel e do fuso principal<\/li>\n<li>grande apoio para as m\u00e3os com fixa\u00e7\u00e3o r\u00e1pida e ajuste de altura sem degraus<\/li>\n<li>Acess\u00f3rios ricos j\u00e1 inclu\u00eddos<\/li>\n<\/ul>\n<p>Incluido na Entrega<strong>:<\/strong>\u00a0faceplate 220mm, mandril de parafuso, driver de 4 pinos 40mm, mandril de roda dentada, 3-16mm, mandril B16-MK2, gr\u00e3os de rolamento MK2, descanso de m\u00e3o m.\u00a0Tecnologia de fixa\u00e7\u00e3o exc\u00eantrica, descanso constante, dispositivo de c\u00f3pia<\/p>\n<h3><strong><b>Detalhes t\u00e9cnicos<\/b><\/strong><\/h3>\n<p><strong><b>Dados do motor<\/b><\/strong><\/p>\n<ul>\n<li>Tens\u00e3o: 400V<\/li>\n<li>Pot\u00eancia do motor S1 em W: 1100<\/li>\n<li>Pot\u00eancia do motor S6 em W: 1500<\/li>\n<\/ul>\n<p><strong><b>Torno<\/b><\/strong><\/p>\n<ul>\n<li>Pinolenweg em mm: 100<\/li>\n<li>Copie a altura da ponta em mm: 65<\/li>\n<li>m\u00e1x.\u00a0Copiar profundidade em mm: 50<\/li>\n<li>m\u00e1x.\u00a0Copie o comprimento em mm: 1100<\/li>\n<li>Largura do pico em mm: 1300<\/li>\n<li>Altura superior em mm: 220<\/li>\n<li>Velocidade do fuso rotativo em min-1: 2800\/1950\/1000\/500<\/li>\n<li>cone tailstock: MK2 \/ MT2<\/li>\n<li>recept\u00e1culo roscado: M33<\/li>\n<\/ul>\n<p><strong><b>Peso<\/b><\/strong><\/p>\n<ul>\n<li>Peso bruto em kg: 228<\/li>\n<li>Peso l\u00edquido em kg: 202<\/li>\n<\/ul>\n<p><strong><b>Dimens\u00f5es da embalagem<\/b><\/strong><\/p>\n<ul>\n<li>Comprimento da embalagem em mm: 2120<\/li>\n<li>Largura da embalagem em mm: 490<\/li>\n<li>Altura da embalagem em mm: 1230<\/li>\n<\/ul>\n<p>&nbsp;<\/p>","protected":false},"excerpt":{"rendered":"<p>constru\u00e7\u00e3o de a\u00e7o maci\u00e7a e sem tor\u00e7\u00e3o opera\u00e7\u00e3o pr\u00e1tica com uma m\u00e3o com tecnologia de fixa\u00e7\u00e3o exc\u00eantrica Cabe\u00e7ote robusto com guia dupla e centragem por guia de a\u00e7o redondo Suporte do fuso M33, MK2 Montagem do cabe\u00e7ote m\u00f3vel e do fuso principal grande apoio para as m\u00e3os com fixa\u00e7\u00e3o r\u00e1pida e ajuste de altura sem [&hellip;]<\/p>\n","protected":false},"featured_media":22913,"comment_status":"closed","ping_status":"closed","template":"","meta":[],"product_brand":[],"product_cat":[6393],"product_tag":[],"class_list":{"0":"post-22910","1":"product","2":"type-product","3":"status-publish","4":"has-post-thumbnail","6":"product_cat-tornos-para-madeira","7":"product_shipping_class-maquinas-medias","9":"first","10":"onbackorder","11":"taxable","12":"shipping-taxable","13":"purchasable","14":"product-type-simple"},"_links":{"self":[{"href":"https:\/\/occasionmachines.com\/pt\/wp-json\/wp\/v2\/product\/22910","targetHints":{"allow":["GET"]}}],"collection":[{"href":"https:\/\/occasionmachines.com\/pt\/wp-json\/wp\/v2\/product"}],"about":[{"href":"https:\/\/occasionmachines.com\/pt\/wp-json\/wp\/v2\/types\/product"}],"replies":[{"embeddable":true,"href":"https:\/\/occasionmachines.com\/pt\/wp-json\/wp\/v2\/comments?post=22910"}],"wp:featuredmedia":[{"embeddable":true,"href":"https:\/\/occasionmachines.com\/pt\/wp-json\/wp\/v2\/media\/22913"}],"wp:attachment":[{"href":"https:\/\/occasionmachines.com\/pt\/wp-json\/wp\/v2\/media?parent=22910"}],"wp:term":[{"taxonomy":"product_brand","embeddable":true,"href":"https:\/\/occasionmachines.com\/pt\/wp-json\/wp\/v2\/product_brand?post=22910"},{"taxonomy":"product_cat","embeddable":true,"href":"https:\/\/occasionmachines.com\/pt\/wp-json\/wp\/v2\/product_cat?post=22910"},{"taxonomy":"product_tag","embeddable":true,"href":"https:\/\/occasionmachines.com\/pt\/wp-json\/wp\/v2\/product_tag?post=22910"}],"curies":[{"name":"wp","href":"https:\/\/api.w.org\/{rel}","templated":true}]}}