{"id":22926,"date":"2019-05-28T16:48:32","date_gmt":"2019-05-28T15:48:32","guid":{"rendered":"https:\/\/occasionmachines.com\/?post_type=product&#038;p=22926"},"modified":"2025-05-27T10:16:47","modified_gmt":"2025-05-27T09:16:47","slug":"torno-para-madeira-vd1100eco_400v","status":"publish","type":"product","link":"https:\/\/occasionmachines.com\/pt\/produto\/torno-para-madeira-vd1100eco_400v\/","title":{"rendered":"Torno Para Madeira Holzmann VD1100ECO_400V"},"content":{"rendered":"<p><\/p>\n<ul>\n<li>Dispositivo de c\u00f3pia para copiar originais ou stencils<\/li>\n<li>Modelo de entrada com excelente rela\u00e7\u00e3o P \/ L<\/li>\n<li>alto grau de concentricidade<\/li>\n<li>controle de velocidade vari\u00e1vel<\/li>\n<\/ul>\n<p><strong>Incluido na Entrega:<\/strong>\u00a0copiador, faceplate, ferramenta<\/p>\n<h3><strong><b>Detalhes t\u00e9cnicos<\/b><\/strong><\/h3>\n<p><strong><b>Dados do motor<\/b><\/strong><\/p>\n<ul>\n<li>Velocidade em min-1: 1400<\/li>\n<li>Tens\u00e3o: 400V \/ 3 \/ 50Hz<\/li>\n<li>Pot\u00eancia do motor S1 em W: 750<\/li>\n<\/ul>\n<p><strong><b>Torno<\/b><\/strong><\/p>\n<ul>\n<li>Furo do eixo em mm: 10<\/li>\n<li>Pinolenweg em mm: 120<\/li>\n<li>cone do eixo: MK2<\/li>\n<li>Velocidade do fuso rotativo em min-1: 500-2000<\/li>\n<li>Altura superior em mm: 175<\/li>\n<li>Largura do pico em mm: 1000<\/li>\n<\/ul>\n<p><strong><b>Peso<\/b><\/strong><\/p>\n<ul>\n<li>Peso l\u00edquido em kg: 78<\/li>\n<li>Peso bruto em kg: 80<\/li>\n<\/ul>\n<p><strong><b>Dimens\u00f5es da embalagem<\/b><\/strong><\/p>\n<ul>\n<li>Altura da embalagem em mm: 460<\/li>\n<li>Comprimento da embalagem em mm: 1480<\/li>\n<li>Largura da embalagem em mm: 410<\/li>\n<\/ul>\n<p>&nbsp;<\/p>","protected":false},"excerpt":{"rendered":"<p>Dispositivo de c\u00f3pia para copiar originais ou stencils Modelo de entrada com excelente rela\u00e7\u00e3o P \/ L alto grau de concentricidade controle de velocidade vari\u00e1vel Incluido na Entrega:\u00a0copiador, faceplate, ferramenta Detalhes t\u00e9cnicos Dados do motor Velocidade em min-1: 1400 Tens\u00e3o: 400V \/ 3 \/ 50Hz Pot\u00eancia do motor S1 em W: 750 Torno Furo do [&hellip;]<\/p>\n","protected":false},"featured_media":22928,"comment_status":"closed","ping_status":"closed","template":"","meta":[],"product_brand":[],"product_cat":[6393],"product_tag":[],"class_list":{"0":"post-22926","1":"product","2":"type-product","3":"status-publish","4":"has-post-thumbnail","6":"product_cat-tornos-para-madeira","7":"product_shipping_class-maquinas-pequenas","9":"first","10":"onbackorder","11":"taxable","12":"shipping-taxable","13":"purchasable","14":"product-type-simple"},"_links":{"self":[{"href":"https:\/\/occasionmachines.com\/pt\/wp-json\/wp\/v2\/product\/22926","targetHints":{"allow":["GET"]}}],"collection":[{"href":"https:\/\/occasionmachines.com\/pt\/wp-json\/wp\/v2\/product"}],"about":[{"href":"https:\/\/occasionmachines.com\/pt\/wp-json\/wp\/v2\/types\/product"}],"replies":[{"embeddable":true,"href":"https:\/\/occasionmachines.com\/pt\/wp-json\/wp\/v2\/comments?post=22926"}],"wp:featuredmedia":[{"embeddable":true,"href":"https:\/\/occasionmachines.com\/pt\/wp-json\/wp\/v2\/media\/22928"}],"wp:attachment":[{"href":"https:\/\/occasionmachines.com\/pt\/wp-json\/wp\/v2\/media?parent=22926"}],"wp:term":[{"taxonomy":"product_brand","embeddable":true,"href":"https:\/\/occasionmachines.com\/pt\/wp-json\/wp\/v2\/product_brand?post=22926"},{"taxonomy":"product_cat","embeddable":true,"href":"https:\/\/occasionmachines.com\/pt\/wp-json\/wp\/v2\/product_cat?post=22926"},{"taxonomy":"product_tag","embeddable":true,"href":"https:\/\/occasionmachines.com\/pt\/wp-json\/wp\/v2\/product_tag?post=22926"}],"curies":[{"name":"wp","href":"https:\/\/api.w.org\/{rel}","templated":true}]}}