{"id":23034,"date":"2019-05-30T17:28:57","date_gmt":"2019-05-30T16:28:57","guid":{"rendered":"https:\/\/occasionmachines.com\/?post_type=product&#038;p=23034"},"modified":"2025-05-27T10:08:02","modified_gmt":"2025-05-27T09:08:02","slug":"ventilador-fan2200_400v","status":"publish","type":"product","link":"https:\/\/occasionmachines.com\/pt\/produto\/ventilador-fan2200_400v\/","title":{"rendered":"Ventilador Holzmann FAN2200_400V"},"content":{"rendered":"<p><\/p>\n<h3><strong>Destaques<\/strong><\/h3>\n<p>&nbsp;<\/p>\n<p><span>Perfeito para montagem na parede<\/span><\/p>\n<h3><strong>Detalhes t\u00e9cnicos<\/strong><\/h3>\n<div class=\"row groupRow\">\n<div class=\"zusatzInfo\">\n<div class=\"col-sm-6 col-xs-6\">\n<div class=\"border-bottom-dotted\"><strong><span>dados do motor<\/span><\/strong><\/div>\n<\/div>\n<div class=\"clearfix\"><\/div>\n<\/div>\n<\/div>\n<div class=\"row\">\n<div class=\"zusatzInfo\">\n<div class=\"col-sm-6 col-xs-6\">\n<div class=\"border-bottom-dotted\"><span>pot\u00eancia do motor s1 em W<\/span><\/div>\n<\/div>\n<div class=\"col-sm-6 col-xs-6\">\n<div class=\"border-bottom-dotted\"><span>2200<\/span><\/div>\n<\/div>\n<div class=\"clearfix\"><\/div>\n<\/div>\n<\/div>\n<div class=\"row\">\n<div class=\"zusatzInfo\">\n<div class=\"col-sm-6 col-xs-6\">\n<div class=\"border-bottom-dotted\"><span>tens\u00e3o<\/span><\/div>\n<\/div>\n<div class=\"col-sm-6 col-xs-6\">\n<div class=\"border-bottom-dotted\"><span>400 V<\/span><\/div>\n<\/div>\n<div class=\"clearfix\"><\/div>\n<\/div>\n<\/div>\n<div class=\"row groupRow\">\n<div class=\"zusatzInfo\">\n<div class=\"col-sm-6 col-xs-6\">\n<div class=\"border-bottom-dotted\"><strong><span>Medidas<\/span><\/strong><\/div>\n<\/div>\n<div class=\"clearfix\"><\/div>\n<\/div>\n<\/div>\n<div class=\"row\">\n<div class=\"zusatzInfo\">\n<div class=\"col-sm-6 col-xs-6\">\n<div class=\"border-bottom-dotted\"><span>porta do coletor de p\u00f3 em mm<\/span><\/div>\n<\/div>\n<div class=\"col-sm-6 col-xs-6\">\n<div class=\"border-bottom-dotted\"><span>200\/180<\/span><\/div>\n<\/div>\n<div class=\"clearfix\"><\/div>\n<\/div>\n<\/div>\n<div class=\"row\">\n<div class=\"zusatzInfo\">\n<div class=\"col-sm-6 col-xs-6\">\n<div class=\"border-bottom-dotted\"><span>dimens\u00f5es totais em mm<\/span><\/div>\n<\/div>\n<div class=\"col-sm-6 col-xs-6\">\n<div class=\"border-bottom-dotted\"><span>575x585x705<\/span><\/div>\n<\/div>\n<div class=\"clearfix\"><\/div>\n<\/div>\n<\/div>\n<div class=\"row groupRow\">\n<div class=\"zusatzInfo\">\n<div class=\"col-sm-6 col-xs-6\">\n<div class=\"border-bottom-dotted\"><strong><span>coletores de p\u00f3<\/span><\/strong><\/div>\n<\/div>\n<div class=\"clearfix\"><\/div>\n<\/div>\n<\/div>\n<div class=\"row\">\n<div class=\"zusatzInfo\">\n<div class=\"col-sm-6 col-xs-6\">\n<div class=\"border-bottom-dotted\"><span>desempenho de suc\u00e7\u00e3o em m\u00b3\/h<\/span><\/div>\n<\/div>\n<div class=\"col-sm-6 col-xs-6\">\n<div class=\"border-bottom-dotted\"><span>4000<\/span><\/div>\n<\/div>\n<div class=\"clearfix\"><\/div>\n<\/div>\n<\/div>\n<div class=\"row\">\n<div class=\"zusatzInfo\">\n<div class=\"col-sm-6 col-xs-6\">\n<div class=\"border-bottom-dotted\"><span>di\u00e2metro da roda do ventilador em mm<\/span><\/div>\n<\/div>\n<div class=\"col-sm-6 col-xs-6\">\n<div class=\"border-bottom-dotted\"><span>330<\/span><\/div>\n<\/div>\n<div class=\"clearfix\"><\/div>\n<\/div>\n<\/div>\n<div class=\"row\">\n<div class=\"zusatzInfo\">\n<div class=\"col-sm-6 col-xs-6\">\n<div class=\"border-bottom-dotted\"><span>hipotens\u00e3o em Pa<\/span><\/div>\n<\/div>\n<div class=\"col-sm-6 col-xs-6\">\n<div class=\"border-bottom-dotted\"><span>1900<\/span><\/div>\n<\/div>\n<div class=\"clearfix\"><\/div>\n<\/div>\n<\/div>\n<div class=\"row groupRow\">\n<div class=\"zusatzInfo\">\n<div class=\"col-sm-6 col-xs-6\">\n<div class=\"border-bottom-dotted\"><strong><span>n\u00edvel de volume e vibra\u00e7\u00e3o<\/span><\/strong><\/div>\n<\/div>\n<div class=\"clearfix\"><\/div>\n<\/div>\n<\/div>\n<div class=\"row\">\n<div class=\"zusatzInfo\">\n<div class=\"col-sm-6 col-xs-6\">\n<div class=\"border-bottom-dotted\"><span>n\u00edvel de pot\u00eancia sonora em dB(A)<\/span><\/div>\n<\/div>\n<div class=\"col-sm-6 col-xs-6\">\n<div class=\"border-bottom-dotted\"><span>85<\/span><\/div>\n<\/div>\n<div class=\"clearfix\"><\/div>\n<\/div>\n<\/div>\n<div class=\"row groupRow\">\n<div class=\"zusatzInfo\">\n<div class=\"col-sm-6 col-xs-6\">\n<div class=\"border-bottom-dotted\"><strong><span>peso<\/span><\/strong><\/div>\n<\/div>\n<div class=\"clearfix\"><\/div>\n<\/div>\n<\/div>\n<div class=\"row\">\n<div class=\"zusatzInfo\">\n<div class=\"col-sm-6 col-xs-6\">\n<div class=\"border-bottom-dotted\"><span>peso bruto em kg<\/span><\/div>\n<\/div>\n<div class=\"col-sm-6 col-xs-6\">\n<div class=\"border-bottom-dotted\"><span>38<\/span><\/div>\n<\/div>\n<div class=\"clearfix\"><\/div>\n<\/div>\n<\/div>\n<div class=\"row\">\n<div class=\"zusatzInfo\">\n<div class=\"col-sm-6 col-xs-6\">\n<div class=\"border-bottom-dotted\"><span>peso l\u00edquido em kg<\/span><\/div>\n<\/div>\n<div class=\"col-sm-6 col-xs-6\">\n<div class=\"border-bottom-dotted\"><span>36<\/span><\/div>\n<\/div>\n<div class=\"clearfix\"><\/div>\n<\/div>\n<\/div>\n<div class=\"row groupRow\">\n<div class=\"zusatzInfo\">\n<div class=\"col-sm-6 col-xs-6\">\n<div class=\"border-bottom-dotted\"><strong><span>embalagem<\/span><\/strong><\/div>\n<\/div>\n<div class=\"clearfix\"><\/div>\n<\/div>\n<\/div>\n<div class=\"row\">\n<div class=\"zusatzInfo\">\n<div class=\"col-sm-6 col-xs-6\">\n<div class=\"border-bottom-dotted\"><span>largura da embalagem em mm<\/span><\/div>\n<\/div>\n<div class=\"col-sm-6 col-xs-6\">\n<div class=\"border-bottom-dotted\"><span>520<\/span><\/div>\n<\/div>\n<div class=\"clearfix\"><\/div>\n<\/div>\n<\/div>\n<div class=\"row\">\n<div class=\"zusatzInfo\">\n<div class=\"col-sm-6 col-xs-6\">\n<div class=\"border-bottom-dotted\"><span>comprimento da embalagem em mm<\/span><\/div>\n<\/div>\n<div class=\"col-sm-6 col-xs-6\">\n<div class=\"border-bottom-dotted\"><span>580<\/span><\/div>\n<\/div>\n<div class=\"clearfix\"><\/div>\n<\/div>\n<\/div>\n<div class=\"row\">\n<div class=\"zusatzInfo\">\n<div class=\"col-sm-6 col-xs-6\">\n<div class=\"border-bottom-dotted\"><span>altura da embalagem em mm<\/span><\/div>\n<\/div>\n<div class=\"col-sm-6 col-xs-6\">\n<div class=\"border-bottom-dotted\"><span>530<\/span><\/div>\n<\/div>\n<\/div>\n<\/div>\n<p><\/p>","protected":false},"excerpt":{"rendered":"<p>Destaques &nbsp; Perfeito para montagem na parede Detalhes t\u00e9cnicos dados do motor pot\u00eancia do motor s1 em W 2200 tens\u00e3o 400 V Medidas porta do coletor de p\u00f3 em mm 200\/180 dimens\u00f5es totais em mm 575x585x705 coletores de p\u00f3 desempenho de suc\u00e7\u00e3o em m\u00b3\/h 4000 di\u00e2metro da roda do ventilador em mm 330 hipotens\u00e3o em [&hellip;]<\/p>\n","protected":false},"featured_media":23037,"comment_status":"closed","ping_status":"closed","template":"","meta":[],"product_brand":[],"product_cat":[6879],"product_tag":[],"class_list":{"0":"post-23034","1":"product","2":"type-product","3":"status-publish","4":"has-post-thumbnail","6":"product_cat-aspiradores-extracao-para-madeira","7":"product_shipping_class-ferramentas-medias","9":"first","10":"onbackorder","11":"taxable","12":"shipping-taxable","13":"purchasable","14":"product-type-simple"},"_links":{"self":[{"href":"https:\/\/occasionmachines.com\/pt\/wp-json\/wp\/v2\/product\/23034","targetHints":{"allow":["GET"]}}],"collection":[{"href":"https:\/\/occasionmachines.com\/pt\/wp-json\/wp\/v2\/product"}],"about":[{"href":"https:\/\/occasionmachines.com\/pt\/wp-json\/wp\/v2\/types\/product"}],"replies":[{"embeddable":true,"href":"https:\/\/occasionmachines.com\/pt\/wp-json\/wp\/v2\/comments?post=23034"}],"wp:featuredmedia":[{"embeddable":true,"href":"https:\/\/occasionmachines.com\/pt\/wp-json\/wp\/v2\/media\/23037"}],"wp:attachment":[{"href":"https:\/\/occasionmachines.com\/pt\/wp-json\/wp\/v2\/media?parent=23034"}],"wp:term":[{"taxonomy":"product_brand","embeddable":true,"href":"https:\/\/occasionmachines.com\/pt\/wp-json\/wp\/v2\/product_brand?post=23034"},{"taxonomy":"product_cat","embeddable":true,"href":"https:\/\/occasionmachines.com\/pt\/wp-json\/wp\/v2\/product_cat?post=23034"},{"taxonomy":"product_tag","embeddable":true,"href":"https:\/\/occasionmachines.com\/pt\/wp-json\/wp\/v2\/product_tag?post=23034"}],"curies":[{"name":"wp","href":"https:\/\/api.w.org\/{rel}","templated":true}]}}