{"id":23038,"date":"2019-05-30T17:31:27","date_gmt":"2019-05-30T16:31:27","guid":{"rendered":"https:\/\/occasionmachines.com\/?post_type=product&#038;p=23038"},"modified":"2025-05-27T10:07:49","modified_gmt":"2025-05-27T09:07:49","slug":"extrator-aspirador-abs3880_400v","status":"publish","type":"product","link":"https:\/\/occasionmachines.com\/pt\/produto\/extrator-aspirador-abs3880_400v\/","title":{"rendered":"Extrator\/Aspirador Holzmann ABS3880_400V"},"content":{"rendered":"<p><\/p>\n<h3><strong>Destaques<\/strong><\/h3>\n<p>&nbsp;<\/p>\n<ul>\n<li><span>constru\u00e7\u00e3o est\u00e1vel em chapa met\u00e1lica e excelente desempenho de fluxo de ar<\/span><\/li>\n<li><span>ventilador de metal rebitado resistente<\/span><\/li>\n<li><span>grande capacidade de saco de chips, portanto, baixa taxa de manuten\u00e7\u00e3o<\/span><\/li>\n<li><span>o design inteligente permite alta velocidade do ar e melhor desempenho (CFM)<\/span><\/li>\n<li><span>projetado para desempenho est\u00e1vel em servi\u00e7o cont\u00ednuo<\/span><\/li>\n<li><span>rela\u00e7\u00e3o custo-desempenho perfeita<\/span><\/li>\n<li><span>alto desempenho de suc\u00e7\u00e3o gra\u00e7as \u00e0 grande superf\u00edcie do filtro<\/span><\/li>\n<li><span>move-se pela oficina sem esfor\u00e7o em 4 rod\u00edzios girat\u00f3rios.<\/span><\/li>\n<\/ul>\n<p><strong><span>inclu\u00eddo na entrega:<\/span><\/strong><span>\u00a0dispositivo m\u00f3vel, tampa de conex\u00e3o, conjunto de sacos para p\u00f3 e lascas<\/span><\/p>\n<h3><strong>Detalhes t\u00e9cnicos<\/strong><\/h3>\n<div class=\"row groupRow\">\n<div class=\"zusatzInfo\">\n<div class=\"col-sm-6 col-xs-6\">\n<div class=\"border-bottom-dotted\"><strong><span>dados do motor<\/span><\/strong><\/div>\n<\/div>\n<div class=\"clearfix\"><\/div>\n<\/div>\n<\/div>\n<div class=\"row\">\n<div class=\"zusatzInfo\">\n<div class=\"col-sm-6 col-xs-6\">\n<div class=\"border-bottom-dotted\"><span>pot\u00eancia do motor s6 em W<\/span><\/div>\n<\/div>\n<div class=\"col-sm-6 col-xs-6\">\n<div class=\"border-bottom-dotted\"><span>3300<\/span><\/div>\n<\/div>\n<div class=\"clearfix\"><\/div>\n<\/div>\n<\/div>\n<div class=\"row\">\n<div class=\"zusatzInfo\">\n<div class=\"col-sm-6 col-xs-6\">\n<div class=\"border-bottom-dotted\"><span>pot\u00eancia do motor s1 em W<\/span><\/div>\n<\/div>\n<div class=\"col-sm-6 col-xs-6\">\n<div class=\"border-bottom-dotted\"><span>2200<\/span><\/div>\n<\/div>\n<div class=\"clearfix\"><\/div>\n<\/div>\n<\/div>\n<div class=\"row\">\n<div class=\"zusatzInfo\">\n<div class=\"col-sm-6 col-xs-6\">\n<div class=\"border-bottom-dotted\"><span>velocidade em min-1<\/span><\/div>\n<\/div>\n<div class=\"col-sm-6 col-xs-6\">\n<div class=\"border-bottom-dotted\"><span>2950<\/span><\/div>\n<\/div>\n<div class=\"clearfix\"><\/div>\n<\/div>\n<\/div>\n<div class=\"row\">\n<div class=\"zusatzInfo\">\n<div class=\"col-sm-6 col-xs-6\">\n<div class=\"border-bottom-dotted\"><span>tens\u00e3o<\/span><\/div>\n<\/div>\n<div class=\"col-sm-6 col-xs-6\">\n<div class=\"border-bottom-dotted\"><span>400 V<\/span><\/div>\n<\/div>\n<div class=\"clearfix\"><\/div>\n<\/div>\n<\/div>\n<div class=\"row groupRow\">\n<div class=\"zusatzInfo\">\n<div class=\"col-sm-6 col-xs-6\">\n<div class=\"border-bottom-dotted\"><strong><span>Medidas<\/span><\/strong><\/div>\n<\/div>\n<div class=\"clearfix\"><\/div>\n<\/div>\n<\/div>\n<div class=\"row\">\n<div class=\"zusatzInfo\">\n<div class=\"col-sm-6 col-xs-6\">\n<div class=\"border-bottom-dotted\"><span>porta do coletor de p\u00f3 em mm<\/span><\/div>\n<\/div>\n<div class=\"col-sm-6 col-xs-6\">\n<div class=\"border-bottom-dotted\"><span>3&#215;100<\/span><\/div>\n<\/div>\n<div class=\"clearfix\"><\/div>\n<\/div>\n<\/div>\n<div class=\"row\">\n<div class=\"zusatzInfo\">\n<div class=\"col-sm-6 col-xs-6\">\n<div class=\"border-bottom-dotted\"><span>m\u00e1x. altura em mm<\/span><\/div>\n<\/div>\n<div class=\"col-sm-6 col-xs-6\">\n<div class=\"border-bottom-dotted\"><span>2200<\/span><\/div>\n<\/div>\n<div class=\"clearfix\"><\/div>\n<\/div>\n<\/div>\n<div class=\"row groupRow\">\n<div class=\"zusatzInfo\">\n<div class=\"col-sm-6 col-xs-6\">\n<div class=\"border-bottom-dotted\"><strong><span>coletores de p\u00f3<\/span><\/strong><\/div>\n<\/div>\n<div class=\"clearfix\"><\/div>\n<\/div>\n<\/div>\n<div class=\"row\">\n<div class=\"zusatzInfo\">\n<div class=\"col-sm-6 col-xs-6\">\n<div class=\"border-bottom-dotted\"><span>desempenho de suc\u00e7\u00e3o em m\u00b3\/h<\/span><\/div>\n<\/div>\n<div class=\"col-sm-6 col-xs-6\">\n<div class=\"border-bottom-dotted\"><span>3880<\/span><\/div>\n<\/div>\n<div class=\"clearfix\"><\/div>\n<\/div>\n<\/div>\n<div class=\"row\">\n<div class=\"zusatzInfo\">\n<div class=\"col-sm-6 col-xs-6\">\n<div class=\"border-bottom-dotted\"><span>capacidade do saco de chips em l<\/span><\/div>\n<\/div>\n<div class=\"col-sm-6 col-xs-6\">\n<div class=\"border-bottom-dotted\"><span>2&#215;200<\/span><\/div>\n<\/div>\n<div class=\"clearfix\"><\/div>\n<\/div>\n<\/div>\n<div class=\"row\">\n<div class=\"zusatzInfo\">\n<div class=\"col-sm-6 col-xs-6\">\n<div class=\"border-bottom-dotted\"><span>di\u00e2metro do saco de chips em mm<\/span><\/div>\n<\/div>\n<div class=\"col-sm-6 col-xs-6\">\n<div class=\"border-bottom-dotted\"><span>500<\/span><\/div>\n<\/div>\n<div class=\"clearfix\"><\/div>\n<\/div>\n<\/div>\n<div class=\"row\">\n<div class=\"zusatzInfo\">\n<div class=\"col-sm-6 col-xs-6\">\n<div class=\"border-bottom-dotted\"><span>comprimento do saco de chips em mm<\/span><\/div>\n<\/div>\n<div class=\"col-sm-6 col-xs-6\">\n<div class=\"border-bottom-dotted\"><span>1480<\/span><\/div>\n<\/div>\n<div class=\"clearfix\"><\/div>\n<\/div>\n<\/div>\n<div class=\"row\">\n<div class=\"zusatzInfo\">\n<div class=\"col-sm-6 col-xs-6\">\n<div class=\"border-bottom-dotted\"><span>di\u00e2metro da roda do ventilador em mm<\/span><\/div>\n<\/div>\n<div class=\"col-sm-6 col-xs-6\">\n<div class=\"border-bottom-dotted\"><span>300<\/span><\/div>\n<\/div>\n<div class=\"clearfix\"><\/div>\n<\/div>\n<\/div>\n<div class=\"row\">\n<div class=\"zusatzInfo\">\n<div class=\"col-sm-6 col-xs-6\">\n<div class=\"border-bottom-dotted\"><span>hipotens\u00e3o em Pa<\/span><\/div>\n<\/div>\n<div class=\"col-sm-6 col-xs-6\">\n<div class=\"border-bottom-dotted\"><span>1750<\/span><\/div>\n<\/div>\n<div class=\"clearfix\"><\/div>\n<\/div>\n<\/div>\n<div class=\"row groupRow\">\n<div class=\"zusatzInfo\">\n<div class=\"col-sm-6 col-xs-6\">\n<div class=\"border-bottom-dotted\"><strong><span>n\u00edvel de volume e vibra\u00e7\u00e3o<\/span><\/strong><\/div>\n<\/div>\n<div class=\"clearfix\"><\/div>\n<\/div>\n<\/div>\n<div class=\"row\">\n<div class=\"zusatzInfo\">\n<div class=\"col-sm-6 col-xs-6\">\n<div class=\"border-bottom-dotted\"><span>n\u00edvel de pot\u00eancia sonora em dB(A)<\/span><\/div>\n<\/div>\n<div class=\"col-sm-6 col-xs-6\">\n<div class=\"border-bottom-dotted\"><span>102.1<\/span><\/div>\n<\/div>\n<div class=\"clearfix\"><\/div>\n<\/div>\n<\/div>\n<div class=\"row\">\n<div class=\"zusatzInfo\">\n<div class=\"col-sm-6 col-xs-6\">\n<div class=\"border-bottom-dotted\"><span>n\u00edvel de press\u00e3o sonora em dB(A)<\/span><\/div>\n<\/div>\n<div class=\"col-sm-6 col-xs-6\">\n<div class=\"border-bottom-dotted\"><span>89,4<\/span><\/div>\n<\/div>\n<div class=\"clearfix\"><\/div>\n<\/div>\n<\/div>\n<div class=\"row groupRow\">\n<div class=\"zusatzInfo\">\n<div class=\"col-sm-6 col-xs-6\">\n<div class=\"border-bottom-dotted\"><strong><span>peso<\/span><\/strong><\/div>\n<\/div>\n<div class=\"clearfix\"><\/div>\n<\/div>\n<\/div>\n<div class=\"row\">\n<div class=\"zusatzInfo\">\n<div class=\"col-sm-6 col-xs-6\">\n<div class=\"border-bottom-dotted\"><span>peso l\u00edquido em kg<\/span><\/div>\n<\/div>\n<div class=\"col-sm-6 col-xs-6\">\n<div class=\"border-bottom-dotted\"><span>52<\/span><\/div>\n<\/div>\n<div class=\"clearfix\"><\/div>\n<\/div>\n<\/div>\n<div class=\"row\">\n<div class=\"zusatzInfo\">\n<div class=\"col-sm-6 col-xs-6\">\n<div class=\"border-bottom-dotted\"><span>peso bruto em kg<\/span><\/div>\n<\/div>\n<div class=\"col-sm-6 col-xs-6\">\n<div class=\"border-bottom-dotted\"><span>54<\/span><\/div>\n<\/div>\n<div class=\"clearfix\"><\/div>\n<\/div>\n<\/div>\n<div class=\"row groupRow\">\n<div class=\"zusatzInfo\">\n<div class=\"col-sm-6 col-xs-6\">\n<div class=\"border-bottom-dotted\"><strong><span>embalagem<\/span><\/strong><\/div>\n<\/div>\n<div class=\"clearfix\"><\/div>\n<\/div>\n<\/div>\n<div class=\"row\">\n<div class=\"zusatzInfo\">\n<div class=\"col-sm-6 col-xs-6\">\n<div class=\"border-bottom-dotted\"><span>altura da embalagem em mm<\/span><\/div>\n<\/div>\n<div class=\"col-sm-6 col-xs-6\">\n<div class=\"border-bottom-dotted\"><span>570<\/span><\/div>\n<\/div>\n<div class=\"clearfix\"><\/div>\n<\/div>\n<\/div>\n<div class=\"row\">\n<div class=\"zusatzInfo\">\n<div class=\"col-sm-6 col-xs-6\">\n<div class=\"border-bottom-dotted\"><span>largura da embalagem em mm<\/span><\/div>\n<\/div>\n<div class=\"col-sm-6 col-xs-6\">\n<div class=\"border-bottom-dotted\"><span>560<\/span><\/div>\n<\/div>\n<div class=\"clearfix\"><\/div>\n<\/div>\n<\/div>\n<div class=\"row\">\n<div class=\"zusatzInfo\">\n<div class=\"col-sm-6 col-xs-6\">\n<div class=\"border-bottom-dotted\"><span>comprimento da embalagem em mm<\/span><\/div>\n<\/div>\n<div class=\"col-sm-6 col-xs-6\">\n<div class=\"border-bottom-dotted\"><span>1.170<\/span><\/div>\n<\/div>\n<\/div>\n<\/div>\n<p><\/p>","protected":false},"excerpt":{"rendered":"<p>Destaques &nbsp; constru\u00e7\u00e3o est\u00e1vel em chapa met\u00e1lica e excelente desempenho de fluxo de ar ventilador de metal rebitado resistente grande capacidade de saco de chips, portanto, baixa taxa de manuten\u00e7\u00e3o o design inteligente permite alta velocidade do ar e melhor desempenho (CFM) projetado para desempenho est\u00e1vel em servi\u00e7o cont\u00ednuo rela\u00e7\u00e3o custo-desempenho perfeita alto desempenho de [&hellip;]<\/p>\n","protected":false},"featured_media":23039,"comment_status":"closed","ping_status":"closed","template":"","meta":[],"product_brand":[],"product_cat":[6879],"product_tag":[],"class_list":{"0":"post-23038","1":"product","2":"type-product","3":"status-publish","4":"has-post-thumbnail","6":"product_cat-aspiradores-extracao-para-madeira","7":"product_shipping_class-ferramentas-grandes","9":"first","10":"onbackorder","11":"taxable","12":"shipping-taxable","13":"purchasable","14":"product-type-simple"},"_links":{"self":[{"href":"https:\/\/occasionmachines.com\/pt\/wp-json\/wp\/v2\/product\/23038","targetHints":{"allow":["GET"]}}],"collection":[{"href":"https:\/\/occasionmachines.com\/pt\/wp-json\/wp\/v2\/product"}],"about":[{"href":"https:\/\/occasionmachines.com\/pt\/wp-json\/wp\/v2\/types\/product"}],"replies":[{"embeddable":true,"href":"https:\/\/occasionmachines.com\/pt\/wp-json\/wp\/v2\/comments?post=23038"}],"wp:featuredmedia":[{"embeddable":true,"href":"https:\/\/occasionmachines.com\/pt\/wp-json\/wp\/v2\/media\/23039"}],"wp:attachment":[{"href":"https:\/\/occasionmachines.com\/pt\/wp-json\/wp\/v2\/media?parent=23038"}],"wp:term":[{"taxonomy":"product_brand","embeddable":true,"href":"https:\/\/occasionmachines.com\/pt\/wp-json\/wp\/v2\/product_brand?post=23038"},{"taxonomy":"product_cat","embeddable":true,"href":"https:\/\/occasionmachines.com\/pt\/wp-json\/wp\/v2\/product_cat?post=23038"},{"taxonomy":"product_tag","embeddable":true,"href":"https:\/\/occasionmachines.com\/pt\/wp-json\/wp\/v2\/product_tag?post=23038"}],"curies":[{"name":"wp","href":"https:\/\/api.w.org\/{rel}","templated":true}]}}