{"id":23864,"date":"2019-06-10T23:26:15","date_gmt":"2019-06-10T22:26:15","guid":{"rendered":"https:\/\/occasionmachines.com\/?post_type=product&#038;p=23864"},"modified":"2025-05-26T18:24:59","modified_gmt":"2025-05-26T17:24:59","slug":"carrinho-de-ferramentas-ww790w","status":"publish","type":"product","link":"https:\/\/occasionmachines.com\/pt\/produto\/carrinho-de-ferramentas-ww790w\/","title":{"rendered":"Carrinho de Ferramentas Holzmann WW790W"},"content":{"rendered":"<p><\/p>\n<h3><strong>Destaques<\/strong><\/h3>\n<p>&nbsp;<\/p>\n<ul>\n<li><span>preenchido com gavetas de ferramentas de cromo-van\u00e1dio de alta qualidade com rolamentos de esferas<\/span><\/li>\n<li><span>para uso m\u00f3vel com al\u00e7a conveniente e sistema de travamento<\/span><\/li>\n<li><span>dur\u00e1vel e robusto gra\u00e7as \u00e0 constru\u00e7\u00e3o de parede refor\u00e7ada<\/span><\/li>\n<li><span>o revestimento em p\u00f3 proporciona maior resist\u00eancia \u00e0 ferrugem<\/span><\/li>\n<\/ul>\n<h3><strong>Detalhes t\u00e9cnicos<\/strong><\/h3>\n<div class=\"row groupRow\">\n<div class=\"zusatzInfo\">\n<div class=\"col-sm-6 col-xs-6\">\n<div class=\"border-bottom-dotted\"><strong><span>Medidas<\/span><\/strong><\/div>\n<\/div>\n<div class=\"clearfix\"><\/div>\n<\/div>\n<\/div>\n<div class=\"row\">\n<div class=\"zusatzInfo\">\n<div class=\"col-sm-6 col-xs-6\">\n<div class=\"border-bottom-dotted\"><span>dimens\u00f5es totais em mm<\/span><\/div>\n<\/div>\n<div class=\"col-sm-6 col-xs-6\">\n<div class=\"border-bottom-dotted\"><span>790x480x1050<\/span><\/div>\n<\/div>\n<div class=\"clearfix\"><\/div>\n<\/div>\n<\/div>\n<div class=\"row groupRow\">\n<div class=\"zusatzInfo\">\n<div class=\"col-sm-6 col-xs-6\">\n<div class=\"border-bottom-dotted\"><strong><span>oficinas m\u00f3veis<\/span><\/strong><\/div>\n<\/div>\n<div class=\"clearfix\"><\/div>\n<\/div>\n<\/div>\n<div class=\"row\">\n<div class=\"zusatzInfo\">\n<div class=\"col-sm-6 col-xs-6\">\n<div class=\"border-bottom-dotted\"><span>tamanho da gaveta em mm<\/span><\/div>\n<\/div>\n<div class=\"col-sm-6 col-xs-6\">\n<div class=\"border-bottom-dotted\"><span>575&#215;75 (1-5) \/ 575&#215;135 (6) \/ 575&#215;155 (7)<\/span><\/div>\n<\/div>\n<div class=\"clearfix\"><\/div>\n<\/div>\n<\/div>\n<div class=\"row\">\n<div class=\"zusatzInfo\">\n<div class=\"col-sm-6 col-xs-6\">\n<div class=\"border-bottom-dotted\"><span>m\u00e1x.\u00a0carga \u00fatil das gavetas em kg<\/span><\/div>\n<\/div>\n<div class=\"col-sm-6 col-xs-6\">\n<div class=\"border-bottom-dotted\"><span>25 (1-5) \/ 35 (6) \/ 40 (7)<\/span><\/div>\n<\/div>\n<div class=\"clearfix\"><\/div>\n<\/div>\n<\/div>\n<div class=\"row\">\n<div class=\"zusatzInfo\">\n<div class=\"col-sm-6 col-xs-6\">\n<div class=\"border-bottom-dotted\"><span>quantidade de gavetas<\/span><\/div>\n<\/div>\n<div class=\"col-sm-6 col-xs-6\">\n<div class=\"border-bottom-dotted\"><span>7<\/span><\/div>\n<\/div>\n<div class=\"clearfix\"><\/div>\n<\/div>\n<\/div>\n<div class=\"row groupRow\">\n<div class=\"zusatzInfo\">\n<div class=\"col-sm-6 col-xs-6\">\n<div class=\"border-bottom-dotted\"><strong><span>peso<\/span><\/strong><\/div>\n<\/div>\n<div class=\"clearfix\"><\/div>\n<\/div>\n<\/div>\n<div class=\"row\">\n<div class=\"zusatzInfo\">\n<div class=\"col-sm-6 col-xs-6\">\n<div class=\"border-bottom-dotted\"><span>peso l\u00edquido em kg<\/span><\/div>\n<\/div>\n<div class=\"col-sm-6 col-xs-6\">\n<div class=\"border-bottom-dotted\"><span>75,50<\/span><\/div>\n<\/div>\n<div class=\"clearfix\"><\/div>\n<\/div>\n<\/div>\n<div class=\"row\">\n<div class=\"zusatzInfo\">\n<div class=\"col-sm-6 col-xs-6\">\n<div class=\"border-bottom-dotted\"><span>peso bruto em kg<\/span><\/div>\n<\/div>\n<div class=\"col-sm-6 col-xs-6\">\n<div class=\"border-bottom-dotted\"><span>79,50<\/span><\/div>\n<\/div>\n<div class=\"clearfix\"><\/div>\n<\/div>\n<\/div>\n<div class=\"row groupRow\">\n<div class=\"zusatzInfo\">\n<div class=\"col-sm-6 col-xs-6\">\n<div class=\"border-bottom-dotted\"><strong><span>embalagem<\/span><\/strong><\/div>\n<\/div>\n<div class=\"clearfix\"><\/div>\n<\/div>\n<\/div>\n<div class=\"row\">\n<div class=\"zusatzInfo\">\n<div class=\"col-sm-6 col-xs-6\">\n<div class=\"border-bottom-dotted\"><span>altura da embalagem em mm<\/span><\/div>\n<\/div>\n<div class=\"col-sm-6 col-xs-6\">\n<div class=\"border-bottom-dotted\"><span>1.050<\/span><\/div>\n<\/div>\n<div class=\"clearfix\"><\/div>\n<\/div>\n<\/div>\n<div class=\"row\">\n<div class=\"zusatzInfo\">\n<div class=\"col-sm-6 col-xs-6\">\n<div class=\"border-bottom-dotted\"><span>largura da embalagem em mm<\/span><\/div>\n<\/div>\n<div class=\"col-sm-6 col-xs-6\">\n<div class=\"border-bottom-dotted\"><span>480<\/span><\/div>\n<\/div>\n<div class=\"clearfix\"><\/div>\n<\/div>\n<\/div>\n<div class=\"row\">\n<div class=\"zusatzInfo\">\n<div class=\"col-sm-6 col-xs-6\">\n<div class=\"border-bottom-dotted\"><span>comprimento da embalagem em mm<\/span><\/div>\n<\/div>\n<div class=\"col-sm-6 col-xs-6\">\n<div class=\"border-bottom-dotted\"><span>790<\/span><\/div>\n<\/div>\n<\/div>\n<\/div>\n<p><\/p>","protected":false},"excerpt":{"rendered":"<p>Destaques &nbsp; preenchido com gavetas de ferramentas de cromo-van\u00e1dio de alta qualidade com rolamentos de esferas para uso m\u00f3vel com al\u00e7a conveniente e sistema de travamento dur\u00e1vel e robusto gra\u00e7as \u00e0 constru\u00e7\u00e3o de parede refor\u00e7ada o revestimento em p\u00f3 proporciona maior resist\u00eancia \u00e0 ferrugem Detalhes t\u00e9cnicos Medidas dimens\u00f5es totais em mm 790x480x1050 oficinas m\u00f3veis tamanho [&hellip;]<\/p>\n","protected":false},"featured_media":23865,"comment_status":"closed","ping_status":"closed","template":"","meta":[],"product_brand":[],"product_cat":[4920],"product_tag":[],"class_list":{"0":"post-23864","1":"product","2":"type-product","3":"status-publish","4":"has-post-thumbnail","6":"product_cat-carrinhos-de-ferramentas","7":"product_shipping_class-maquinas-pequenas","9":"first","10":"onbackorder","11":"sold-individually","12":"taxable","13":"shipping-taxable","14":"purchasable","15":"product-type-simple"},"_links":{"self":[{"href":"https:\/\/occasionmachines.com\/pt\/wp-json\/wp\/v2\/product\/23864","targetHints":{"allow":["GET"]}}],"collection":[{"href":"https:\/\/occasionmachines.com\/pt\/wp-json\/wp\/v2\/product"}],"about":[{"href":"https:\/\/occasionmachines.com\/pt\/wp-json\/wp\/v2\/types\/product"}],"replies":[{"embeddable":true,"href":"https:\/\/occasionmachines.com\/pt\/wp-json\/wp\/v2\/comments?post=23864"}],"wp:featuredmedia":[{"embeddable":true,"href":"https:\/\/occasionmachines.com\/pt\/wp-json\/wp\/v2\/media\/23865"}],"wp:attachment":[{"href":"https:\/\/occasionmachines.com\/pt\/wp-json\/wp\/v2\/media?parent=23864"}],"wp:term":[{"taxonomy":"product_brand","embeddable":true,"href":"https:\/\/occasionmachines.com\/pt\/wp-json\/wp\/v2\/product_brand?post=23864"},{"taxonomy":"product_cat","embeddable":true,"href":"https:\/\/occasionmachines.com\/pt\/wp-json\/wp\/v2\/product_cat?post=23864"},{"taxonomy":"product_tag","embeddable":true,"href":"https:\/\/occasionmachines.com\/pt\/wp-json\/wp\/v2\/product_tag?post=23864"}],"curies":[{"name":"wp","href":"https:\/\/api.w.org\/{rel}","templated":true}]}}