{"id":23873,"date":"2019-06-10T23:28:39","date_gmt":"2019-06-10T22:28:39","guid":{"rendered":"https:\/\/occasionmachines.com\/?post_type=product&#038;p=23873"},"modified":"2025-05-26T18:24:48","modified_gmt":"2025-05-26T17:24:48","slug":"bancada-wb210","status":"publish","type":"product","link":"https:\/\/occasionmachines.com\/pt\/produto\/bancada-wb210\/","title":{"rendered":"Bancada Holzmann WB210"},"content":{"rendered":"<p><\/p>\n<div class=\"desc\">\n<h3><strong>Destaques<\/strong><\/h3>\n<p>&nbsp;<\/p>\n<ul>\n<li>bancada de madeira maci\u00e7a para diversas aplica\u00e7\u00f5es, ideal para bricolage de oficinas profissionais<\/li>\n<li>bancada em madeira de seringueira (22mm)<\/li>\n<li>dois tornos<\/li>\n<li>muito espa\u00e7o de armazenamento (bandejas, gaveta)<\/li>\n<\/ul>\n<h3><strong>Detalhes t\u00e9cnicos<\/strong><\/h3>\n<div class=\"row groupRow\">\n<div class=\"zusatzInfo\">\n<div class=\"col-sm-6 col-xs-6\">\n<div class=\"border-bottom-dotted\"><strong><span>Medidas<\/span><\/strong><\/div>\n<\/div>\n<div class=\"clearfix\"><\/div>\n<\/div>\n<\/div>\n<div class=\"row\">\n<div class=\"zusatzInfo\">\n<div class=\"col-sm-6 col-xs-6\">\n<div class=\"border-bottom-dotted\"><span>dimens\u00f5es totais em mm<\/span><\/div>\n<\/div>\n<div class=\"col-sm-6 col-xs-6\">\n<div class=\"border-bottom-dotted\"><span>2110x780x820<\/span><\/div>\n<\/div>\n<div class=\"clearfix\"><\/div>\n<\/div>\n<\/div>\n<div class=\"row\">\n<div class=\"zusatzInfo\">\n<div class=\"col-sm-6 col-xs-6\">\n<div class=\"border-bottom-dotted\"><span>tipo de madeira<\/span><\/div>\n<\/div>\n<div class=\"col-sm-6 col-xs-6\">\n<div class=\"border-bottom-dotted\"><span>Gummibaumholz\/madeira de borracha<\/span><\/div>\n<\/div>\n<div class=\"clearfix\"><\/div>\n<\/div>\n<\/div>\n<div class=\"row\">\n<div class=\"zusatzInfo\">\n<div class=\"col-sm-6 col-xs-6\">\n<div class=\"border-bottom-dotted\"><span>altura da mesa em mm<\/span><\/div>\n<\/div>\n<div class=\"col-sm-6 col-xs-6\">\n<div class=\"border-bottom-dotted\"><span>820<\/span><\/div>\n<\/div>\n<div class=\"clearfix\"><\/div>\n<\/div>\n<\/div>\n<div class=\"row groupRow\">\n<div class=\"zusatzInfo\">\n<div class=\"col-sm-6 col-xs-6\">\n<div class=\"border-bottom-dotted\"><strong><span>oficinas m\u00f3veis<\/span><\/strong><\/div>\n<\/div>\n<div class=\"clearfix\"><\/div>\n<\/div>\n<\/div>\n<div class=\"row\">\n<div class=\"zusatzInfo\">\n<div class=\"col-sm-6 col-xs-6\">\n<div class=\"border-bottom-dotted\"><span>quantidade de gavetas<\/span><\/div>\n<\/div>\n<div class=\"col-sm-6 col-xs-6\">\n<div class=\"border-bottom-dotted\"><span>1<\/span><\/div>\n<\/div>\n<div class=\"clearfix\"><\/div>\n<\/div>\n<\/div>\n<div class=\"row\">\n<div class=\"zusatzInfo\">\n<div class=\"col-sm-6 col-xs-6\">\n<div class=\"border-bottom-dotted\"><span>m\u00e1x.\u00a0carga \u00fatil das gavetas em kg<\/span><\/div>\n<\/div>\n<div class=\"col-sm-6 col-xs-6\">\n<div class=\"border-bottom-dotted\"><span>5<\/span><\/div>\n<\/div>\n<div class=\"clearfix\"><\/div>\n<\/div>\n<\/div>\n<div class=\"row\">\n<div class=\"zusatzInfo\">\n<div class=\"col-sm-6 col-xs-6\">\n<div class=\"border-bottom-dotted\"><span>tamanho da gaveta em mm<\/span><\/div>\n<\/div>\n<div class=\"col-sm-6 col-xs-6\">\n<div class=\"border-bottom-dotted\"><span>320x320x70<\/span><\/div>\n<\/div>\n<div class=\"clearfix\"><\/div>\n<\/div>\n<\/div>\n<div class=\"row groupRow\">\n<div class=\"zusatzInfo\">\n<div class=\"col-sm-6 col-xs-6\">\n<div class=\"border-bottom-dotted\"><strong><span>peso<\/span><\/strong><\/div>\n<\/div>\n<div class=\"clearfix\"><\/div>\n<\/div>\n<\/div>\n<div class=\"row\">\n<div class=\"zusatzInfo\">\n<div class=\"col-sm-6 col-xs-6\">\n<div class=\"border-bottom-dotted\"><span>peso l\u00edquido em kg<\/span><\/div>\n<\/div>\n<div class=\"col-sm-6 col-xs-6\">\n<div class=\"border-bottom-dotted\"><span>56<\/span><\/div>\n<\/div>\n<div class=\"clearfix\"><\/div>\n<\/div>\n<\/div>\n<div class=\"row\">\n<div class=\"zusatzInfo\">\n<div class=\"col-sm-6 col-xs-6\">\n<div class=\"border-bottom-dotted\"><span>peso bruto em kg<\/span><\/div>\n<\/div>\n<div class=\"col-sm-6 col-xs-6\">\n<div class=\"border-bottom-dotted\"><span>65<\/span><\/div>\n<\/div>\n<div class=\"clearfix\"><\/div>\n<\/div>\n<\/div>\n<div class=\"row groupRow\">\n<div class=\"zusatzInfo\">\n<div class=\"col-sm-6 col-xs-6\">\n<div class=\"border-bottom-dotted\"><strong><span>embalagem<\/span><\/strong><\/div>\n<\/div>\n<div class=\"clearfix\"><\/div>\n<\/div>\n<\/div>\n<div class=\"row\">\n<div class=\"zusatzInfo\">\n<div class=\"col-sm-6 col-xs-6\">\n<div class=\"border-bottom-dotted\"><span>altura da embalagem em mm<\/span><\/div>\n<\/div>\n<div class=\"col-sm-6 col-xs-6\">\n<div class=\"border-bottom-dotted\"><span>170<\/span><\/div>\n<\/div>\n<div class=\"clearfix\"><\/div>\n<\/div>\n<\/div>\n<div class=\"row\">\n<div class=\"zusatzInfo\">\n<div class=\"col-sm-6 col-xs-6\">\n<div class=\"border-bottom-dotted\"><span>largura da embalagem em mm<\/span><\/div>\n<\/div>\n<div class=\"col-sm-6 col-xs-6\">\n<div class=\"border-bottom-dotted\"><span>670<\/span><\/div>\n<\/div>\n<div class=\"clearfix\"><\/div>\n<\/div>\n<\/div>\n<div class=\"row\">\n<div class=\"zusatzInfo\">\n<div class=\"col-sm-6 col-xs-6\">\n<div class=\"border-bottom-dotted\"><span>comprimento da embalagem em mm<\/span><\/div>\n<\/div>\n<div class=\"col-sm-6 col-xs-6\">\n<div class=\"border-bottom-dotted\"><span>2.170<\/span><\/div>\n<\/div>\n<\/div>\n<\/div>\n<\/div>\n<p><\/p>","protected":false},"excerpt":{"rendered":"<p>Destaques &nbsp; bancada de madeira maci\u00e7a para diversas aplica\u00e7\u00f5es, ideal para bricolage de oficinas profissionais bancada em madeira de seringueira (22mm) dois tornos muito espa\u00e7o de armazenamento (bandejas, gaveta) Detalhes t\u00e9cnicos Medidas dimens\u00f5es totais em mm 2110x780x820 tipo de madeira Gummibaumholz\/madeira de borracha altura da mesa em mm 820 oficinas m\u00f3veis quantidade de gavetas 1 [&hellip;]<\/p>\n","protected":false},"featured_media":23874,"comment_status":"closed","ping_status":"closed","template":"","meta":[],"product_brand":[],"product_cat":[4920],"product_tag":[],"class_list":{"0":"post-23873","1":"product","2":"type-product","3":"status-publish","4":"has-post-thumbnail","6":"product_cat-carrinhos-de-ferramentas","7":"product_shipping_class-ferramentas-grandes","9":"first","10":"onbackorder","11":"sold-individually","12":"taxable","13":"shipping-taxable","14":"purchasable","15":"product-type-simple"},"_links":{"self":[{"href":"https:\/\/occasionmachines.com\/pt\/wp-json\/wp\/v2\/product\/23873","targetHints":{"allow":["GET"]}}],"collection":[{"href":"https:\/\/occasionmachines.com\/pt\/wp-json\/wp\/v2\/product"}],"about":[{"href":"https:\/\/occasionmachines.com\/pt\/wp-json\/wp\/v2\/types\/product"}],"replies":[{"embeddable":true,"href":"https:\/\/occasionmachines.com\/pt\/wp-json\/wp\/v2\/comments?post=23873"}],"wp:featuredmedia":[{"embeddable":true,"href":"https:\/\/occasionmachines.com\/pt\/wp-json\/wp\/v2\/media\/23874"}],"wp:attachment":[{"href":"https:\/\/occasionmachines.com\/pt\/wp-json\/wp\/v2\/media?parent=23873"}],"wp:term":[{"taxonomy":"product_brand","embeddable":true,"href":"https:\/\/occasionmachines.com\/pt\/wp-json\/wp\/v2\/product_brand?post=23873"},{"taxonomy":"product_cat","embeddable":true,"href":"https:\/\/occasionmachines.com\/pt\/wp-json\/wp\/v2\/product_cat?post=23873"},{"taxonomy":"product_tag","embeddable":true,"href":"https:\/\/occasionmachines.com\/pt\/wp-json\/wp\/v2\/product_tag?post=23873"}],"curies":[{"name":"wp","href":"https:\/\/api.w.org\/{rel}","templated":true}]}}