{"id":3751,"date":"2015-12-04T15:59:41","date_gmt":"2015-12-04T15:59:41","guid":{"rendered":"http:\/\/occasionmachines.com\/?post_type=product&#038;p=3751"},"modified":"2025-03-07T17:43:46","modified_gmt":"2025-03-07T17:43:46","slug":"torno-1000","status":"publish","type":"product","link":"https:\/\/occasionmachines.com\/pt\/produto\/torno-1000\/","title":{"rendered":"Torno 1000"},"content":{"rendered":"<p>Torno 10<\/p>\n<hr \/>\n<p>00<\/p>\n<p>Bucha 3 grampos 160 mil\u00edmetros \u00d8<br \/>\nBucha 4 grampos 200 mil\u00edmetros \u00d8<br \/>\nPrato 200 mil\u00edmetros<\/p>\n<p>Dados t\u00e9cnicos:<\/p>\n<p>N\u00famero de velocidades : 9<\/p>\n<p>velocidade de gama: 64-1500 rev \/ min<br \/>\nTorneamento sobre o barramento di\u00e2metro: 305 mil\u00edmetros<br \/>\nDist\u00e2ncia entre pontos: 940 mil\u00edmetros<br \/>\nFuso cone MT 3<br \/>\nPonto cone MT 3<br \/>\nRosca m\u00e9trica: 0,25 &#8211; 7,5<br \/>\nsegmento polegadas: 4-12 TPI<\/p>\n<p>Motor 1.1 kW \/ 1.5 HP 400 Volt \/ 50Hz<br \/>\nDimens\u00f5es sem base: LxWxH 168x62x60 cm<br \/>\nDimens\u00f5es com Base: LxWxH 168x62x129 cm<br \/>\nPeso sem base: 431 kg<br \/>\nPeso com base: 472 kg<\/p>","protected":false},"excerpt":{"rendered":"<p>Torno 10 00 Bucha 3 grampos 160 mil\u00edmetros \u00d8 Bucha 4 grampos 200 mil\u00edmetros \u00d8 Prato 200 mil\u00edmetros Dados t\u00e9cnicos: N\u00famero de velocidades : 9 velocidade de gama: 64-1500 rev \/ min Torneamento sobre o barramento di\u00e2metro: 305 mil\u00edmetros Dist\u00e2ncia entre pontos: 940 mil\u00edmetros Fuso cone MT 3 Ponto cone MT 3 Rosca m\u00e9trica: 0,25 [&hellip;]<\/p>\n","protected":false},"featured_media":3763,"comment_status":"closed","ping_status":"closed","template":"","meta":[],"product_brand":[],"product_cat":[1836],"product_tag":[1856,1935,1886,1937,1936,1938,1939,1932,1895,1901,1943,1933,1934,1942,1941,4410,1944,4404,1940],"class_list":{"0":"post-3751","1":"product","2":"type-product","3":"status-publish","4":"has-post-thumbnail","6":"product_cat-torno-mecanico","7":"product_tag-comprar-torno-mecanico-usado","8":"product_tag-mini-torno","9":"product_tag-torno","10":"product_tag-torno-1000","11":"product_tag-torno-1m","12":"product_tag-torno-1m-entre-pontos","13":"product_tag-torno-de-1m","14":"product_tag-torno-mecanic","15":"product_tag-torno-mecanico","16":"product_tag-torno-mecanico-novo","17":"product_tag-torno-medio","18":"product_tag-torno-novo","19":"product_tag-torno-novos","20":"product_tag-torno-pequeno","21":"product_tag-torno-pequeno3","22":"product_tag-tornos-mecanicos","23":"product_tag-tornos-mecanicos-1m","24":"product_tag-tornos-mecanicos-novos","25":"product_tag-tornos-pequenos","26":"product_shipping_class-maquinas-medias","28":"first","29":"onbackorder","30":"taxable","31":"shipping-taxable","32":"purchasable","33":"product-type-simple"},"_links":{"self":[{"href":"https:\/\/occasionmachines.com\/pt\/wp-json\/wp\/v2\/product\/3751","targetHints":{"allow":["GET"]}}],"collection":[{"href":"https:\/\/occasionmachines.com\/pt\/wp-json\/wp\/v2\/product"}],"about":[{"href":"https:\/\/occasionmachines.com\/pt\/wp-json\/wp\/v2\/types\/product"}],"replies":[{"embeddable":true,"href":"https:\/\/occasionmachines.com\/pt\/wp-json\/wp\/v2\/comments?post=3751"}],"wp:featuredmedia":[{"embeddable":true,"href":"https:\/\/occasionmachines.com\/pt\/wp-json\/wp\/v2\/media\/3763"}],"wp:attachment":[{"href":"https:\/\/occasionmachines.com\/pt\/wp-json\/wp\/v2\/media?parent=3751"}],"wp:term":[{"taxonomy":"product_brand","embeddable":true,"href":"https:\/\/occasionmachines.com\/pt\/wp-json\/wp\/v2\/product_brand?post=3751"},{"taxonomy":"product_cat","embeddable":true,"href":"https:\/\/occasionmachines.com\/pt\/wp-json\/wp\/v2\/product_cat?post=3751"},{"taxonomy":"product_tag","embeddable":true,"href":"https:\/\/occasionmachines.com\/pt\/wp-json\/wp\/v2\/product_tag?post=3751"}],"curies":[{"name":"wp","href":"https:\/\/api.w.org\/{rel}","templated":true}]}}