{"id":3766,"date":"2015-12-06T01:47:18","date_gmt":"2015-12-06T01:47:18","guid":{"rendered":"http:\/\/occasionmachines.com\/?post_type=product&#038;p=3766"},"modified":"2022-01-25T08:07:37","modified_gmt":"2022-01-25T08:07:37","slug":"guilhotina-quinadeira-calandra-3-em-1","status":"publish","type":"product","link":"https:\/\/occasionmachines.com\/pt\/produto\/guilhotina-quinadeira-calandra-3-em-1\/","title":{"rendered":"Guilhotina, Quinadeira, Calandra 3 em 1"},"content":{"rendered":"<p>Especifica\u00e7\u00f5es dobrar:<\/p>\n<p>Os segmentos da dobragem come\u00e7a em 25 mm (25\/40\/50\/64\/100\/177\/230\/254 e 380 mm).<\/p>\n<p>Tamb\u00e9m tem a op\u00e7\u00e3o de barras redondas de 6\/8\/10 mm di\u00e2metro. Dobrar e par\u00e2metros do rolo pode ser ajustada. Incl. batente ajust\u00e1vel para tr\u00e1s e frente.<\/p>\n<p>Especifica\u00e7\u00f5es para corte e quinagem:<br \/>\n* 50 mm de di\u00e2metro de rolo de 90 graus \u00e2ngulo de flex\u00e3o<br \/>\n* M\u00e1x. Espessura da chapa: 1 mm<br \/>\n* Largura de trabalho: 1.320 mil\u00edmetros<br \/>\n* Peso aproximadamente: 360 kg<br \/>\n* Dimens\u00f5es: L x W x H: 1730 x 800 x 620 mm<\/p>\n<p>Contacte-nos para mais informa\u00e7\u00f5es inclui envio.<\/p>","protected":false},"excerpt":{"rendered":"<p>Especifica\u00e7\u00f5es dobrar: Os segmentos da dobragem come\u00e7a em 25 mm (25\/40\/50\/64\/100\/177\/230\/254 e 380 mm). Tamb\u00e9m tem a op\u00e7\u00e3o de barras redondas de 6\/8\/10 mm di\u00e2metro. Dobrar e par\u00e2metros do rolo pode ser ajustada. Incl. batente ajust\u00e1vel para tr\u00e1s e frente. Especifica\u00e7\u00f5es para corte e quinagem: * 50 mm de di\u00e2metro de rolo de 90 graus [&hellip;]<\/p>\n","protected":false},"featured_media":3767,"comment_status":"closed","ping_status":"closed","template":"","meta":[],"product_brand":[],"product_cat":[2870],"product_tag":[1959,1954,1960,1951,1955,1958,1957,1949,1956,1953,1950,1952],"class_list":{"0":"post-3766","1":"product","2":"type-product","3":"status-publish","4":"has-post-thumbnail","6":"product_cat-3-em-1-quinadeira-guilhotina-e-calandra","7":"product_tag-bending-machine","8":"product_tag-bending-machine-3-in-1","9":"product_tag-calandra","10":"product_tag-calandra-3-em-1","11":"product_tag-cizalla","12":"product_tag-dobladora","13":"product_tag-dobladora-3-em-1","14":"product_tag-guilhotina","15":"product_tag-plegadora","16":"product_tag-press-brake","17":"product_tag-quinadeira","18":"product_tag-shear","19":"product_shipping_class-maquinas-medias","21":"first","22":"onbackorder","23":"taxable","24":"shipping-taxable","25":"purchasable","26":"product-type-simple"},"_links":{"self":[{"href":"https:\/\/occasionmachines.com\/pt\/wp-json\/wp\/v2\/product\/3766","targetHints":{"allow":["GET"]}}],"collection":[{"href":"https:\/\/occasionmachines.com\/pt\/wp-json\/wp\/v2\/product"}],"about":[{"href":"https:\/\/occasionmachines.com\/pt\/wp-json\/wp\/v2\/types\/product"}],"replies":[{"embeddable":true,"href":"https:\/\/occasionmachines.com\/pt\/wp-json\/wp\/v2\/comments?post=3766"}],"wp:featuredmedia":[{"embeddable":true,"href":"https:\/\/occasionmachines.com\/pt\/wp-json\/wp\/v2\/media\/3767"}],"wp:attachment":[{"href":"https:\/\/occasionmachines.com\/pt\/wp-json\/wp\/v2\/media?parent=3766"}],"wp:term":[{"taxonomy":"product_brand","embeddable":true,"href":"https:\/\/occasionmachines.com\/pt\/wp-json\/wp\/v2\/product_brand?post=3766"},{"taxonomy":"product_cat","embeddable":true,"href":"https:\/\/occasionmachines.com\/pt\/wp-json\/wp\/v2\/product_cat?post=3766"},{"taxonomy":"product_tag","embeddable":true,"href":"https:\/\/occasionmachines.com\/pt\/wp-json\/wp\/v2\/product_tag?post=3766"}],"curies":[{"name":"wp","href":"https:\/\/api.w.org\/{rel}","templated":true}]}}