{"id":38367,"date":"2019-10-18T01:05:02","date_gmt":"2019-10-18T00:05:02","guid":{"rendered":"http:\/\/occasionmachines.com\/?post_type=product&#038;p=38367"},"modified":"2025-05-26T18:17:34","modified_gmt":"2025-05-26T17:17:34","slug":"corta-cantos-angular-fixo-4000-w","status":"publish","type":"product","link":"https:\/\/occasionmachines.com\/pt\/produto\/corta-cantos-angular-fixo-4000-w\/","title":{"rendered":"Corta Cantos Angulo Fixo PCN-F"},"content":{"rendered":"<table border=1 cellspacing=0 cellpadding=0 width=\"100%\">\n<tr>\n<td bgcolor=AntiqueWhite align=left>&nbsp;Caracter\u00edsticas T\u00e9cnicas<\/td>\n<td bgcolor=AntiqueWhite align=left>&nbsp;&#8211;<\/td>\n<td bgcolor=AntiqueWhite align=left>&nbsp;&#8212;<\/td>\n<\/tr>\n<tr>\n<td bgcolor=White>&nbsp;Corte A\u00e7o (90\u00ba)<\/td>\n<td bgcolor=White>&nbsp;mm<\/td>\n<td bgcolor=White>&nbsp;6.5<\/td>\n<\/tr>\n<tr>\n<td bgcolor=White>&nbsp;Corte In\u00f3x (90\u00ba)<\/td>\n<td bgcolor=White>&nbsp;mm<\/td>\n<td bgcolor=White>&nbsp;3<\/td>\n<\/tr>\n<tr>\n<td bgcolor=White>&nbsp;Dimens\u00e3o Mesa<\/td>\n<td bgcolor=White>&nbsp;mm<\/td>\n<td bgcolor=White>&nbsp;800 x 750<\/td>\n<\/tr>\n<tr>\n<td bgcolor=White>&nbsp;Angulo Corte<\/td>\n<td bgcolor=White>&nbsp;<\/td>\n<td bgcolor=White>&nbsp;90\u00ba<\/td>\n<\/tr>\n<tr>\n<td bgcolor=White>&nbsp;Corte p\/ Minuto<\/td>\n<td bgcolor=White>&nbsp;<\/td>\n<td bgcolor=White>&nbsp;25<\/td>\n<\/tr>\n<tr>\n<td bgcolor=White>&nbsp;Comprimento Lamina<\/td>\n<td bgcolor=White>&nbsp;<\/td>\n<td bgcolor=White>&nbsp;250  x 250<\/td>\n<\/tr>\n<tr>\n<td bgcolor=White>&nbsp;Cap. Tanque \u00d3leo<\/td>\n<td bgcolor=White>&nbsp;L<\/td>\n<td bgcolor=White>&nbsp;35<\/td>\n<\/tr>\n<tr>\n<td bgcolor=White>&nbsp;Press\u00e3o M\u00e1x. Trabalho<\/td>\n<td bgcolor=White>&nbsp;bar<\/td>\n<td bgcolor=White>&nbsp;200<\/td>\n<\/tr>\n<tr>\n<td bgcolor=White>&nbsp;Pot\u00eancia Motor<\/td>\n<td bgcolor=White>&nbsp;W<\/td>\n<td bgcolor=White>&nbsp;4000<\/td>\n<\/tr>\n<tr>\n<td bgcolor=White>&nbsp;Voltagem<\/td>\n<td bgcolor=White>&nbsp;<\/td>\n<td bgcolor=White>&nbsp;400 V +\/-15% &#8211; 50Hz<\/td>\n<\/tr>\n<\/table>\n","protected":false},"excerpt":{"rendered":"<p>&nbsp;Caracter\u00edsticas T\u00e9cnicas &nbsp;&#8211; &nbsp;&#8212; &nbsp;Corte A\u00e7o (90\u00ba) &nbsp;mm &nbsp;6.5 &nbsp;Corte In\u00f3x (90\u00ba) &nbsp;mm &nbsp;3 &nbsp;Dimens\u00e3o Mesa &nbsp;mm &nbsp;800 x 750 &nbsp;Angulo Corte &nbsp; &nbsp;90\u00ba &nbsp;Corte p\/ Minuto &nbsp; &nbsp;25 &nbsp;Comprimento Lamina &nbsp; &nbsp;250 x 250 &nbsp;Cap. Tanque \u00d3leo &nbsp;L &nbsp;35 &nbsp;Press\u00e3o M\u00e1x. Trabalho &nbsp;bar &nbsp;200 &nbsp;Pot\u00eancia Motor &nbsp;W &nbsp;4000 &nbsp;Voltagem &nbsp; &nbsp;400 V +\/-15% &#8211; [&hellip;]<\/p>\n","protected":false},"featured_media":64178,"comment_status":"closed","ping_status":"closed","template":"","meta":[],"product_brand":[],"product_cat":[5596],"product_tag":[],"class_list":{"0":"post-38367","1":"product","2":"type-product","3":"status-publish","4":"has-post-thumbnail","6":"product_cat-corta-cantos","8":"first","9":"onbackorder","10":"sold-individually","11":"taxable","12":"shipping-taxable","13":"purchasable","14":"product-type-simple"},"_links":{"self":[{"href":"https:\/\/occasionmachines.com\/pt\/wp-json\/wp\/v2\/product\/38367","targetHints":{"allow":["GET"]}}],"collection":[{"href":"https:\/\/occasionmachines.com\/pt\/wp-json\/wp\/v2\/product"}],"about":[{"href":"https:\/\/occasionmachines.com\/pt\/wp-json\/wp\/v2\/types\/product"}],"replies":[{"embeddable":true,"href":"https:\/\/occasionmachines.com\/pt\/wp-json\/wp\/v2\/comments?post=38367"}],"wp:featuredmedia":[{"embeddable":true,"href":"https:\/\/occasionmachines.com\/pt\/wp-json\/wp\/v2\/media\/64178"}],"wp:attachment":[{"href":"https:\/\/occasionmachines.com\/pt\/wp-json\/wp\/v2\/media?parent=38367"}],"wp:term":[{"taxonomy":"product_brand","embeddable":true,"href":"https:\/\/occasionmachines.com\/pt\/wp-json\/wp\/v2\/product_brand?post=38367"},{"taxonomy":"product_cat","embeddable":true,"href":"https:\/\/occasionmachines.com\/pt\/wp-json\/wp\/v2\/product_cat?post=38367"},{"taxonomy":"product_tag","embeddable":true,"href":"https:\/\/occasionmachines.com\/pt\/wp-json\/wp\/v2\/product_tag?post=38367"}],"curies":[{"name":"wp","href":"https:\/\/api.w.org\/{rel}","templated":true}]}}