{"id":38372,"date":"2019-10-18T01:35:35","date_gmt":"2019-10-18T00:35:35","guid":{"rendered":"http:\/\/occasionmachines.com\/?post_type=product&#038;p=38372"},"modified":"2025-05-26T18:17:08","modified_gmt":"2025-05-26T17:17:08","slug":"puncionadora-85-ton","status":"publish","type":"product","link":"https:\/\/occasionmachines.com\/pt\/produto\/puncionadora-85-ton\/","title":{"rendered":"Puncionadora 85ton C\/ Dois Postos Trabalho PPH85"},"content":{"rendered":"<table border=1 cellspacing=0 cellpadding=0 width=\"100%\">\n<tr>\n<td bgcolor=AntiqueWhite align=left>&nbsp;Caracter\u00edsticas T\u00e9cnicas<\/td>\n<td bgcolor=AntiqueWhite align=left>&nbsp;&#8211;<\/td>\n<td bgcolor=AntiqueWhite align=left>&nbsp;&#8212;<\/td>\n<\/tr>\n<tr>\n<td bgcolor=White>&nbsp;Postos de Trabalho<\/td>\n<td bgcolor=White>&nbsp;<\/td>\n<td bgcolor=White>&nbsp;2<\/td>\n<\/tr>\n<tr>\n<td bgcolor=White>&nbsp;PUNCIONAR<\/td>\n<td bgcolor=White>&nbsp;<\/td>\n<td bgcolor=White>&nbsp;<\/td>\n<\/tr>\n<tr>\n<td bgcolor=White>&nbsp;Di\u00e2metro x Espessura M\u00e1x.<\/td>\n<td bgcolor=White>&nbsp;mm<\/td>\n<td bgcolor=White>&nbsp;\u00d8 33 x 20<\/td>\n<\/tr>\n<tr>\n<td bgcolor=White>&nbsp;Di\u00e2metro x Espessura<\/td>\n<td bgcolor=White>&nbsp;mm<\/td>\n<td bgcolor=White>&nbsp;\u00d8 57 x 12<\/td>\n<\/tr>\n<tr>\n<td bgcolor=White>&nbsp;Di\u00e2metro M\u00e1ximo<\/td>\n<td bgcolor=White>&nbsp;mm<\/td>\n<td bgcolor=White>&nbsp;\u00d8 110 x 4<\/td>\n<\/tr>\n<tr>\n<td bgcolor=White>&nbsp;Curso<\/td>\n<td bgcolor=White>&nbsp;mm<\/td>\n<td bgcolor=White>&nbsp;80<\/td>\n<\/tr>\n<tr>\n<td bgcolor=White>&nbsp;Contagem de Movimentos (20 mm)<\/td>\n<td bgcolor=White>&nbsp;<\/td>\n<td bgcolor=White>&nbsp;x 25<\/td>\n<\/tr>\n<tr>\n<td bgcolor=White>&nbsp;Profundidade<\/td>\n<td bgcolor=White>&nbsp;mm<\/td>\n<td bgcolor=White>&nbsp;355<\/td>\n<\/tr>\n<tr>\n<td bgcolor=White>&nbsp;Altura de trabalho<\/td>\n<td bgcolor=White>&nbsp;mm<\/td>\n<td bgcolor=White>&nbsp;1080<\/td>\n<\/tr>\n<tr>\n<td bgcolor=White>&nbsp;CORTE BARRA DE A\u00c7O<\/td>\n<td bgcolor=White>&nbsp;<\/td>\n<td bgcolor=White>&nbsp;<\/td>\n<\/tr>\n<tr>\n<td bgcolor=White>&nbsp;Redondo \/ quadrado<\/td>\n<td bgcolor=White>&nbsp;mm<\/td>\n<td bgcolor=White>&nbsp;\u00d8 50 &#8211; 50<\/td>\n<\/tr>\n<tr>\n<td bgcolor=White>&nbsp;ANGULO CORTE<\/td>\n<td bgcolor=White>&nbsp;<\/td>\n<td bgcolor=White>&nbsp;<\/td>\n<\/tr>\n<tr>\n<td bgcolor=White>&nbsp;Se\u00e7\u00e3o de \u00e2ngulo (90 \u00b0)<\/td>\n<td bgcolor=White>&nbsp;mm<\/td>\n<td bgcolor=White>&nbsp;150 x 150 x 15<\/td>\n<\/tr>\n<tr>\n<td bgcolor=White>&nbsp;Se\u00e7\u00e3o de \u00e2ngulo (45 \u00b0)<\/td>\n<td bgcolor=White>&nbsp;mm<\/td>\n<td bgcolor=White>&nbsp;80 x 8<\/td>\n<\/tr>\n<tr>\n<td bgcolor=White>&nbsp;Altura de trabalho<\/td>\n<td bgcolor=White>&nbsp;mm<\/td>\n<td bgcolor=White>&nbsp;1200<\/td>\n<\/tr>\n<tr>\n<td bgcolor=White>&nbsp;CORTE CHAPA METAL<\/td>\n<td bgcolor=White>&nbsp;<\/td>\n<td bgcolor=White>&nbsp;<\/td>\n<\/tr>\n<tr>\n<td bgcolor=White>&nbsp;Chapa de metal<\/td>\n<td bgcolor=White>&nbsp;mm<\/td>\n<td bgcolor=White>&nbsp;380 x 20<\/td>\n<\/tr>\n<tr>\n<td bgcolor=White>&nbsp;Chapa de metal<\/td>\n<td bgcolor=White>&nbsp;mm<\/td>\n<td bgcolor=White>&nbsp;480 x 15<\/td>\n<\/tr>\n<tr>\n<td bgcolor=White>&nbsp;Comprimento da l\u00e2mina<\/td>\n<td bgcolor=White>&nbsp;mm<\/td>\n<td bgcolor=White>&nbsp;482<\/td>\n<\/tr>\n<tr>\n<td bgcolor=White>&nbsp;Corte com \u00e2ngulo<\/td>\n<td bgcolor=White>&nbsp;mm<\/td>\n<td bgcolor=White>&nbsp;120 x 15<\/td>\n<\/tr>\n<tr>\n<td bgcolor=White>&nbsp;Altura de trabalho<\/td>\n<td bgcolor=White>&nbsp;mm<\/td>\n<td bgcolor=White>&nbsp;940<\/td>\n<\/tr>\n<tr>\n<td bgcolor=White>&nbsp;ENTALHAR<\/td>\n<td bgcolor=White>&nbsp;<\/td>\n<td bgcolor=White>&nbsp;<\/td>\n<\/tr>\n<tr>\n<td bgcolor=White>&nbsp;Espessura<\/td>\n<td bgcolor=White>&nbsp;mm<\/td>\n<td bgcolor=White>&nbsp;13<\/td>\n<\/tr>\n<tr>\n<td bgcolor=White>&nbsp;Largura<\/td>\n<td bgcolor=White>&nbsp;mm<\/td>\n<td bgcolor=White>&nbsp;52<\/td>\n<\/tr>\n<tr>\n<td bgcolor=White>&nbsp;Profundidade<\/td>\n<td bgcolor=White>&nbsp;mm<\/td>\n<td bgcolor=White>&nbsp;100<\/td>\n<\/tr>\n<tr>\n<td bgcolor=White>&nbsp;Altura de trabalho<\/td>\n<td bgcolor=White>&nbsp;mm<\/td>\n<td bgcolor=White>&nbsp;940<\/td>\n<\/tr>\n<tr>\n<td bgcolor=White>&nbsp;FERRAMENTAS OPCIONAIS<\/td>\n<td bgcolor=White>&nbsp;<\/td>\n<td bgcolor=White>&nbsp;<\/td>\n<\/tr>\n<tr>\n<td bgcolor=White>&nbsp;L\u00e2mina de Se\u00e7\u00e3o U<\/td>\n<td bgcolor=White>&nbsp;<\/td>\n<td bgcolor=White>&nbsp;160 x 74<\/td>\n<\/tr>\n<tr>\n<td bgcolor=White>&nbsp;L\u00e2mina de Se\u00e7\u00e3o I<\/td>\n<td bgcolor=White>&nbsp;mm<\/td>\n<td bgcolor=White>&nbsp;100 x 11<\/td>\n<\/tr>\n<tr>\n<td bgcolor=White>&nbsp;Ferramenta Entalhe V<\/td>\n<td bgcolor=White>&nbsp;mm<\/td>\n<td bgcolor=White>&nbsp;100 x 100 x 13<\/td>\n<\/tr>\n<tr>\n<td bgcolor=White>&nbsp;Dobradora V<\/td>\n<td bgcolor=White>&nbsp;<\/td>\n<td bgcolor=White>&nbsp;<\/td>\n<\/tr>\n<tr>\n<td bgcolor=White>&nbsp;Barra M\u00e1x.<\/td>\n<td bgcolor=White>&nbsp;mm<\/td>\n<td bgcolor=White>&nbsp;250 x 20<\/td>\n<\/tr>\n<tr>\n<td bgcolor=White>&nbsp;Folhas. M\u00e1x.<\/td>\n<td bgcolor=White>&nbsp;mm<\/td>\n<td bgcolor=White>&nbsp;500 x 4<\/td>\n<\/tr>\n<tr>\n<td bgcolor=White>&nbsp;FURA\u00c7\u00c3O MESA TRASEIRA<\/td>\n<td bgcolor=White>&nbsp;<\/td>\n<td bgcolor=White>&nbsp;<\/td>\n<\/tr>\n<tr>\n<td bgcolor=White>&nbsp;Profundidade<\/td>\n<td bgcolor=White>&nbsp;mm<\/td>\n<td bgcolor=White>&nbsp;125<\/td>\n<\/tr>\n<tr>\n<td bgcolor=White>&nbsp;Capacidade M\u00e1x.<\/td>\n<td bgcolor=White>&nbsp;mm<\/td>\n<td bgcolor=White>&nbsp;\u00d8 38 x 10<\/td>\n<\/tr>\n<tr>\n<td bgcolor=White>&nbsp;DADOS T\u00c9CNICOS<\/td>\n<td bgcolor=White>&nbsp;<\/td>\n<td bgcolor=White>&nbsp;<\/td>\n<\/tr>\n<tr>\n<td bgcolor=White>&nbsp;Pot\u00eancia do Motor<\/td>\n<td bgcolor=White>&nbsp;kW<\/td>\n<td bgcolor=White>&nbsp;7.5<\/td>\n<\/tr>\n<tr>\n<td bgcolor=White>&nbsp;Pot\u00eancia (Press\u00e3o)<\/td>\n<td bgcolor=White>&nbsp;t<\/td>\n<td bgcolor=White>&nbsp;85<\/td>\n<\/tr>\n<\/table>\n","protected":false},"excerpt":{"rendered":"<p>&nbsp;Caracter\u00edsticas T\u00e9cnicas &nbsp;&#8211; &nbsp;&#8212; &nbsp;Postos de Trabalho &nbsp; &nbsp;2 &nbsp;PUNCIONAR &nbsp; &nbsp; &nbsp;Di\u00e2metro x Espessura M\u00e1x. &nbsp;mm &nbsp;\u00d8 33 x 20 &nbsp;Di\u00e2metro x Espessura &nbsp;mm &nbsp;\u00d8 57 x 12 &nbsp;Di\u00e2metro M\u00e1ximo &nbsp;mm &nbsp;\u00d8 110 x 4 &nbsp;Curso &nbsp;mm &nbsp;80 &nbsp;Contagem de Movimentos (20 mm) &nbsp; &nbsp;x 25 &nbsp;Profundidade &nbsp;mm &nbsp;355 &nbsp;Altura de trabalho &nbsp;mm &nbsp;1080 [&hellip;]<\/p>\n","protected":false},"featured_media":64180,"comment_status":"closed","ping_status":"closed","template":"","meta":[],"product_brand":[],"product_cat":[7800],"product_tag":[],"class_list":{"0":"post-38372","1":"product","2":"type-product","3":"status-publish","4":"has-post-thumbnail","6":"product_cat-puncionadoras","8":"first","9":"onbackorder","10":"sold-individually","11":"taxable","12":"shipping-taxable","13":"purchasable","14":"product-type-simple"},"_links":{"self":[{"href":"https:\/\/occasionmachines.com\/pt\/wp-json\/wp\/v2\/product\/38372","targetHints":{"allow":["GET"]}}],"collection":[{"href":"https:\/\/occasionmachines.com\/pt\/wp-json\/wp\/v2\/product"}],"about":[{"href":"https:\/\/occasionmachines.com\/pt\/wp-json\/wp\/v2\/types\/product"}],"replies":[{"embeddable":true,"href":"https:\/\/occasionmachines.com\/pt\/wp-json\/wp\/v2\/comments?post=38372"}],"wp:featuredmedia":[{"embeddable":true,"href":"https:\/\/occasionmachines.com\/pt\/wp-json\/wp\/v2\/media\/64180"}],"wp:attachment":[{"href":"https:\/\/occasionmachines.com\/pt\/wp-json\/wp\/v2\/media?parent=38372"}],"wp:term":[{"taxonomy":"product_brand","embeddable":true,"href":"https:\/\/occasionmachines.com\/pt\/wp-json\/wp\/v2\/product_brand?post=38372"},{"taxonomy":"product_cat","embeddable":true,"href":"https:\/\/occasionmachines.com\/pt\/wp-json\/wp\/v2\/product_cat?post=38372"},{"taxonomy":"product_tag","embeddable":true,"href":"https:\/\/occasionmachines.com\/pt\/wp-json\/wp\/v2\/product_tag?post=38372"}],"curies":[{"name":"wp","href":"https:\/\/api.w.org\/{rel}","templated":true}]}}