{"id":38381,"date":"2019-10-18T03:26:24","date_gmt":"2019-10-18T02:26:24","guid":{"rendered":"http:\/\/occasionmachines.com\/?post_type=product&#038;p=38381"},"modified":"2025-05-26T18:16:44","modified_gmt":"2025-05-26T17:16:44","slug":"curvadora-de-tubos-eletro-hidraulica-b2se","status":"publish","type":"product","link":"https:\/\/occasionmachines.com\/pt\/produto\/curvadora-de-tubos-eletro-hidraulica-b2se\/","title":{"rendered":"Curvadora Tubo Eletrica Tripe 1\/2&#8243;-2&#8243; PHB2SE 230V"},"content":{"rendered":"<table border=1 cellspacing=0 cellpadding=0 width=\"100%\">\n<tr>\n<td bgcolor=AntiqueWhite align=left>&nbsp;Caracter\u00edsticas T\u00e9cnicas<\/td>\n<td bgcolor=AntiqueWhite align=left>&nbsp;&#8211;<\/td>\n<td bgcolor=AntiqueWhite align=left>&nbsp;&#8212;<\/td>\n<\/tr>\n<tr>\n<td bgcolor=White>&nbsp;Voltagem Alimenta\u00e7\u00e3o Bomba Hidr\u00e1ulica<\/td>\n<td bgcolor=White>&nbsp;<\/td>\n<td bgcolor=White>&nbsp;230 V AC +\/- 15%. 50Hz<\/td>\n<\/tr>\n<tr>\n<td bgcolor=White>&nbsp;Pot\u00eancia Bomba Hidr\u00e1ulica<\/td>\n<td bgcolor=White>&nbsp;<\/td>\n<td bgcolor=White>&nbsp;750 W \/ 1 HP<\/td>\n<\/tr>\n<tr>\n<td bgcolor=White>&nbsp;Press\u00e3o M\u00e1x.<\/td>\n<td bgcolor=White>&nbsp;t<\/td>\n<td bgcolor=White>&nbsp;9<\/td>\n<\/tr>\n<tr>\n<td bgcolor=White>&nbsp;Curso M\u00e1x.<\/td>\n<td bgcolor=White>&nbsp;mm<\/td>\n<td bgcolor=White>&nbsp;250<\/td>\n<\/tr>\n<tr>\n<td bgcolor=White>&nbsp;Intervalo Trabalho<\/td>\n<td bgcolor=White>&nbsp;mm<\/td>\n<td bgcolor=White>&nbsp;\u00d8 21.5 &#8211; 60<\/td>\n<\/tr>\n<tr>\n<td bgcolor=White>&nbsp;Moldes<\/td>\n<td bgcolor=White>&nbsp;<\/td>\n<td bgcolor=White>&nbsp;1\/2\u201d &#8211; 3\/4\u201d &#8211; 1\u201d &#8211; 1\u00bc\u201d &#8211; 1\u00bd &#8211; 2\u201d<\/td>\n<\/tr>\n<tr>\n<td bgcolor=White>&nbsp;Espessura Tubo<\/td>\n<td bgcolor=White>&nbsp;mm<\/td>\n<td bgcolor=White>&nbsp;2.75 &#8211; 4.5<\/td>\n<\/tr>\n<tr>\n<td bgcolor=White>&nbsp;Altura Trip\u00e9<\/td>\n<td bgcolor=White>&nbsp;<\/td>\n<td bgcolor=White>&nbsp;58<\/td>\n<\/tr>\n<\/table>\n","protected":false},"excerpt":{"rendered":"<p>&nbsp;Caracter\u00edsticas T\u00e9cnicas &nbsp;&#8211; &nbsp;&#8212; &nbsp;Voltagem Alimenta\u00e7\u00e3o Bomba Hidr\u00e1ulica &nbsp; &nbsp;230 V AC +\/- 15%. 50Hz &nbsp;Pot\u00eancia Bomba Hidr\u00e1ulica &nbsp; &nbsp;750 W \/ 1 HP &nbsp;Press\u00e3o M\u00e1x. &nbsp;t &nbsp;9 &nbsp;Curso M\u00e1x. &nbsp;mm &nbsp;250 &nbsp;Intervalo Trabalho &nbsp;mm &nbsp;\u00d8 21.5 &#8211; 60 &nbsp;Moldes &nbsp; &nbsp;1\/2\u201d &#8211; 3\/4\u201d &#8211; 1\u201d &#8211; 1\u00bc\u201d &#8211; 1\u00bd &#8211; 2\u201d &nbsp;Espessura Tubo &nbsp;mm [&hellip;]<\/p>\n","protected":false},"featured_media":63117,"comment_status":"closed","ping_status":"closed","template":"","meta":[],"product_brand":[],"product_cat":[4332],"product_tag":[],"class_list":{"0":"post-38381","1":"product","2":"type-product","3":"status-publish","4":"has-post-thumbnail","6":"product_cat-maquinas-de-dobrar-tubos","8":"first","9":"onbackorder","10":"sold-individually","11":"taxable","12":"shipping-taxable","13":"purchasable","14":"product-type-simple"},"_links":{"self":[{"href":"https:\/\/occasionmachines.com\/pt\/wp-json\/wp\/v2\/product\/38381","targetHints":{"allow":["GET"]}}],"collection":[{"href":"https:\/\/occasionmachines.com\/pt\/wp-json\/wp\/v2\/product"}],"about":[{"href":"https:\/\/occasionmachines.com\/pt\/wp-json\/wp\/v2\/types\/product"}],"replies":[{"embeddable":true,"href":"https:\/\/occasionmachines.com\/pt\/wp-json\/wp\/v2\/comments?post=38381"}],"wp:featuredmedia":[{"embeddable":true,"href":"https:\/\/occasionmachines.com\/pt\/wp-json\/wp\/v2\/media\/63117"}],"wp:attachment":[{"href":"https:\/\/occasionmachines.com\/pt\/wp-json\/wp\/v2\/media?parent=38381"}],"wp:term":[{"taxonomy":"product_brand","embeddable":true,"href":"https:\/\/occasionmachines.com\/pt\/wp-json\/wp\/v2\/product_brand?post=38381"},{"taxonomy":"product_cat","embeddable":true,"href":"https:\/\/occasionmachines.com\/pt\/wp-json\/wp\/v2\/product_cat?post=38381"},{"taxonomy":"product_tag","embeddable":true,"href":"https:\/\/occasionmachines.com\/pt\/wp-json\/wp\/v2\/product_tag?post=38381"}],"curies":[{"name":"wp","href":"https:\/\/api.w.org\/{rel}","templated":true}]}}