{"id":38395,"date":"2019-10-18T14:52:33","date_gmt":"2019-10-18T13:52:33","guid":{"rendered":"http:\/\/occasionmachines.com\/?post_type=product&#038;p=38395"},"modified":"2025-05-26T18:19:27","modified_gmt":"2025-05-26T17:19:27","slug":"curvadora-3-rolos","status":"publish","type":"product","link":"https:\/\/occasionmachines.com\/pt\/produto\/curvadora-3-rolos\/","title":{"rendered":"Curvadora 3 Rolos 30 mm"},"content":{"rendered":"<p>Posi\u00e7\u00e3o de Trabalho Horizontal e Vertical<\/p>\n<p><strong>Dados T\u00e9cnicos<\/strong><\/p>\n<ul>\n<li>Di\u00e2metro do Eixo: 30 mm<\/li>\n<li>Pot\u00eancia: 750W \/ 1HP<\/li>\n<li>Velocidade do Eixo: 9 R.P.M<\/li>\n<li>Dimens\u00f5es da caixa: 62x50x133 cm<\/li>\n<li>Peso: 282kg<\/li>\n<\/ul>\n<p>Estrutura em a\u00e7o<br \/>\n2 rolos acionados direto na caixa engrenagens<br \/>\nRolos Temperados<br \/>\nRolos e eixos em a\u00e7o especial temperado e re?ficado<br \/>\nEixo dos rolos apoiado sobre rolamentos<br \/>\nRolos Estandar<br \/>\nRolos para calandragem de tubos<br \/>\nRolos para calandragem de perfil<br \/>\nRolos para calandragem de cantoneiras<br \/>\nLeitor digital<br \/>\nGuia lateral para cantoneiras<\/p>","protected":false},"excerpt":{"rendered":"<p>Posi\u00e7\u00e3o de Trabalho Horizontal e Vertical Dados T\u00e9cnicos Di\u00e2metro do Eixo: 30 mm Pot\u00eancia: 750W \/ 1HP Velocidade do Eixo: 9 R.P.M Dimens\u00f5es da caixa: 62x50x133 cm Peso: 282kg Estrutura em a\u00e7o 2 rolos acionados direto na caixa engrenagens Rolos Temperados Rolos e eixos em a\u00e7o especial temperado e re?ficado Eixo dos rolos apoiado sobre [&hellip;]<\/p>\n","protected":false},"featured_media":52118,"comment_status":"open","ping_status":"closed","template":"","meta":[],"product_brand":[],"product_cat":[4332],"product_tag":[],"class_list":{"0":"post-38395","1":"product","2":"type-product","3":"status-publish","4":"has-post-thumbnail","6":"product_cat-maquinas-de-dobrar-tubos","8":"first","9":"onbackorder","10":"sold-individually","11":"taxable","12":"shipping-taxable","13":"purchasable","14":"product-type-variable"},"_links":{"self":[{"href":"https:\/\/occasionmachines.com\/pt\/wp-json\/wp\/v2\/product\/38395","targetHints":{"allow":["GET"]}}],"collection":[{"href":"https:\/\/occasionmachines.com\/pt\/wp-json\/wp\/v2\/product"}],"about":[{"href":"https:\/\/occasionmachines.com\/pt\/wp-json\/wp\/v2\/types\/product"}],"replies":[{"embeddable":true,"href":"https:\/\/occasionmachines.com\/pt\/wp-json\/wp\/v2\/comments?post=38395"}],"wp:featuredmedia":[{"embeddable":true,"href":"https:\/\/occasionmachines.com\/pt\/wp-json\/wp\/v2\/media\/52118"}],"wp:attachment":[{"href":"https:\/\/occasionmachines.com\/pt\/wp-json\/wp\/v2\/media?parent=38395"}],"wp:term":[{"taxonomy":"product_brand","embeddable":true,"href":"https:\/\/occasionmachines.com\/pt\/wp-json\/wp\/v2\/product_brand?post=38395"},{"taxonomy":"product_cat","embeddable":true,"href":"https:\/\/occasionmachines.com\/pt\/wp-json\/wp\/v2\/product_cat?post=38395"},{"taxonomy":"product_tag","embeddable":true,"href":"https:\/\/occasionmachines.com\/pt\/wp-json\/wp\/v2\/product_tag?post=38395"}],"curies":[{"name":"wp","href":"https:\/\/api.w.org\/{rel}","templated":true}]}}