{"id":38412,"date":"2019-10-19T15:01:41","date_gmt":"2019-10-19T14:01:41","guid":{"rendered":"http:\/\/occasionmachines.com\/?post_type=product&#038;p=38412"},"modified":"2025-05-26T18:09:03","modified_gmt":"2025-05-26T17:09:03","slug":"torno-de-bancada-750mm","status":"publish","type":"product","link":"https:\/\/occasionmachines.com\/pt\/produto\/torno-de-bancada-750mm\/","title":{"rendered":"Torno Mecanico C\/ Bancada PBL750"},"content":{"rendered":"<table border=1 cellspacing=0 cellpadding=0 width=\"100%\">\n<tr>\n<td bgcolor=AntiqueWhite align=left>&nbsp;Caracter\u00edsticas T\u00e9cnicas<\/td>\n<td bgcolor=AntiqueWhite align=left>&nbsp;&#8211;<\/td>\n<td bgcolor=AntiqueWhite align=left>&nbsp;&#8212;<\/td>\n<\/tr>\n<tr>\n<td bgcolor=White>&nbsp;Voltagem<\/td>\n<td bgcolor=White>&nbsp;V<\/td>\n<td bgcolor=White>&nbsp;230<\/td>\n<\/tr>\n<tr>\n<td bgcolor=White>&nbsp;Pot\u00eancia do Motor<\/td>\n<td bgcolor=White>&nbsp;W<\/td>\n<td bgcolor=White>&nbsp;750 <\/td>\n<\/tr>\n<tr>\n<td bgcolor=White>&nbsp;Dist\u00e2ncia Entre Pontos<\/td>\n<td bgcolor=White>&nbsp;mm<\/td>\n<td bgcolor=White>&nbsp;750 <\/td>\n<\/tr>\n<tr>\n<td bgcolor=White>&nbsp;Di\u00e2metro M\u00e1ximo Torne\u00e1vel<\/td>\n<td bgcolor=White>&nbsp;mm<\/td>\n<td bgcolor=White>&nbsp;250 <\/td>\n<\/tr>\n<tr>\n<td bgcolor=White>&nbsp;Di\u00e2m. Torne\u00e1vel sobre Carro<\/td>\n<td bgcolor=White>&nbsp;mm<\/td>\n<td bgcolor=White>&nbsp;150 <\/td>\n<\/tr>\n<tr>\n<td bgcolor=White>&nbsp;Comprimento da Cava<\/td>\n<td bgcolor=White>&nbsp;mm<\/td>\n<td bgcolor=White>&nbsp;135<\/td>\n<\/tr>\n<tr>\n<td bgcolor=White>&nbsp;Curso do Carro<\/td>\n<td bgcolor=White>&nbsp;mm<\/td>\n<td bgcolor=White>&nbsp;75 <\/td>\n<\/tr>\n<tr>\n<td bgcolor=White>&nbsp;Curso do Carro Superior<\/td>\n<td bgcolor=White>&nbsp;mm<\/td>\n<td bgcolor=White>&nbsp;55 <\/td>\n<\/tr>\n<tr>\n<td bgcolor=White>&nbsp;Furo da \u00c1rvore<\/td>\n<td bgcolor=White>&nbsp;mm<\/td>\n<td bgcolor=White>&nbsp;26 <\/td>\n<\/tr>\n<tr>\n<td bgcolor=White>&nbsp;Cone da \u00c1rvore<\/td>\n<td bgcolor=White>&nbsp;<\/td>\n<td bgcolor=White>&nbsp;MT4<\/td>\n<\/tr>\n<tr>\n<td bgcolor=White>&nbsp;Cone do Contraponto<\/td>\n<td bgcolor=White>&nbsp;<\/td>\n<td bgcolor=White>&nbsp;MT2<\/td>\n<\/tr>\n<tr>\n<td bgcolor=White>&nbsp;Velocidades da \u00c1rvore<\/td>\n<td bgcolor=White>&nbsp;rpm<\/td>\n<td bgcolor=White>&nbsp;125-2000\/50-2500 <\/td>\n<\/tr>\n<tr>\n<td bgcolor=White>&nbsp;Avan\u00e7o Longitudinal<\/td>\n<td bgcolor=White>&nbsp;mm\/rev<\/td>\n<td bgcolor=White>&nbsp;0.07-0.20 <\/td>\n<\/tr>\n<tr>\n<td bgcolor=White>&nbsp;Roscas (M\u00e9tricas\/Polegadas)<\/td>\n<td bgcolor=White>&nbsp;tpi<\/td>\n<td bgcolor=White>&nbsp;0.2-3.5 mm \/ 8-56 <\/td>\n<\/tr>\n<\/table>\n","protected":false},"excerpt":{"rendered":"<p>&nbsp;Caracter\u00edsticas T\u00e9cnicas &nbsp;&#8211; &nbsp;&#8212; &nbsp;Voltagem &nbsp;V &nbsp;230 &nbsp;Pot\u00eancia do Motor &nbsp;W &nbsp;750 &nbsp;Dist\u00e2ncia Entre Pontos &nbsp;mm &nbsp;750 &nbsp;Di\u00e2metro M\u00e1ximo Torne\u00e1vel &nbsp;mm &nbsp;250 &nbsp;Di\u00e2m. Torne\u00e1vel sobre Carro &nbsp;mm &nbsp;150 &nbsp;Comprimento da Cava &nbsp;mm &nbsp;135 &nbsp;Curso do Carro &nbsp;mm &nbsp;75 &nbsp;Curso do Carro Superior &nbsp;mm &nbsp;55 &nbsp;Furo da \u00c1rvore &nbsp;mm &nbsp;26 &nbsp;Cone da \u00c1rvore &nbsp; &nbsp;MT4 &nbsp;Cone [&hellip;]<\/p>\n","protected":false},"featured_media":55870,"comment_status":"closed","ping_status":"closed","template":"","meta":[],"product_brand":[],"product_cat":[1836],"product_tag":[],"class_list":{"0":"post-38412","1":"product","2":"type-product","3":"status-publish","4":"has-post-thumbnail","6":"product_cat-torno-mecanico","8":"first","9":"onbackorder","10":"sold-individually","11":"taxable","12":"shipping-taxable","13":"purchasable","14":"product-type-simple"},"_links":{"self":[{"href":"https:\/\/occasionmachines.com\/pt\/wp-json\/wp\/v2\/product\/38412","targetHints":{"allow":["GET"]}}],"collection":[{"href":"https:\/\/occasionmachines.com\/pt\/wp-json\/wp\/v2\/product"}],"about":[{"href":"https:\/\/occasionmachines.com\/pt\/wp-json\/wp\/v2\/types\/product"}],"replies":[{"embeddable":true,"href":"https:\/\/occasionmachines.com\/pt\/wp-json\/wp\/v2\/comments?post=38412"}],"wp:featuredmedia":[{"embeddable":true,"href":"https:\/\/occasionmachines.com\/pt\/wp-json\/wp\/v2\/media\/55870"}],"wp:attachment":[{"href":"https:\/\/occasionmachines.com\/pt\/wp-json\/wp\/v2\/media?parent=38412"}],"wp:term":[{"taxonomy":"product_brand","embeddable":true,"href":"https:\/\/occasionmachines.com\/pt\/wp-json\/wp\/v2\/product_brand?post=38412"},{"taxonomy":"product_cat","embeddable":true,"href":"https:\/\/occasionmachines.com\/pt\/wp-json\/wp\/v2\/product_cat?post=38412"},{"taxonomy":"product_tag","embeddable":true,"href":"https:\/\/occasionmachines.com\/pt\/wp-json\/wp\/v2\/product_tag?post=38412"}],"curies":[{"name":"wp","href":"https:\/\/api.w.org\/{rel}","templated":true}]}}