{"id":38414,"date":"2019-10-19T15:09:30","date_gmt":"2019-10-19T14:09:30","guid":{"rendered":"http:\/\/occasionmachines.com\/?post_type=product&#038;p=38414"},"modified":"2025-05-26T18:08:52","modified_gmt":"2025-05-26T17:08:52","slug":"torno-de-bancada-1000mm","status":"publish","type":"product","link":"https:\/\/occasionmachines.com\/pt\/produto\/torno-de-bancada-1000mm\/","title":{"rendered":"Torno Mec\u00e2nico de Bancada 1000mm"},"content":{"rendered":"<p><strong>Dados T\u00e9cnicos<\/strong><\/p>\n<ul>\n<li>Di\u00e2metro Torne\u00e1vel: 320mm<\/li>\n<li>Dist\u00e2ncia entre Pontos: 1000mm<\/li>\n<li>Di\u00e2metro Torne\u00e1vel sobre o Carro: 320 mm<\/li>\n<li>Di\u00e2metro Torne\u00e1vel na Cava: 450 mm<\/li>\n<li>Comprimento da Cava: 100 mm<\/li>\n<li>Curso do Carro: 160mm<\/li>\n<li>Curso do Carro Superior: 76 mm<\/li>\n<li>Furo da \u00c1rvore: 38mm<\/li>\n<li>Cone \u00c1rvore: MT5<\/li>\n<li>Cone Contaponto: MT3<\/li>\n<li>Velocidade \u00c1rvore: 70-2000rpm<\/li>\n<li>Avan\u00e7o Longitudinal: 0.079-1.291 mm<\/li>\n<li>Roscas (M\u00e9tricas\/Polegadas): 0.4-7 mm \/ 4-60 TPI<\/li>\n<li>Roscas Diametral Pitch: 8-120 D.P.<\/li>\n<li>Pot\u00eancia do Motor: 1500W<\/li>\n<li>Dimens\u00f5es Embalagem: 182x53x135cm<\/li>\n<li>Peso: 605 KG<\/li>\n<\/ul>\n<p>Acess\u00f3rios: Bucha de 4 grampos, Bucha de 3 grampos, L\u00e2mpada de trabalho, Guarda da bucha, Ponto fixo MT3, Prato, Guias de 3 e 2 pontos, Caixa ferramentas com jogo de chaves<\/p>","protected":false},"excerpt":{"rendered":"<p>Dados T\u00e9cnicos Di\u00e2metro Torne\u00e1vel: 320mm Dist\u00e2ncia entre Pontos: 1000mm Di\u00e2metro Torne\u00e1vel sobre o Carro: 320 mm Di\u00e2metro Torne\u00e1vel na Cava: 450 mm Comprimento da Cava: 100 mm Curso do Carro: 160mm Curso do Carro Superior: 76 mm Furo da \u00c1rvore: 38mm Cone \u00c1rvore: MT5 Cone Contaponto: MT3 Velocidade \u00c1rvore: 70-2000rpm Avan\u00e7o Longitudinal: 0.079-1.291 mm Roscas [&hellip;]<\/p>\n","protected":false},"featured_media":52102,"comment_status":"open","ping_status":"closed","template":"","meta":[],"product_brand":[],"product_cat":[1836],"product_tag":[],"class_list":{"0":"post-38414","1":"product","2":"type-product","3":"status-publish","4":"has-post-thumbnail","6":"product_cat-torno-mecanico","8":"first","9":"onbackorder","10":"sold-individually","11":"taxable","12":"shipping-taxable","13":"purchasable","14":"product-type-variable"},"_links":{"self":[{"href":"https:\/\/occasionmachines.com\/pt\/wp-json\/wp\/v2\/product\/38414","targetHints":{"allow":["GET"]}}],"collection":[{"href":"https:\/\/occasionmachines.com\/pt\/wp-json\/wp\/v2\/product"}],"about":[{"href":"https:\/\/occasionmachines.com\/pt\/wp-json\/wp\/v2\/types\/product"}],"replies":[{"embeddable":true,"href":"https:\/\/occasionmachines.com\/pt\/wp-json\/wp\/v2\/comments?post=38414"}],"wp:featuredmedia":[{"embeddable":true,"href":"https:\/\/occasionmachines.com\/pt\/wp-json\/wp\/v2\/media\/52102"}],"wp:attachment":[{"href":"https:\/\/occasionmachines.com\/pt\/wp-json\/wp\/v2\/media?parent=38414"}],"wp:term":[{"taxonomy":"product_brand","embeddable":true,"href":"https:\/\/occasionmachines.com\/pt\/wp-json\/wp\/v2\/product_brand?post=38414"},{"taxonomy":"product_cat","embeddable":true,"href":"https:\/\/occasionmachines.com\/pt\/wp-json\/wp\/v2\/product_cat?post=38414"},{"taxonomy":"product_tag","embeddable":true,"href":"https:\/\/occasionmachines.com\/pt\/wp-json\/wp\/v2\/product_tag?post=38414"}],"curies":[{"name":"wp","href":"https:\/\/api.w.org\/{rel}","templated":true}]}}