{"id":38418,"date":"2019-10-20T22:40:33","date_gmt":"2019-10-20T21:40:33","guid":{"rendered":"http:\/\/occasionmachines.com\/?post_type=product&#038;p=38418"},"modified":"2025-05-26T18:09:30","modified_gmt":"2025-05-26T17:09:30","slug":"torno-mecanico-2000mm","status":"publish","type":"product","link":"https:\/\/occasionmachines.com\/pt\/produto\/torno-mecanico-2000mm\/","title":{"rendered":"Torno Mec\u00e2nico de Bancada 2000mm\/3000mm"},"content":{"rendered":"<p><strong>Dados T\u00e9cnicos<\/strong><\/p>\n<ul>\n<li>Pot\u00eancia do Motor: 7500W<\/li>\n<li>Di\u00e2metro M\u00e1ximo Torne\u00e1vel: 660 mm<\/li>\n<li>Di\u00e2metro Torne\u00e1vel sobre Carro: 440 mm<\/li>\n<li>Comprimento da Cava: 250 mm<\/li>\n<li>Di\u00e2metro Eixo Contraponto: 90 mm<\/li>\n<li>Acopolamento Contraponto: MT5<\/li>\n<li>Di\u00e2metro Torne\u00e1vel na Cava: 900 mm<\/li>\n<li>Altura Contraponto: 330 mm<\/li>\n<li>Curso do Contraponto: 235 mm<\/li>\n<li>Largura Barramento: 400 mm<\/li>\n<li>Tamanho M\u00e1x. Ferro: 25 x 25 mm<\/li>\n<li>Movimento Torreta Lateral: 368 mm<\/li>\n<li>Movimento Torreta Topo: 230 mm<\/li>\n<li>Acopolamento da Bucha: D1-8<\/li>\n<li>Acopolamento Casquilho Redutor: 113 mm (1:20) \/ MT5<\/li>\n<li>Furo da \u00c1rvore: 105 mm<\/li>\n<li>Parafuso Tamanho Grande: 40 mm X 2 TPI ou 40 mm X 12 mm<\/li>\n<li>Velocidades da \u00c1rvore: 16 Veloc.: 25 ~ 1600 rpm<\/li>\n<li>Roscas M\u00e9tricas; 54 Modos: 0,45 ~ 120 mm<\/li>\n<li>Roscas Polegadas: 54 Modos: 7\/16 ~ 80 TPI<\/li>\n<li>Faixa de Di\u00e2metro: 42 Modos: 7\/8 ~ 160 DP<\/li>\n<li>Avan\u00e7o Longitudinal Polegadas: 25 Avan\u00e7os: 0.0016498 ~ 0.05497&#8243;<\/li>\n<li>Avan\u00e7o Transversal M\u00e9trico: 25 Avan\u00e7os: 0,022 ~ 0,74 mm<\/li>\n<li>Avan\u00e7o Longitudinal M\u00e9trico: 25 Avan\u00e7os: 0,044 ~ 1,48 mm<\/li>\n<li>Dimens\u00f5es 3000: 471 x 123 x 160 cm<\/li>\n<li>Dimens\u00f5es 2000: 371 x 123 x 160 cm<\/li>\n<li>Avan\u00e7o Transversal Polegadas:\u00a025 Avan\u00e7os: 0.0008326 ~ 0.02774&#8243;<\/li>\n<\/ul>\n<p>Acess\u00f3rios: Bucha de 4 grampos | Bucha de 3 grampos | L\u00e2mpada de trabalho | Guarda da bucha | Ponto Fixo MT5 | Redu\u00e7\u00e3o 113mm MT5 | Prato | Guias de 3 e 2 pontos | Trav\u00e3o de p\u00e9 | Almotolia | Indicador posi\u00e7\u00e3o de rosca | Caixa ferramentas com jogo de chaves<\/p>\n<p>&nbsp;<\/p>","protected":false},"excerpt":{"rendered":"<p>Dados T\u00e9cnicos Pot\u00eancia do Motor: 7500W Di\u00e2metro M\u00e1ximo Torne\u00e1vel: 660 mm Di\u00e2metro Torne\u00e1vel sobre Carro: 440 mm Comprimento da Cava: 250 mm Di\u00e2metro Eixo Contraponto: 90 mm Acopolamento Contraponto: MT5 Di\u00e2metro Torne\u00e1vel na Cava: 900 mm Altura Contraponto: 330 mm Curso do Contraponto: 235 mm Largura Barramento: 400 mm Tamanho M\u00e1x. Ferro: 25 x 25 [&hellip;]<\/p>\n","protected":false},"featured_media":52109,"comment_status":"open","ping_status":"closed","template":"","meta":[],"product_brand":[],"product_cat":[1836],"product_tag":[],"class_list":{"0":"post-38418","1":"product","2":"type-product","3":"status-publish","4":"has-post-thumbnail","6":"product_cat-torno-mecanico","8":"first","9":"onbackorder","10":"sold-individually","11":"taxable","12":"shipping-taxable","13":"purchasable","14":"product-type-variable"},"_links":{"self":[{"href":"https:\/\/occasionmachines.com\/pt\/wp-json\/wp\/v2\/product\/38418","targetHints":{"allow":["GET"]}}],"collection":[{"href":"https:\/\/occasionmachines.com\/pt\/wp-json\/wp\/v2\/product"}],"about":[{"href":"https:\/\/occasionmachines.com\/pt\/wp-json\/wp\/v2\/types\/product"}],"replies":[{"embeddable":true,"href":"https:\/\/occasionmachines.com\/pt\/wp-json\/wp\/v2\/comments?post=38418"}],"wp:featuredmedia":[{"embeddable":true,"href":"https:\/\/occasionmachines.com\/pt\/wp-json\/wp\/v2\/media\/52109"}],"wp:attachment":[{"href":"https:\/\/occasionmachines.com\/pt\/wp-json\/wp\/v2\/media?parent=38418"}],"wp:term":[{"taxonomy":"product_brand","embeddable":true,"href":"https:\/\/occasionmachines.com\/pt\/wp-json\/wp\/v2\/product_brand?post=38418"},{"taxonomy":"product_cat","embeddable":true,"href":"https:\/\/occasionmachines.com\/pt\/wp-json\/wp\/v2\/product_cat?post=38418"},{"taxonomy":"product_tag","embeddable":true,"href":"https:\/\/occasionmachines.com\/pt\/wp-json\/wp\/v2\/product_tag?post=38418"}],"curies":[{"name":"wp","href":"https:\/\/api.w.org\/{rel}","templated":true}]}}