{"id":38421,"date":"2019-10-20T22:43:41","date_gmt":"2019-10-20T21:43:41","guid":{"rendered":"http:\/\/occasionmachines.com\/?post_type=product&#038;p=38421"},"modified":"2025-05-26T18:08:19","modified_gmt":"2025-05-26T17:08:19","slug":"torno-mecanico-3000mm","status":"publish","type":"product","link":"https:\/\/occasionmachines.com\/pt\/produto\/torno-mecanico-3000mm\/","title":{"rendered":"Torno Mec\u00e2nico 3000mm"},"content":{"rendered":"<p><\/p>\n<table id=\"ContentPlaceHolder1_dgvDadosTecnicos\" rules=\"cols\" cellspacing=\"0\" cellpadding=\"3\">\n<tbody>\n<tr>\n<td>Pot\u00eancia do Motor<\/td>\n<td><\/td>\n<td>7.5 KW &#8211; 10 HP<\/td>\n<\/tr>\n<tr>\n<td>Di\u00e2metro M\u00e1ximo Torne\u00e1vel<\/td>\n<td>mm<\/td>\n<td>660<\/td>\n<\/tr>\n<tr>\n<td>Di\u00e2m. Torne\u00e1vel sobre Carro<\/td>\n<td>mm<\/td>\n<td>440<\/td>\n<\/tr>\n<tr>\n<td>Di\u00e2metro Torne\u00e1vel na Cava<\/td>\n<td>mm<\/td>\n<td>900<\/td>\n<\/tr>\n<tr>\n<td>Comprimento da Cava<\/td>\n<td>mm<\/td>\n<td>250<\/td>\n<\/tr>\n<tr>\n<td>Altura Contraponto<\/td>\n<td>mm<\/td>\n<td>330<\/td>\n<\/tr>\n<tr>\n<td>Curso do Contraponto<\/td>\n<td>mm<\/td>\n<td>235<\/td>\n<\/tr>\n<tr>\n<td>Di\u00e2metro Eixo Contraponto<\/td>\n<td>mm<\/td>\n<td>90<\/td>\n<\/tr>\n<tr>\n<td>Acopolamento Contraponto<\/td>\n<td><\/td>\n<td>MT5<\/td>\n<\/tr>\n<tr>\n<td>Largura Barramento<\/td>\n<td>mm<\/td>\n<td>400<\/td>\n<\/tr>\n<tr>\n<td>Tamanho M\u00e1x. Ferro<\/td>\n<td>mm<\/td>\n<td>25 x 25<\/td>\n<\/tr>\n<tr>\n<td>Movimento Torreta Lateral<\/td>\n<td>mm<\/td>\n<td>368<\/td>\n<\/tr>\n<tr>\n<td>Movimento Torreta Topo<\/td>\n<td>mm<\/td>\n<td>230<\/td>\n<\/tr>\n<tr>\n<td>Furo da \u00c1rvore<\/td>\n<td>mm<\/td>\n<td>105<\/td>\n<\/tr>\n<tr>\n<td>Acopolamento da Bucha<\/td>\n<td><\/td>\n<td>D1-8<\/td>\n<\/tr>\n<tr>\n<td>Acopolamento Casquilho Redutor<\/td>\n<td><\/td>\n<td>113 mm (1:20) \/ MT5<\/td>\n<\/tr>\n<tr>\n<td>Velocidades da \u00c1rvore<\/td>\n<td><\/td>\n<td>16 Veloc.: 25 ~ 1600 rpm<\/td>\n<\/tr>\n<tr>\n<td>Parafuso Tamanho Grande<\/td>\n<td><\/td>\n<td>40 mm X 2 TPI ou 40 mm X 12 mm<\/td>\n<\/tr>\n<tr>\n<td>Roscas M\u00e9tricas<\/td>\n<td><\/td>\n<td>54 Modos: 0,45 ~ 120 mm<\/td>\n<\/tr>\n<tr>\n<td>Roscas Polegadas<\/td>\n<td><\/td>\n<td>54 Modos: 7\/16 ~ 80 TPI<\/td>\n<\/tr>\n<tr>\n<td>Faixa de Di\u00e2metro<\/td>\n<td><\/td>\n<td>42 Modos: 7\/8 ~ 160 DP<\/td>\n<\/tr>\n<tr>\n<td>Avan\u00e7o Longitudinal M\u00e9trico<\/td>\n<td><\/td>\n<td>25 Avan\u00e7os: 0,044 ~ 1,48 mm<\/td>\n<\/tr>\n<tr>\n<td>Avan\u00e7o Longitudinal Polegadas<\/td>\n<td><\/td>\n<td>25 Avan\u00e7os: 0.0016498 ~ 0.05497&#8243;<\/td>\n<\/tr>\n<tr>\n<td>Avan\u00e7o Transversal M\u00e9trico<\/td>\n<td><\/td>\n<td>25 Avan\u00e7os: 0,022 ~ 0,74 mm<\/td>\n<\/tr>\n<tr>\n<td>Avan\u00e7o Transversal Polegadas<\/td>\n<td><\/td>\n<td>25 Avan\u00e7os: 0.0008326 ~ 0.02774&#8243;<\/td>\n<\/tr>\n<\/tbody>\n<\/table>\n<p>Medidas Montado:<\/p>\n<p>Comprimento (cm) 471<\/p>\n<p>Altura (cm) 123<\/p>\n<p>Largura (cm) 160<\/p>\n<p>Peso (Kg) 3710<\/p>","protected":false},"excerpt":{"rendered":"<p>Pot\u00eancia do Motor 7.5 KW &#8211; 10 HP Di\u00e2metro M\u00e1ximo Torne\u00e1vel mm 660 Di\u00e2m. Torne\u00e1vel sobre Carro mm 440 Di\u00e2metro Torne\u00e1vel na Cava mm 900 Comprimento da Cava mm 250 Altura Contraponto mm 330 Curso do Contraponto mm 235 Di\u00e2metro Eixo Contraponto mm 90 Acopolamento Contraponto MT5 Largura Barramento mm 400 Tamanho M\u00e1x. Ferro mm [&hellip;]<\/p>\n","protected":false},"featured_media":38510,"comment_status":"closed","ping_status":"closed","template":"","meta":[],"product_brand":[],"product_cat":[1836],"product_tag":[],"class_list":{"0":"post-38421","1":"product","2":"type-product","3":"status-publish","4":"has-post-thumbnail","6":"product_cat-torno-mecanico","7":"product_shipping_class-maquinas-medias","9":"first","10":"onbackorder","11":"sold-individually","12":"taxable","13":"shipping-taxable","14":"purchasable","15":"product-type-simple"},"_links":{"self":[{"href":"https:\/\/occasionmachines.com\/pt\/wp-json\/wp\/v2\/product\/38421","targetHints":{"allow":["GET"]}}],"collection":[{"href":"https:\/\/occasionmachines.com\/pt\/wp-json\/wp\/v2\/product"}],"about":[{"href":"https:\/\/occasionmachines.com\/pt\/wp-json\/wp\/v2\/types\/product"}],"replies":[{"embeddable":true,"href":"https:\/\/occasionmachines.com\/pt\/wp-json\/wp\/v2\/comments?post=38421"}],"wp:featuredmedia":[{"embeddable":true,"href":"https:\/\/occasionmachines.com\/pt\/wp-json\/wp\/v2\/media\/38510"}],"wp:attachment":[{"href":"https:\/\/occasionmachines.com\/pt\/wp-json\/wp\/v2\/media?parent=38421"}],"wp:term":[{"taxonomy":"product_brand","embeddable":true,"href":"https:\/\/occasionmachines.com\/pt\/wp-json\/wp\/v2\/product_brand?post=38421"},{"taxonomy":"product_cat","embeddable":true,"href":"https:\/\/occasionmachines.com\/pt\/wp-json\/wp\/v2\/product_cat?post=38421"},{"taxonomy":"product_tag","embeddable":true,"href":"https:\/\/occasionmachines.com\/pt\/wp-json\/wp\/v2\/product_tag?post=38421"}],"curies":[{"name":"wp","href":"https:\/\/api.w.org\/{rel}","templated":true}]}}