{"id":38428,"date":"2019-10-20T23:33:46","date_gmt":"2019-10-20T22:33:46","guid":{"rendered":"http:\/\/occasionmachines.com\/?post_type=product&#038;p=38428"},"modified":"2025-05-26T18:07:51","modified_gmt":"2025-05-26T17:07:51","slug":"coluna-magnetica-12-35mm","status":"publish","type":"product","link":"https:\/\/occasionmachines.com\/pt\/produto\/coluna-magnetica-12-35mm\/","title":{"rendered":"Coluna Magnetica PMD350 &#8211; 35 MM"},"content":{"rendered":"<p><\/p>\n<table border=1 cellspacing=0 cellpadding=0 width=\"100%\">\n<tr>\n<td bgcolor=AntiqueWhite align=left>&nbsp;Caracter\u00edsticas T\u00e9cnicas<\/td>\n<td bgcolor=AntiqueWhite align=left>&nbsp;&#8211;<\/td>\n<td bgcolor=AntiqueWhite align=left>&nbsp;&#8212;<\/td>\n<\/tr>\n<tr>\n<td bgcolor=White>&nbsp;Pot\u00eancia<\/td>\n<td bgcolor=White>&nbsp;W<\/td>\n<td bgcolor=White>&nbsp;1200<\/td>\n<\/tr>\n<tr>\n<td bgcolor=White>&nbsp;Voltagem<\/td>\n<td bgcolor=White>&nbsp;V<\/td>\n<td bgcolor=White>&nbsp;230<\/td>\n<\/tr>\n<tr>\n<td bgcolor=White>&nbsp;Capacidade Corte<\/td>\n<td bgcolor=White>&nbsp;mm<\/td>\n<td bgcolor=White>&nbsp;\u00d8 12-35<\/td>\n<\/tr>\n<tr>\n<td bgcolor=White>&nbsp;Capaciade Bucha<\/td>\n<td bgcolor=White>&nbsp;mm<\/td>\n<td bgcolor=White>&nbsp;\u00d8 1.5-13<\/td>\n<\/tr>\n<tr>\n<td bgcolor=White>&nbsp;Profundidade Corte (com fresa)<\/td>\n<td bgcolor=White>&nbsp;mm<\/td>\n<td bgcolor=White>&nbsp;50<\/td>\n<\/tr>\n<tr>\n<td bgcolor=White>&nbsp;Curso<\/td>\n<td bgcolor=White>&nbsp;mm<\/td>\n<td bgcolor=White>&nbsp;190<\/td>\n<\/tr>\n<tr>\n<td bgcolor=White>&nbsp;Velocidade (em vazio)<\/td>\n<td bgcolor=White>&nbsp;rpm<\/td>\n<td bgcolor=White>&nbsp;570<\/td>\n<\/tr>\n<tr>\n<td bgcolor=White>&nbsp;Ades\u00e3o Magn\u00e9tica<\/td>\n<td bgcolor=White>&nbsp;N<\/td>\n<td bgcolor=White>&nbsp;13 000<\/td>\n<\/tr>\n<\/table>\n<p><\/p>","protected":false},"excerpt":{"rendered":"<p>&nbsp;Caracter\u00edsticas T\u00e9cnicas &nbsp;&#8211; &nbsp;&#8212; &nbsp;Pot\u00eancia &nbsp;W &nbsp;1200 &nbsp;Voltagem &nbsp;V &nbsp;230 &nbsp;Capacidade Corte &nbsp;mm &nbsp;\u00d8 12-35 &nbsp;Capaciade Bucha &nbsp;mm &nbsp;\u00d8 1.5-13 &nbsp;Profundidade Corte (com fresa) &nbsp;mm &nbsp;50 &nbsp;Curso &nbsp;mm &nbsp;190 &nbsp;Velocidade (em vazio) &nbsp;rpm &nbsp;570 &nbsp;Ades\u00e3o Magn\u00e9tica &nbsp;N &nbsp;13 000<\/p>\n","protected":false},"featured_media":63338,"comment_status":"closed","ping_status":"closed","template":"","meta":[],"product_brand":[],"product_cat":[7802],"product_tag":[],"class_list":{"0":"post-38428","1":"product","2":"type-product","3":"status-publish","4":"has-post-thumbnail","6":"product_cat-colunas-magneticas","8":"first","9":"onbackorder","10":"taxable","11":"shipping-taxable","12":"purchasable","13":"product-type-simple"},"_links":{"self":[{"href":"https:\/\/occasionmachines.com\/pt\/wp-json\/wp\/v2\/product\/38428","targetHints":{"allow":["GET"]}}],"collection":[{"href":"https:\/\/occasionmachines.com\/pt\/wp-json\/wp\/v2\/product"}],"about":[{"href":"https:\/\/occasionmachines.com\/pt\/wp-json\/wp\/v2\/types\/product"}],"replies":[{"embeddable":true,"href":"https:\/\/occasionmachines.com\/pt\/wp-json\/wp\/v2\/comments?post=38428"}],"wp:featuredmedia":[{"embeddable":true,"href":"https:\/\/occasionmachines.com\/pt\/wp-json\/wp\/v2\/media\/63338"}],"wp:attachment":[{"href":"https:\/\/occasionmachines.com\/pt\/wp-json\/wp\/v2\/media?parent=38428"}],"wp:term":[{"taxonomy":"product_brand","embeddable":true,"href":"https:\/\/occasionmachines.com\/pt\/wp-json\/wp\/v2\/product_brand?post=38428"},{"taxonomy":"product_cat","embeddable":true,"href":"https:\/\/occasionmachines.com\/pt\/wp-json\/wp\/v2\/product_cat?post=38428"},{"taxonomy":"product_tag","embeddable":true,"href":"https:\/\/occasionmachines.com\/pt\/wp-json\/wp\/v2\/product_tag?post=38428"}],"curies":[{"name":"wp","href":"https:\/\/api.w.org\/{rel}","templated":true}]}}