{"id":38467,"date":"2019-10-21T15:00:30","date_gmt":"2019-10-21T14:00:30","guid":{"rendered":"http:\/\/occasionmachines.com\/?post_type=product&#038;p=38467"},"modified":"2025-05-26T18:06:14","modified_gmt":"2025-05-26T17:06:14","slug":"prensa-hidro-pneumatica-12-ton","status":"publish","type":"product","link":"https:\/\/occasionmachines.com\/pt\/produto\/prensa-hidro-pneumatica-12-ton\/","title":{"rendered":"PRENSA 12T HIDRO-PNEUMATICA PPSP12"},"content":{"rendered":"<table border=1 cellspacing=0 cellpadding=0 width=\"100%\">\n<tr>\n<td bgcolor=AntiqueWhite align=left>&nbsp;Caracter\u00edsticas T\u00e9cnicas<\/td>\n<td bgcolor=AntiqueWhite align=left>&nbsp;&#8211;<\/td>\n<td bgcolor=AntiqueWhite align=left>&nbsp;&#8212;<\/td>\n<\/tr>\n<tr>\n<td bgcolor=White>&nbsp;Pot\u00eancia<\/td>\n<td bgcolor=White>&nbsp;t<\/td>\n<td bgcolor=White>&nbsp;12<\/td>\n<\/tr>\n<tr>\n<td bgcolor=White>&nbsp;Curso<\/td>\n<td bgcolor=White>&nbsp;mm<\/td>\n<td bgcolor=White>&nbsp;135<\/td>\n<\/tr>\n<tr>\n<td bgcolor=White>&nbsp;MEDIDAS<\/td>\n<td bgcolor=White>&nbsp;<\/td>\n<td bgcolor=White>&nbsp;<\/td>\n<\/tr>\n<tr>\n<td bgcolor=White>&nbsp;A<\/td>\n<td bgcolor=White>&nbsp;mm<\/td>\n<td bgcolor=White>&nbsp;169-1009<\/td>\n<\/tr>\n<tr>\n<td bgcolor=White>&nbsp;B<\/td>\n<td bgcolor=White>&nbsp;mm<\/td>\n<td bgcolor=White>&nbsp;600<\/td>\n<\/tr>\n<tr>\n<td bgcolor=White>&nbsp;C<\/td>\n<td bgcolor=White>&nbsp;mm<\/td>\n<td bgcolor=White>&nbsp;700<\/td>\n<\/tr>\n<tr>\n<td bgcolor=White>&nbsp;D<\/td>\n<td bgcolor=White>&nbsp;mm<\/td>\n<td bgcolor=White>&nbsp;500<\/td>\n<\/tr>\n<tr>\n<td bgcolor=White>&nbsp;E<\/td>\n<td bgcolor=White>&nbsp;mm<\/td>\n<td bgcolor=White>&nbsp;130<\/td>\n<\/tr>\n<tr>\n<td bgcolor=White>&nbsp;F<\/td>\n<td bgcolor=White>&nbsp;mm<\/td>\n<td bgcolor=White>&nbsp;1604<\/td>\n<\/tr>\n<tr>\n<td bgcolor=White>&nbsp;Roldana Eleva\u00e7\u00e3o<\/td>\n<td bgcolor=White>&nbsp;<\/td>\n<td bgcolor=White>&nbsp;N\u00e3o<\/td>\n<\/tr>\n<\/table>\n","protected":false},"excerpt":{"rendered":"<p>&nbsp;Caracter\u00edsticas T\u00e9cnicas &nbsp;&#8211; &nbsp;&#8212; &nbsp;Pot\u00eancia &nbsp;t &nbsp;12 &nbsp;Curso &nbsp;mm &nbsp;135 &nbsp;MEDIDAS &nbsp; &nbsp; &nbsp;A &nbsp;mm &nbsp;169-1009 &nbsp;B &nbsp;mm &nbsp;600 &nbsp;C &nbsp;mm &nbsp;700 &nbsp;D &nbsp;mm &nbsp;500 &nbsp;E &nbsp;mm &nbsp;130 &nbsp;F &nbsp;mm &nbsp;1604 &nbsp;Roldana Eleva\u00e7\u00e3o &nbsp; &nbsp;N\u00e3o<\/p>\n","protected":false},"featured_media":63304,"comment_status":"open","ping_status":"closed","template":"","meta":[],"product_brand":[],"product_cat":[1692],"product_tag":[],"class_list":{"0":"post-38467","1":"product","2":"type-product","3":"status-publish","4":"has-post-thumbnail","6":"product_cat-prensas-hidrualicas","8":"first","9":"onbackorder","10":"sold-individually","11":"taxable","12":"shipping-taxable","13":"purchasable","14":"product-type-simple"},"_links":{"self":[{"href":"https:\/\/occasionmachines.com\/pt\/wp-json\/wp\/v2\/product\/38467","targetHints":{"allow":["GET"]}}],"collection":[{"href":"https:\/\/occasionmachines.com\/pt\/wp-json\/wp\/v2\/product"}],"about":[{"href":"https:\/\/occasionmachines.com\/pt\/wp-json\/wp\/v2\/types\/product"}],"replies":[{"embeddable":true,"href":"https:\/\/occasionmachines.com\/pt\/wp-json\/wp\/v2\/comments?post=38467"}],"wp:featuredmedia":[{"embeddable":true,"href":"https:\/\/occasionmachines.com\/pt\/wp-json\/wp\/v2\/media\/63304"}],"wp:attachment":[{"href":"https:\/\/occasionmachines.com\/pt\/wp-json\/wp\/v2\/media?parent=38467"}],"wp:term":[{"taxonomy":"product_brand","embeddable":true,"href":"https:\/\/occasionmachines.com\/pt\/wp-json\/wp\/v2\/product_brand?post=38467"},{"taxonomy":"product_cat","embeddable":true,"href":"https:\/\/occasionmachines.com\/pt\/wp-json\/wp\/v2\/product_cat?post=38467"},{"taxonomy":"product_tag","embeddable":true,"href":"https:\/\/occasionmachines.com\/pt\/wp-json\/wp\/v2\/product_tag?post=38467"}],"curies":[{"name":"wp","href":"https:\/\/api.w.org\/{rel}","templated":true}]}}