{"id":38494,"date":"2019-10-24T12:20:33","date_gmt":"2019-10-24T11:20:33","guid":{"rendered":"http:\/\/occasionmachines.com\/?post_type=product&#038;p=38494"},"modified":"2025-05-26T18:05:50","modified_gmt":"2025-05-26T17:05:50","slug":"prensa-hidraulica-de-1-velocidade-35-ton","status":"publish","type":"product","link":"https:\/\/occasionmachines.com\/pt\/produto\/prensa-hidraulica-de-1-velocidade-35-ton\/","title":{"rendered":"Prensa Coluna 35 Ton Bomba 1 VEL P35"},"content":{"rendered":"<table border=1 cellspacing=0 cellpadding=0 width=\"100%\">\n<tr>\n<td bgcolor=AntiqueWhite align=left>&nbsp;Caracter\u00edsticas T\u00e9cnicas<\/td>\n<td bgcolor=AntiqueWhite align=left>&nbsp;&#8211;<\/td>\n<td bgcolor=AntiqueWhite align=left>&nbsp;&#8212;<\/td>\n<\/tr>\n<tr>\n<td bgcolor=White>&nbsp;Velocidades<\/td>\n<td bgcolor=White>&nbsp;<\/td>\n<td bgcolor=White>&nbsp;1<\/td>\n<\/tr>\n<tr>\n<td bgcolor=White>&nbsp;Pot\u00eancia<\/td>\n<td bgcolor=White>&nbsp;t<\/td>\n<td bgcolor=White>&nbsp;35<\/td>\n<\/tr>\n<tr>\n<td bgcolor=White>&nbsp;Tipo<\/td>\n<td bgcolor=White>&nbsp;<\/td>\n<td bgcolor=White>&nbsp;Coluna<\/td>\n<\/tr>\n<tr>\n<td bgcolor=White>&nbsp;A<\/td>\n<td bgcolor=White>&nbsp;mm<\/td>\n<td bgcolor=White>&nbsp;1040<\/td>\n<\/tr>\n<tr>\n<td bgcolor=White>&nbsp;B<\/td>\n<td bgcolor=White>&nbsp;mm<\/td>\n<td bgcolor=White>&nbsp;600<\/td>\n<\/tr>\n<tr>\n<td bgcolor=White>&nbsp;C<\/td>\n<td bgcolor=White>&nbsp;mm<\/td>\n<td bgcolor=White>&nbsp;920<\/td>\n<\/tr>\n<tr>\n<td bgcolor=White>&nbsp;D<\/td>\n<td bgcolor=White>&nbsp;mm<\/td>\n<td bgcolor=White>&nbsp;550<\/td>\n<\/tr>\n<tr>\n<td bgcolor=White>&nbsp;E<\/td>\n<td bgcolor=White>&nbsp;mm<\/td>\n<td bgcolor=White>&nbsp;140<\/td>\n<\/tr>\n<tr>\n<td bgcolor=White>&nbsp;F<\/td>\n<td bgcolor=White>&nbsp;mm<\/td>\n<td bgcolor=White>&nbsp;1930<\/td>\n<\/tr>\n<\/table>\n","protected":false},"excerpt":{"rendered":"<p>&nbsp;Caracter\u00edsticas T\u00e9cnicas &nbsp;&#8211; &nbsp;&#8212; &nbsp;Velocidades &nbsp; &nbsp;1 &nbsp;Pot\u00eancia &nbsp;t &nbsp;35 &nbsp;Tipo &nbsp; &nbsp;Coluna &nbsp;A &nbsp;mm &nbsp;1040 &nbsp;B &nbsp;mm &nbsp;600 &nbsp;C &nbsp;mm &nbsp;920 &nbsp;D &nbsp;mm &nbsp;550 &nbsp;E &nbsp;mm &nbsp;140 &nbsp;F &nbsp;mm &nbsp;1930<\/p>\n","protected":false},"featured_media":62972,"comment_status":"closed","ping_status":"closed","template":"","meta":[],"product_brand":[],"product_cat":[1692],"product_tag":[],"class_list":{"0":"post-38494","1":"product","2":"type-product","3":"status-publish","4":"has-post-thumbnail","6":"product_cat-prensas-hidrualicas","8":"first","9":"onbackorder","10":"sold-individually","11":"taxable","12":"shipping-taxable","13":"purchasable","14":"product-type-simple"},"_links":{"self":[{"href":"https:\/\/occasionmachines.com\/pt\/wp-json\/wp\/v2\/product\/38494","targetHints":{"allow":["GET"]}}],"collection":[{"href":"https:\/\/occasionmachines.com\/pt\/wp-json\/wp\/v2\/product"}],"about":[{"href":"https:\/\/occasionmachines.com\/pt\/wp-json\/wp\/v2\/types\/product"}],"replies":[{"embeddable":true,"href":"https:\/\/occasionmachines.com\/pt\/wp-json\/wp\/v2\/comments?post=38494"}],"wp:featuredmedia":[{"embeddable":true,"href":"https:\/\/occasionmachines.com\/pt\/wp-json\/wp\/v2\/media\/62972"}],"wp:attachment":[{"href":"https:\/\/occasionmachines.com\/pt\/wp-json\/wp\/v2\/media?parent=38494"}],"wp:term":[{"taxonomy":"product_brand","embeddable":true,"href":"https:\/\/occasionmachines.com\/pt\/wp-json\/wp\/v2\/product_brand?post=38494"},{"taxonomy":"product_cat","embeddable":true,"href":"https:\/\/occasionmachines.com\/pt\/wp-json\/wp\/v2\/product_cat?post=38494"},{"taxonomy":"product_tag","embeddable":true,"href":"https:\/\/occasionmachines.com\/pt\/wp-json\/wp\/v2\/product_tag?post=38494"}],"curies":[{"name":"wp","href":"https:\/\/api.w.org\/{rel}","templated":true}]}}