{"id":38539,"date":"2019-10-28T01:35:15","date_gmt":"2019-10-28T01:35:15","guid":{"rendered":"http:\/\/occasionmachines.com\/?post_type=product&#038;p=38539"},"modified":"2025-05-26T18:04:53","modified_gmt":"2025-05-26T17:04:53","slug":"compressor-de-ar-silencioso-s-oleo-6l-1-5hp","status":"publish","type":"product","link":"https:\/\/occasionmachines.com\/pt\/produto\/compressor-de-ar-silencioso-s-oleo-6l-1-5hp\/","title":{"rendered":"Compressor Silent Airbag 1.5HP 6LTS 192L\/M"},"content":{"rendered":"<table border=1 cellspacing=0 cellpadding=0 width=\"100%\">\n<tr>\n<td bgcolor=AntiqueWhite align=left>&nbsp;Caracter\u00edsticas T\u00e9cnicas<\/td>\n<td bgcolor=AntiqueWhite align=left>&nbsp;&#8211;<\/td>\n<td bgcolor=AntiqueWhite align=left>&nbsp;&#8212;<\/td>\n<\/tr>\n<tr>\n<td bgcolor=White>&nbsp;Voltagem \/ Frequ\u00eancia<\/td>\n<td bgcolor=White>&nbsp;<\/td>\n<td bgcolor=White>&nbsp;230 V | 50Hz<\/td>\n<\/tr>\n<tr>\n<td bgcolor=White>&nbsp;Capacidade Reservatorio<\/td>\n<td bgcolor=White>&nbsp;L<\/td>\n<td bgcolor=White>&nbsp;6<\/td>\n<\/tr>\n<tr>\n<td bgcolor=White>&nbsp;Press\u00e3o Sonora<\/td>\n<td bgcolor=White>&nbsp;dB<\/td>\n<td bgcolor=White>&nbsp;65<\/td>\n<\/tr>\n<tr>\n<td bgcolor=White>&nbsp;Cabe\u00e7ote<\/td>\n<td bgcolor=White>&nbsp;<\/td>\n<td bgcolor=White>&nbsp;F205<\/td>\n<\/tr>\n<tr>\n<td bgcolor=White>&nbsp;Capacidade Ar<\/td>\n<td bgcolor=White>&nbsp;L\/min<\/td>\n<td bgcolor=White>&nbsp;192<\/td>\n<\/tr>\n<tr>\n<td bgcolor=White>&nbsp;Press\u00e3o<\/td>\n<td bgcolor=White>&nbsp;bar<\/td>\n<td bgcolor=White>&nbsp;8<\/td>\n<\/tr>\n<tr>\n<td bgcolor=White>&nbsp;Potencia<\/td>\n<td bgcolor=White>&nbsp;hp<\/td>\n<td bgcolor=White>&nbsp;1.5<\/td>\n<\/tr>\n<tr>\n<td bgcolor=White>&nbsp;R.P.M<\/td>\n<td bgcolor=White>&nbsp;<\/td>\n<td bgcolor=White>&nbsp;2850<\/td>\n<\/tr>\n<\/table>\n","protected":false},"excerpt":{"rendered":"<p>&nbsp;Caracter\u00edsticas T\u00e9cnicas &nbsp;&#8211; &nbsp;&#8212; &nbsp;Voltagem \/ Frequ\u00eancia &nbsp; &nbsp;230 V | 50Hz &nbsp;Capacidade Reservatorio &nbsp;L &nbsp;6 &nbsp;Press\u00e3o Sonora &nbsp;dB &nbsp;65 &nbsp;Cabe\u00e7ote &nbsp; &nbsp;F205 &nbsp;Capacidade Ar &nbsp;L\/min &nbsp;192 &nbsp;Press\u00e3o &nbsp;bar &nbsp;8 &nbsp;Potencia &nbsp;hp &nbsp;1.5 &nbsp;R.P.M &nbsp; &nbsp;2850<\/p>\n","protected":false},"featured_media":64408,"comment_status":"closed","ping_status":"closed","template":"","meta":[],"product_brand":[],"product_cat":[4810],"product_tag":[],"class_list":{"0":"post-38539","1":"product","2":"type-product","3":"status-publish","4":"has-post-thumbnail","6":"product_cat-compressores","8":"first","9":"onbackorder","10":"sold-individually","11":"taxable","12":"shipping-taxable","13":"purchasable","14":"product-type-simple"},"_links":{"self":[{"href":"https:\/\/occasionmachines.com\/pt\/wp-json\/wp\/v2\/product\/38539","targetHints":{"allow":["GET"]}}],"collection":[{"href":"https:\/\/occasionmachines.com\/pt\/wp-json\/wp\/v2\/product"}],"about":[{"href":"https:\/\/occasionmachines.com\/pt\/wp-json\/wp\/v2\/types\/product"}],"replies":[{"embeddable":true,"href":"https:\/\/occasionmachines.com\/pt\/wp-json\/wp\/v2\/comments?post=38539"}],"wp:featuredmedia":[{"embeddable":true,"href":"https:\/\/occasionmachines.com\/pt\/wp-json\/wp\/v2\/media\/64408"}],"wp:attachment":[{"href":"https:\/\/occasionmachines.com\/pt\/wp-json\/wp\/v2\/media?parent=38539"}],"wp:term":[{"taxonomy":"product_brand","embeddable":true,"href":"https:\/\/occasionmachines.com\/pt\/wp-json\/wp\/v2\/product_brand?post=38539"},{"taxonomy":"product_cat","embeddable":true,"href":"https:\/\/occasionmachines.com\/pt\/wp-json\/wp\/v2\/product_cat?post=38539"},{"taxonomy":"product_tag","embeddable":true,"href":"https:\/\/occasionmachines.com\/pt\/wp-json\/wp\/v2\/product_tag?post=38539"}],"curies":[{"name":"wp","href":"https:\/\/api.w.org\/{rel}","templated":true}]}}