{"id":38650,"date":"2019-11-02T22:37:13","date_gmt":"2019-11-02T22:37:13","guid":{"rendered":"https:\/\/occasionmachines.com\/?post_type=product&#038;p=38650"},"modified":"2025-05-26T18:04:14","modified_gmt":"2025-05-26T17:04:14","slug":"compressor-de-correia-200l","status":"publish","type":"product","link":"https:\/\/occasionmachines.com\/pt\/produto\/compressor-de-correia-200l\/","title":{"rendered":"COMPRESSOR 200 LT 3 HP  F.F. 220V FIAC"},"content":{"rendered":"<table border=1 cellspacing=0 cellpadding=0 width=\"100%\">\n<tr>\n<td bgcolor=AntiqueWhite align=left>&nbsp;Caracter\u00edsticas T\u00e9cnicas<\/td>\n<td bgcolor=AntiqueWhite align=left>&nbsp;&#8211;<\/td>\n<td bgcolor=AntiqueWhite align=left>&nbsp;&#8212;<\/td>\n<\/tr>\n<tr>\n<td bgcolor=White>&nbsp;Voltagem \/ Frequ\u00eancia<\/td>\n<td bgcolor=White>&nbsp;<\/td>\n<td bgcolor=White>&nbsp;230V \/ 50Hz<\/td>\n<\/tr>\n<tr>\n<td bgcolor=White>&nbsp;Capacidade Dep\u00f3sito<\/td>\n<td bgcolor=White>&nbsp;L<\/td>\n<td bgcolor=White>&nbsp;200<\/td>\n<\/tr>\n<tr>\n<td bgcolor=White>&nbsp;Ru\u00eddo<\/td>\n<td bgcolor=White>&nbsp;dB<\/td>\n<td bgcolor=White>&nbsp;74<\/td>\n<\/tr>\n<tr>\n<td bgcolor=White>&nbsp;Cabe\u00e7a<\/td>\n<td bgcolor=White>&nbsp;<\/td>\n<td bgcolor=White>&nbsp;AB338<\/td>\n<\/tr>\n<tr>\n<td bgcolor=White>&nbsp;Cil.\/St.<\/td>\n<td bgcolor=White>&nbsp;<\/td>\n<td bgcolor=White>&nbsp;2\/1<\/td>\n<\/tr>\n<tr>\n<td bgcolor=White>&nbsp;Produ\u00e7\u00e3o de Ar<\/td>\n<td bgcolor=White>&nbsp;L\/min<\/td>\n<td bgcolor=White>&nbsp;330<\/td>\n<\/tr>\n<tr>\n<td bgcolor=White>&nbsp;Press\u00e3o <\/td>\n<td bgcolor=White>&nbsp;bar<\/td>\n<td bgcolor=White>&nbsp;10<\/td>\n<\/tr>\n<tr>\n<td bgcolor=White>&nbsp;Pot\u00eancia Motor<\/td>\n<td bgcolor=White>&nbsp;hp<\/td>\n<td bgcolor=White>&nbsp;3<\/td>\n<\/tr>\n<tr>\n<td bgcolor=White>&nbsp;R.P.M<\/td>\n<td bgcolor=White>&nbsp;<\/td>\n<td bgcolor=White>&nbsp;1500<\/td>\n<\/tr>\n<\/table>\n","protected":false},"excerpt":{"rendered":"<p>&nbsp;Caracter\u00edsticas T\u00e9cnicas &nbsp;&#8211; &nbsp;&#8212; &nbsp;Voltagem \/ Frequ\u00eancia &nbsp; &nbsp;230V \/ 50Hz &nbsp;Capacidade Dep\u00f3sito &nbsp;L &nbsp;200 &nbsp;Ru\u00eddo &nbsp;dB &nbsp;74 &nbsp;Cabe\u00e7a &nbsp; &nbsp;AB338 &nbsp;Cil.\/St. &nbsp; &nbsp;2\/1 &nbsp;Produ\u00e7\u00e3o de Ar &nbsp;L\/min &nbsp;330 &nbsp;Press\u00e3o &nbsp;bar &nbsp;10 &nbsp;Pot\u00eancia Motor &nbsp;hp &nbsp;3 &nbsp;R.P.M &nbsp; &nbsp;1500<\/p>\n","protected":false},"featured_media":64399,"comment_status":"open","ping_status":"closed","template":"","meta":[],"product_brand":[],"product_cat":[4810],"product_tag":[],"class_list":{"0":"post-38650","1":"product","2":"type-product","3":"status-publish","4":"has-post-thumbnail","6":"product_cat-compressores","8":"first","9":"onbackorder","10":"sold-individually","11":"taxable","12":"shipping-taxable","13":"purchasable","14":"product-type-variable"},"_links":{"self":[{"href":"https:\/\/occasionmachines.com\/pt\/wp-json\/wp\/v2\/product\/38650","targetHints":{"allow":["GET"]}}],"collection":[{"href":"https:\/\/occasionmachines.com\/pt\/wp-json\/wp\/v2\/product"}],"about":[{"href":"https:\/\/occasionmachines.com\/pt\/wp-json\/wp\/v2\/types\/product"}],"replies":[{"embeddable":true,"href":"https:\/\/occasionmachines.com\/pt\/wp-json\/wp\/v2\/comments?post=38650"}],"wp:featuredmedia":[{"embeddable":true,"href":"https:\/\/occasionmachines.com\/pt\/wp-json\/wp\/v2\/media\/64399"}],"wp:attachment":[{"href":"https:\/\/occasionmachines.com\/pt\/wp-json\/wp\/v2\/media?parent=38650"}],"wp:term":[{"taxonomy":"product_brand","embeddable":true,"href":"https:\/\/occasionmachines.com\/pt\/wp-json\/wp\/v2\/product_brand?post=38650"},{"taxonomy":"product_cat","embeddable":true,"href":"https:\/\/occasionmachines.com\/pt\/wp-json\/wp\/v2\/product_cat?post=38650"},{"taxonomy":"product_tag","embeddable":true,"href":"https:\/\/occasionmachines.com\/pt\/wp-json\/wp\/v2\/product_tag?post=38650"}],"curies":[{"name":"wp","href":"https:\/\/api.w.org\/{rel}","templated":true}]}}