{"id":38998,"date":"2019-11-25T11:13:15","date_gmt":"2019-11-25T11:13:15","guid":{"rendered":"https:\/\/occasionmachines.com\/?post_type=product&#038;p=38998"},"modified":"2025-05-26T17:59:26","modified_gmt":"2025-05-26T16:59:26","slug":"serrote-de-fita-semi-automatico-o355-mm","status":"publish","type":"product","link":"https:\/\/occasionmachines.com\/pt\/produto\/serrote-de-fita-semi-automatico-o355-mm\/","title":{"rendered":"Serrote de Fita Semi- Auto Hidraulico PBS355"},"content":{"rendered":"<table border=1 cellspacing=0 cellpadding=0 width=\"100%\">\n<tr>\n<td bgcolor=AntiqueWhite align=left>&nbsp;Caracter\u00edsticas T\u00e9cnicas<\/td>\n<td bgcolor=AntiqueWhite align=left>&nbsp;&#8211;<\/td>\n<td bgcolor=AntiqueWhite align=left>&nbsp;&#8212;<\/td>\n<\/tr>\n<tr>\n<td bgcolor=White>&nbsp;Voltagem<\/td>\n<td bgcolor=White>&nbsp;V<\/td>\n<td bgcolor=White>&nbsp;400 <\/td>\n<\/tr>\n<tr>\n<td bgcolor=White>&nbsp;Frequ\u00eancia<\/td>\n<td bgcolor=White>&nbsp;Hz<\/td>\n<td bgcolor=White>&nbsp;50<\/td>\n<\/tr>\n<tr>\n<td bgcolor=White>&nbsp;Pot\u00eancia do Motor<\/td>\n<td bgcolor=White>&nbsp;W<\/td>\n<td bgcolor=White>&nbsp;2200 <\/td>\n<\/tr>\n<tr>\n<td bgcolor=White>&nbsp;Circular | Quadrado | Rect\u00e2ng. 0\u00ba<\/td>\n<td bgcolor=White>&nbsp;mm<\/td>\n<td bgcolor=White>&nbsp;355 | 300 | 300 x 490<\/td>\n<\/tr>\n<tr>\n<td bgcolor=White>&nbsp;Circular | Quadrado | Rect\u00e2ng. 45\u00ba<\/td>\n<td bgcolor=White>&nbsp;mm<\/td>\n<td bgcolor=White>&nbsp;350 | 290 | 290 x 340<\/td>\n<\/tr>\n<tr>\n<td bgcolor=White>&nbsp;Circular | Quadrado | Rect\u00e2ng.-45\u00ba<\/td>\n<td bgcolor=White>&nbsp;mm<\/td>\n<td bgcolor=White>&nbsp;290 | 250 | 250<\/td>\n<\/tr>\n<tr>\n<td bgcolor=White>&nbsp;Circular | Quadrado | Rect\u00e2ng. 60\u00ba<\/td>\n<td bgcolor=White>&nbsp;mm<\/td>\n<td bgcolor=White>&nbsp;230 | 180  | 180 x 220<\/td>\n<\/tr>\n<tr>\n<td bgcolor=White>&nbsp;Fita<\/td>\n<td bgcolor=White>&nbsp;mm<\/td>\n<td bgcolor=White>&nbsp;3770 x 34 x 1.1<\/td>\n<\/tr>\n<tr>\n<td bgcolor=White>&nbsp;Corte<\/td>\n<td bgcolor=White>&nbsp;m\/min<\/td>\n<td bgcolor=White>&nbsp;20\/80<\/td>\n<\/tr>\n<\/table>\n","protected":false},"excerpt":{"rendered":"<p>&nbsp;Caracter\u00edsticas T\u00e9cnicas &nbsp;&#8211; &nbsp;&#8212; &nbsp;Voltagem &nbsp;V &nbsp;400 &nbsp;Frequ\u00eancia &nbsp;Hz &nbsp;50 &nbsp;Pot\u00eancia do Motor &nbsp;W &nbsp;2200 &nbsp;Circular | Quadrado | Rect\u00e2ng. 0\u00ba &nbsp;mm &nbsp;355 | 300 | 300 x 490 &nbsp;Circular | Quadrado | Rect\u00e2ng. 45\u00ba &nbsp;mm &nbsp;350 | 290 | 290 x 340 &nbsp;Circular | Quadrado | Rect\u00e2ng.-45\u00ba &nbsp;mm &nbsp;290 | 250 | 250 &nbsp;Circular [&hellip;]<\/p>\n","protected":false},"featured_media":62978,"comment_status":"closed","ping_status":"closed","template":"","meta":[],"product_brand":[],"product_cat":[4429],"product_tag":[],"class_list":{"0":"post-38998","1":"product","2":"type-product","3":"status-publish","4":"has-post-thumbnail","6":"product_cat-serrotes-de-fita","8":"first","9":"onbackorder","10":"sold-individually","11":"taxable","12":"shipping-taxable","13":"purchasable","14":"product-type-simple"},"_links":{"self":[{"href":"https:\/\/occasionmachines.com\/pt\/wp-json\/wp\/v2\/product\/38998","targetHints":{"allow":["GET"]}}],"collection":[{"href":"https:\/\/occasionmachines.com\/pt\/wp-json\/wp\/v2\/product"}],"about":[{"href":"https:\/\/occasionmachines.com\/pt\/wp-json\/wp\/v2\/types\/product"}],"replies":[{"embeddable":true,"href":"https:\/\/occasionmachines.com\/pt\/wp-json\/wp\/v2\/comments?post=38998"}],"wp:featuredmedia":[{"embeddable":true,"href":"https:\/\/occasionmachines.com\/pt\/wp-json\/wp\/v2\/media\/62978"}],"wp:attachment":[{"href":"https:\/\/occasionmachines.com\/pt\/wp-json\/wp\/v2\/media?parent=38998"}],"wp:term":[{"taxonomy":"product_brand","embeddable":true,"href":"https:\/\/occasionmachines.com\/pt\/wp-json\/wp\/v2\/product_brand?post=38998"},{"taxonomy":"product_cat","embeddable":true,"href":"https:\/\/occasionmachines.com\/pt\/wp-json\/wp\/v2\/product_cat?post=38998"},{"taxonomy":"product_tag","embeddable":true,"href":"https:\/\/occasionmachines.com\/pt\/wp-json\/wp\/v2\/product_tag?post=38998"}],"curies":[{"name":"wp","href":"https:\/\/api.w.org\/{rel}","templated":true}]}}