{"id":39090,"date":"2019-11-26T14:12:27","date_gmt":"2019-11-26T14:12:27","guid":{"rendered":"https:\/\/occasionmachines.com\/?post_type=product&#038;p=39090"},"modified":"2025-05-26T17:58:56","modified_gmt":"2025-05-26T16:58:56","slug":"calandra-4-mm-1550-mm","status":"publish","type":"product","link":"https:\/\/occasionmachines.com\/pt\/produto\/calandra-4-mm-1550-mm\/","title":{"rendered":"Calandra Mecanica 3 ROLOS 1550X140 PRM1550"},"content":{"rendered":"<table border=1 cellspacing=0 cellpadding=0 width=\"100%\">\n<tr>\n<td bgcolor=AntiqueWhite align=left>&nbsp;Caracter\u00edsticas T\u00e9cnicas<\/td>\n<td bgcolor=AntiqueWhite align=left>&nbsp;&#8211;<\/td>\n<td bgcolor=AntiqueWhite align=left>&nbsp;&#8212;<\/td>\n<\/tr>\n<tr>\n<td bgcolor=White>&nbsp;Largura Utiliz\u00e1vel<\/td>\n<td bgcolor=White>&nbsp;mm<\/td>\n<td bgcolor=White>&nbsp;1550<\/td>\n<\/tr>\n<tr>\n<td bgcolor=White>&nbsp;Espessura M\u00e1xima<\/td>\n<td bgcolor=White>&nbsp;mm<\/td>\n<td bgcolor=White>&nbsp;4<\/td>\n<\/tr>\n<tr>\n<td bgcolor=White>&nbsp;Di\u00e2metro Rolos<\/td>\n<td bgcolor=White>&nbsp;mm<\/td>\n<td bgcolor=White>&nbsp;140<\/td>\n<\/tr>\n<tr>\n<td bgcolor=White>&nbsp;Velocidade Rolos<\/td>\n<td bgcolor=White>&nbsp;m\/min<\/td>\n<td bgcolor=White>&nbsp;3.5<\/td>\n<\/tr>\n<tr>\n<td bgcolor=White>&nbsp;Pot\u00eancia Motor<\/td>\n<td bgcolor=White>&nbsp;W<\/td>\n<td bgcolor=White>&nbsp;2200<\/td>\n<\/tr>\n<tr>\n<td bgcolor=White>&nbsp;Voltagem<\/td>\n<td bgcolor=White>&nbsp;<\/td>\n<td bgcolor=White>&nbsp;400 V +\/-15% &#8211; 50Hz<\/td>\n<\/tr>\n<\/table>\n","protected":false},"excerpt":{"rendered":"<p>&nbsp;Caracter\u00edsticas T\u00e9cnicas &nbsp;&#8211; &nbsp;&#8212; &nbsp;Largura Utiliz\u00e1vel &nbsp;mm &nbsp;1550 &nbsp;Espessura M\u00e1xima &nbsp;mm &nbsp;4 &nbsp;Di\u00e2metro Rolos &nbsp;mm &nbsp;140 &nbsp;Velocidade Rolos &nbsp;m\/min &nbsp;3.5 &nbsp;Pot\u00eancia Motor &nbsp;W &nbsp;2200 &nbsp;Voltagem &nbsp; &nbsp;400 V +\/-15% &#8211; 50Hz<\/p>\n","protected":false},"featured_media":64176,"comment_status":"closed","ping_status":"closed","template":"","meta":[],"product_brand":[],"product_cat":[1948],"product_tag":[],"class_list":{"0":"post-39090","1":"product","2":"type-product","3":"status-publish","4":"has-post-thumbnail","6":"product_cat-calandras","8":"first","9":"onbackorder","10":"sold-individually","11":"taxable","12":"shipping-taxable","13":"purchasable","14":"product-type-simple"},"_links":{"self":[{"href":"https:\/\/occasionmachines.com\/pt\/wp-json\/wp\/v2\/product\/39090","targetHints":{"allow":["GET"]}}],"collection":[{"href":"https:\/\/occasionmachines.com\/pt\/wp-json\/wp\/v2\/product"}],"about":[{"href":"https:\/\/occasionmachines.com\/pt\/wp-json\/wp\/v2\/types\/product"}],"replies":[{"embeddable":true,"href":"https:\/\/occasionmachines.com\/pt\/wp-json\/wp\/v2\/comments?post=39090"}],"wp:featuredmedia":[{"embeddable":true,"href":"https:\/\/occasionmachines.com\/pt\/wp-json\/wp\/v2\/media\/64176"}],"wp:attachment":[{"href":"https:\/\/occasionmachines.com\/pt\/wp-json\/wp\/v2\/media?parent=39090"}],"wp:term":[{"taxonomy":"product_brand","embeddable":true,"href":"https:\/\/occasionmachines.com\/pt\/wp-json\/wp\/v2\/product_brand?post=39090"},{"taxonomy":"product_cat","embeddable":true,"href":"https:\/\/occasionmachines.com\/pt\/wp-json\/wp\/v2\/product_cat?post=39090"},{"taxonomy":"product_tag","embeddable":true,"href":"https:\/\/occasionmachines.com\/pt\/wp-json\/wp\/v2\/product_tag?post=39090"}],"curies":[{"name":"wp","href":"https:\/\/api.w.org\/{rel}","templated":true}]}}