{"id":39099,"date":"2019-11-26T18:27:06","date_gmt":"2019-11-26T18:27:06","guid":{"rendered":"https:\/\/occasionmachines.com\/?post_type=product&#038;p=39099"},"modified":"2025-05-26T17:58:40","modified_gmt":"2025-05-26T16:58:40","slug":"cabine-de-jato-420ltr-com-tampa-frontal","status":"publish","type":"product","link":"https:\/\/occasionmachines.com\/pt\/produto\/cabine-de-jato-420ltr-com-tampa-frontal\/","title":{"rendered":"Cabine de jato de areia 420 Litros"},"content":{"rendered":"<p>Destaques<\/p>\n<p>&#8211; \u00e1rea de trabalho = 1160 x 580 x 570mm<br \/>\n&#8211; capacidade de carga = 40kg<br \/>\n&#8211; tens\u00e3o = 230V<br \/>\n&#8211; press\u00e3o de trabalho = 4 &#8211; 8 bar<br \/>\n&#8211; consumo de ar = 160 &#8211; 700L\/min<br \/>\n&#8211; di\u00e2metro dos bicos = 6,7mm<\/p>\n<p>incluindo :<\/p>\n<p>&#8211; pedal<br \/>\n&#8211; luvas de borracha\/vinil<br \/>\n&#8211; pistola de jateamento SB420LG com bicos<br \/>\n&#8211; pel\u00edculas de prote\u00e7\u00e3o<br \/>\n&#8211; ilumina\u00e7\u00e3o<br \/>\n&#8211; regulador de ar<br \/>\n&#8211; extra\u00e7\u00e3o<br \/>\n&#8211; faixa de espuma<\/p>\n<p>N\u00e3o \u00e9 adequado para jateamento de refrigerante.<\/p>\n<p>Dimens\u00f5es do produto:<br \/>\nComprimento do produto 1.350 mil\u00edmetros<br \/>\nLargura do produto 900 mil\u00edmetros<br \/>\nAltura do produto 1.700 mil\u00edmetros<br \/>\nPeso do Produto 124,0kg _<br \/>\nDimens\u00f5es da embalagem:<br \/>\nComprimento do pacote 1.280 mil\u00edmetros<br \/>\nLargura do pacote 1.250 mil\u00edmetros<br \/>\nAltura do pacote 770 mil\u00edmetros<br \/>\npeso do pacote 160,00kg<\/p>","protected":false},"excerpt":{"rendered":"<p>Destaques &#8211; \u00e1rea de trabalho = 1160 x 580 x 570mm &#8211; capacidade de carga = 40kg &#8211; tens\u00e3o = 230V &#8211; press\u00e3o de trabalho = 4 &#8211; 8 bar &#8211; consumo de ar = 160 &#8211; 700L\/min &#8211; di\u00e2metro dos bicos = 6,7mm incluindo : &#8211; pedal &#8211; luvas de borracha\/vinil &#8211; pistola de [&hellip;]<\/p>\n","protected":false},"featured_media":39100,"comment_status":"open","ping_status":"closed","template":"","meta":[],"product_brand":[],"product_cat":[3388],"product_tag":[],"class_list":{"0":"post-39099","1":"product","2":"type-product","3":"status-publish","4":"has-post-thumbnail","6":"product_cat-decapagem-de-jacto-de-areia","7":"product_shipping_class-maquinas-medias","9":"first","10":"onbackorder","11":"sold-individually","12":"taxable","13":"shipping-taxable","14":"purchasable","15":"product-type-simple"},"_links":{"self":[{"href":"https:\/\/occasionmachines.com\/pt\/wp-json\/wp\/v2\/product\/39099","targetHints":{"allow":["GET"]}}],"collection":[{"href":"https:\/\/occasionmachines.com\/pt\/wp-json\/wp\/v2\/product"}],"about":[{"href":"https:\/\/occasionmachines.com\/pt\/wp-json\/wp\/v2\/types\/product"}],"replies":[{"embeddable":true,"href":"https:\/\/occasionmachines.com\/pt\/wp-json\/wp\/v2\/comments?post=39099"}],"wp:featuredmedia":[{"embeddable":true,"href":"https:\/\/occasionmachines.com\/pt\/wp-json\/wp\/v2\/media\/39100"}],"wp:attachment":[{"href":"https:\/\/occasionmachines.com\/pt\/wp-json\/wp\/v2\/media?parent=39099"}],"wp:term":[{"taxonomy":"product_brand","embeddable":true,"href":"https:\/\/occasionmachines.com\/pt\/wp-json\/wp\/v2\/product_brand?post=39099"},{"taxonomy":"product_cat","embeddable":true,"href":"https:\/\/occasionmachines.com\/pt\/wp-json\/wp\/v2\/product_cat?post=39099"},{"taxonomy":"product_tag","embeddable":true,"href":"https:\/\/occasionmachines.com\/pt\/wp-json\/wp\/v2\/product_tag?post=39099"}],"curies":[{"name":"wp","href":"https:\/\/api.w.org\/{rel}","templated":true}]}}