{"id":39220,"date":"2019-12-03T02:41:41","date_gmt":"2019-12-03T02:41:41","guid":{"rendered":"https:\/\/occasionmachines.com\/?post_type=product&#038;p=39220"},"modified":"2022-01-17T19:39:46","modified_gmt":"2022-01-17T19:39:46","slug":"braco-de-roscar-m3-a-m16-1-000-milimetro","status":"publish","type":"product","link":"https:\/\/occasionmachines.com\/pt\/produto\/braco-de-roscar-m3-a-m16-1-000-milimetro\/","title":{"rendered":"Bra\u00e7o de Roscar M3 a M16 &#8211; 1.000 mil\u00edmetro"},"content":{"rendered":"<p><\/p>\n<ul>\n<li>economia de energia<\/li>\n<li>N\u00e3o \u00e9 necess\u00e1rio um compressor caro<\/li>\n<li>poderoso\u00a0\u00a0<strong>servomotor<\/strong><\/li>\n<li>Menos ru\u00eddo do que pneum\u00e1tica<\/li>\n<li>Com\u00a0\u00a0<strong>o controle do PLC sobre tela sens\u00edvel ao toque<\/strong>\u00a0: bobina simples, profundidade e velocidade para entrar.<\/li>\n<li>controle de velocidade vari\u00e1vel<\/li>\n<li>baixa manuten\u00e7\u00e3o<\/li>\n<\/ul>\n<ul>\n<li>bra\u00e7os anodizado poderosos<\/li>\n<li>Todos os pontos de articula\u00e7\u00e3o s\u00e3o equipados com rolamentos de lubrifica\u00e7\u00e3o vital\u00edcia<\/li>\n<li>Uma opera\u00e7\u00e3o livre de peso \u00e9 conseguida atrav\u00e9s das molas de g\u00e1s<\/li>\n<li>Baixa tens\u00e3o e tens\u00e3o de carga<\/li>\n<li>prote\u00e7\u00e3o contra superaquecimento<\/li>\n<\/ul>\n<p><strong>Inclui:<\/strong><\/p>\n<ul>\n<li><strong>O<\/strong><b>ito porta-machos com acoplamento de deslizamento<\/b><\/li>\n<li>Manual do Propriet\u00e1rio, inscri\u00e7\u00f5es, CE &#8211; marca e certifica\u00e7\u00e3o CE de acordo com a Directiva M\u00e1quinas 2006\/42 \/ CE, e da Directiva EMC 2014\/30 \/ CE<\/li>\n<\/ul>\n<p><strong>Dica:\u00a0<\/strong>\u00a0bancada m\u00f3vel Opcionalmente dispon\u00edvel com a folha de ferro com ranhuras em T, 900 x 600 mm 793 940 501<\/p>\n<table class=\"detailinfo\">\n<tbody>\n<tr>\n<td><\/td>\n<td><\/td>\n<td>ETA1610<\/td>\n<\/tr>\n<tr>\n<td><\/td>\n<td><\/td>\n<td>M3-M16<\/td>\n<\/tr>\n<tr>\n<td>Velocidade<\/td>\n<td>rpm<\/td>\n<td>0-300<\/td>\n<\/tr>\n<tr>\n<td>Raio de ac\u00e7\u00e3o eficaz cerca de 360 \u200b\u200b\u00b0 (1)<\/td>\n<td>Rmax mm<\/td>\n<td>1000<\/td>\n<\/tr>\n<tr>\n<td>Tipo<\/td>\n<td><\/td>\n<td>\u00d8 19<\/td>\n<\/tr>\n<tr>\n<td>Cabe\u00e7as<\/td>\n<td><\/td>\n<td>M4, M5, M6, M8, M10, M12, M14, M16<\/td>\n<\/tr>\n<tr>\n<td>Pot\u00eancia<\/td>\n<td>kW<\/td>\n<td>0,6<\/td>\n<\/tr>\n<tr>\n<td>Pens\u00e3o<\/td>\n<td>V<\/td>\n<td>1&#215;230<\/td>\n<\/tr>\n<tr>\n<td>Peso<\/td>\n<td>kg<\/td>\n<td>25.00<\/td>\n<\/tr>\n<\/tbody>\n<\/table>\n<p><\/p>","protected":false},"excerpt":{"rendered":"<p>economia de energia N\u00e3o \u00e9 necess\u00e1rio um compressor caro poderoso\u00a0\u00a0servomotor Menos ru\u00eddo do que pneum\u00e1tica Com\u00a0\u00a0o controle do PLC sobre tela sens\u00edvel ao toque\u00a0: bobina simples, profundidade e velocidade para entrar. controle de velocidade vari\u00e1vel baixa manuten\u00e7\u00e3o bra\u00e7os anodizado poderosos Todos os pontos de articula\u00e7\u00e3o s\u00e3o equipados com rolamentos de lubrifica\u00e7\u00e3o vital\u00edcia Uma opera\u00e7\u00e3o livre [&hellip;]<\/p>\n","protected":false},"featured_media":39221,"comment_status":"open","ping_status":"closed","template":"","meta":[],"product_brand":[],"product_cat":[5597],"product_tag":[],"class_list":{"0":"post-39220","1":"product","2":"type-product","3":"status-publish","4":"has-post-thumbnail","6":"product_cat-bracos-de-roscar","8":"first","9":"onbackorder","10":"taxable","11":"shipping-taxable","12":"purchasable","13":"product-type-simple"},"_links":{"self":[{"href":"https:\/\/occasionmachines.com\/pt\/wp-json\/wp\/v2\/product\/39220","targetHints":{"allow":["GET"]}}],"collection":[{"href":"https:\/\/occasionmachines.com\/pt\/wp-json\/wp\/v2\/product"}],"about":[{"href":"https:\/\/occasionmachines.com\/pt\/wp-json\/wp\/v2\/types\/product"}],"replies":[{"embeddable":true,"href":"https:\/\/occasionmachines.com\/pt\/wp-json\/wp\/v2\/comments?post=39220"}],"wp:featuredmedia":[{"embeddable":true,"href":"https:\/\/occasionmachines.com\/pt\/wp-json\/wp\/v2\/media\/39221"}],"wp:attachment":[{"href":"https:\/\/occasionmachines.com\/pt\/wp-json\/wp\/v2\/media?parent=39220"}],"wp:term":[{"taxonomy":"product_brand","embeddable":true,"href":"https:\/\/occasionmachines.com\/pt\/wp-json\/wp\/v2\/product_brand?post=39220"},{"taxonomy":"product_cat","embeddable":true,"href":"https:\/\/occasionmachines.com\/pt\/wp-json\/wp\/v2\/product_cat?post=39220"},{"taxonomy":"product_tag","embeddable":true,"href":"https:\/\/occasionmachines.com\/pt\/wp-json\/wp\/v2\/product_tag?post=39220"}],"curies":[{"name":"wp","href":"https:\/\/api.w.org\/{rel}","templated":true}]}}