{"id":39231,"date":"2019-12-03T02:50:03","date_gmt":"2019-12-03T02:50:03","guid":{"rendered":"https:\/\/occasionmachines.com\/?post_type=product&#038;p=39231"},"modified":"2022-01-17T18:30:37","modified_gmt":"2022-01-17T18:30:37","slug":"braco-de-roscar-m16-a-m42-1300-milimetros","status":"publish","type":"product","link":"https:\/\/occasionmachines.com\/pt\/produto\/braco-de-roscar-m16-a-m42-1300-milimetros\/","title":{"rendered":"Bra\u00e7o de Roscar M16 a M42 &#8211; 1300 mil\u00edmetros"},"content":{"rendered":"<p>El\u00e9trico com uma tela t\u00e1til, controle do PLC e controle de velocidade vari\u00e1vel<\/p>\n<p><strong>Caracter\u00edsticas:<\/strong><\/p>\n<ul>\n<li>economia de energia<\/li>\n<li>N\u00e3o \u00e9 necess\u00e1rio um compressor caro<\/li>\n<li>poderoso\u00a0\u00a0<strong>servomotor<\/strong><\/li>\n<li>Menos ru\u00eddo do que pneum\u00e1tica<\/li>\n<li>Com\u00a0\u00a0<strong>o controle do PLC atrav\u00e9s de uma tela sens\u00edvel ao toque<\/strong>\u00a0: Passo simples, profundidade e velocidade para entrar.<\/li>\n<li>controle de velocidade vari\u00e1vel<\/li>\n<li>baixa manuten\u00e7\u00e3o<\/li>\n<\/ul>\n<p><strong>Apresenta:<\/strong><\/p>\n<ul>\n<li>bra\u00e7os anodizado poderosos<\/li>\n<li>Todos os pontos de articula\u00e7\u00e3o s\u00e3o equipados com rolamentos de lubrifica\u00e7\u00e3o vital\u00edcia<\/li>\n<li>Uma opera\u00e7\u00e3o livre de peso \u00e9 conseguida atrav\u00e9s das molas de g\u00e1s<\/li>\n<li>Baixa tens\u00e3o e tens\u00e3o de carga<\/li>\n<li>prote\u00e7\u00e3o contra superaquecimento<\/li>\n<\/ul>\n<p><strong>Inclui:<\/strong><\/p>\n<ul>\n<li><strong>12 porta-machos com acoplamento de deslizamento<\/strong><\/li>\n<li>Manual, inscri\u00e7\u00f5es, marca CE do propriet\u00e1rio e certifica\u00e7\u00e3o CE de acordo com a Directiva M\u00e1quinas 2006\/42 \/ CE e EMC Directiva 2014\/30 \/ CE<\/li>\n<\/ul>\n<p><strong>Dica:\u00a0<\/strong>\u00a0bancada m\u00f3vel Opcionalmente dispon\u00edvel com a folha de ferro com ranhuras em T, 900 x 600 mm 795 940 502<\/p>\n<table class=\"detailinfo\">\n<tbody>\n<tr>\n<td><\/td>\n<td><\/td>\n<td>ETA4213<\/td>\n<\/tr>\n<tr>\n<td><\/td>\n<td><\/td>\n<td>M16-M42<\/td>\n<\/tr>\n<tr>\n<td>Velocidade<\/td>\n<td>rpm<\/td>\n<td>50<\/td>\n<\/tr>\n<tr>\n<td>Raio de ac\u00e7\u00e3o eficaz cerca de 360 \u200b\u200b\u00b0 (1)<\/td>\n<td>Rmax mm<\/td>\n<td>1300<\/td>\n<\/tr>\n<tr>\n<td>Tipo<\/td>\n<td><\/td>\n<td>\u00f8 48<\/td>\n<\/tr>\n<tr>\n<td>Cabe\u00e7as<\/td>\n<td><\/td>\n<td>M16, M18, M20, M22, M24, M30, M33, M36, M38, M39, M40, M42<\/td>\n<\/tr>\n<tr>\n<td>Pot\u00eancia<\/td>\n<td>kW<\/td>\n<td>1,2<\/td>\n<\/tr>\n<tr>\n<td>tens\u00e3o<\/td>\n<td>V<\/td>\n<td>1 x 230<\/td>\n<\/tr>\n<tr>\n<td>peso<\/td>\n<td>kg<\/td>\n<td>110.00<\/td>\n<\/tr>\n<\/tbody>\n<\/table>\n<p><\/p>","protected":false},"excerpt":{"rendered":"<p>El\u00e9trico com uma tela t\u00e1til, controle do PLC e controle de velocidade vari\u00e1vel Caracter\u00edsticas: economia de energia N\u00e3o \u00e9 necess\u00e1rio um compressor caro poderoso\u00a0\u00a0servomotor Menos ru\u00eddo do que pneum\u00e1tica Com\u00a0\u00a0o controle do PLC atrav\u00e9s de uma tela sens\u00edvel ao toque\u00a0: Passo simples, profundidade e velocidade para entrar. controle de velocidade vari\u00e1vel baixa manuten\u00e7\u00e3o Apresenta: bra\u00e7os [&hellip;]<\/p>\n","protected":false},"featured_media":39232,"comment_status":"open","ping_status":"closed","template":"","meta":[],"product_brand":[],"product_cat":[5597],"product_tag":[],"class_list":{"0":"post-39231","1":"product","2":"type-product","3":"status-publish","4":"has-post-thumbnail","6":"product_cat-bracos-de-roscar","8":"first","9":"onbackorder","10":"taxable","11":"shipping-taxable","12":"purchasable","13":"product-type-simple"},"_links":{"self":[{"href":"https:\/\/occasionmachines.com\/pt\/wp-json\/wp\/v2\/product\/39231","targetHints":{"allow":["GET"]}}],"collection":[{"href":"https:\/\/occasionmachines.com\/pt\/wp-json\/wp\/v2\/product"}],"about":[{"href":"https:\/\/occasionmachines.com\/pt\/wp-json\/wp\/v2\/types\/product"}],"replies":[{"embeddable":true,"href":"https:\/\/occasionmachines.com\/pt\/wp-json\/wp\/v2\/comments?post=39231"}],"wp:featuredmedia":[{"embeddable":true,"href":"https:\/\/occasionmachines.com\/pt\/wp-json\/wp\/v2\/media\/39232"}],"wp:attachment":[{"href":"https:\/\/occasionmachines.com\/pt\/wp-json\/wp\/v2\/media?parent=39231"}],"wp:term":[{"taxonomy":"product_brand","embeddable":true,"href":"https:\/\/occasionmachines.com\/pt\/wp-json\/wp\/v2\/product_brand?post=39231"},{"taxonomy":"product_cat","embeddable":true,"href":"https:\/\/occasionmachines.com\/pt\/wp-json\/wp\/v2\/product_cat?post=39231"},{"taxonomy":"product_tag","embeddable":true,"href":"https:\/\/occasionmachines.com\/pt\/wp-json\/wp\/v2\/product_tag?post=39231"}],"curies":[{"name":"wp","href":"https:\/\/api.w.org\/{rel}","templated":true}]}}