{"id":40276,"date":"2019-12-16T23:52:51","date_gmt":"2019-12-16T23:52:51","guid":{"rendered":"https:\/\/occasionmachines.com\/?post_type=product&#038;p=40276"},"modified":"2025-05-26T17:53:47","modified_gmt":"2025-05-26T16:53:47","slug":"elevador-eletro-hidarulico-2-colunas-descravamento-manual","status":"publish","type":"product","link":"https:\/\/occasionmachines.com\/pt\/produto\/elevador-eletro-hidarulico-2-colunas-descravamento-manual\/","title":{"rendered":"Elevador Eletro &#8211; Hidr\u00e1ulico &#8211; 2 Colunas (Descravamento Manual)"},"content":{"rendered":"<p><\/p>\n<div align=\"left\"><strong>Dados T\u00e9cnicos:<\/strong><\/div>\n<ul>\n<li>Capacidade Carga: 4000 Kg<\/li>\n<li>Sistema de Fluxo: Eletro-Hidr\u00e1ulico<\/li>\n<li>Altura m\u00e1x. eleva\u00e7\u00e3o: 180 cm<\/li>\n<li>Altura do Elevador: 283 cm<\/li>\n<li>Dist\u00e2ncia entre Postes: 280 cm<\/li>\n<li>Largura Total Exterior: 343 cm<\/li>\n<li>Tempo de Eleva\u00e7\u00e3o: 55 segundos<\/li>\n<li>Tempo de Descida: 26 segundos<\/li>\n<li>Pot\u00eancia do Motor: 2200 W<\/li>\n<li>Liberta\u00e7\u00e3o para Descida Manual<\/li>\n<\/ul>\n<p><\/p>","protected":false},"excerpt":{"rendered":"<p>Dados T\u00e9cnicos: Capacidade Carga: 4000 Kg Sistema de Fluxo: Eletro-Hidr\u00e1ulico Altura m\u00e1x. eleva\u00e7\u00e3o: 180 cm Altura do Elevador: 283 cm Dist\u00e2ncia entre Postes: 280 cm Largura Total Exterior: 343 cm Tempo de Eleva\u00e7\u00e3o: 55 segundos Tempo de Descida: 26 segundos Pot\u00eancia do Motor: 2200 W Liberta\u00e7\u00e3o para Descida Manual<\/p>\n","protected":false},"featured_media":40280,"comment_status":"open","ping_status":"closed","template":"","meta":[],"product_brand":[],"product_cat":[5774],"product_tag":[],"class_list":{"0":"post-40276","1":"product","2":"type-product","3":"status-publish","4":"has-post-thumbnail","6":"product_cat-elevadores-de-colunas","8":"first","9":"instock","10":"sold-individually","11":"taxable","12":"shipping-taxable","13":"purchasable","14":"product-type-variable","15":"has-default-attributes"},"_links":{"self":[{"href":"https:\/\/occasionmachines.com\/pt\/wp-json\/wp\/v2\/product\/40276","targetHints":{"allow":["GET"]}}],"collection":[{"href":"https:\/\/occasionmachines.com\/pt\/wp-json\/wp\/v2\/product"}],"about":[{"href":"https:\/\/occasionmachines.com\/pt\/wp-json\/wp\/v2\/types\/product"}],"replies":[{"embeddable":true,"href":"https:\/\/occasionmachines.com\/pt\/wp-json\/wp\/v2\/comments?post=40276"}],"wp:featuredmedia":[{"embeddable":true,"href":"https:\/\/occasionmachines.com\/pt\/wp-json\/wp\/v2\/media\/40280"}],"wp:attachment":[{"href":"https:\/\/occasionmachines.com\/pt\/wp-json\/wp\/v2\/media?parent=40276"}],"wp:term":[{"taxonomy":"product_brand","embeddable":true,"href":"https:\/\/occasionmachines.com\/pt\/wp-json\/wp\/v2\/product_brand?post=40276"},{"taxonomy":"product_cat","embeddable":true,"href":"https:\/\/occasionmachines.com\/pt\/wp-json\/wp\/v2\/product_cat?post=40276"},{"taxonomy":"product_tag","embeddable":true,"href":"https:\/\/occasionmachines.com\/pt\/wp-json\/wp\/v2\/product_tag?post=40276"}],"curies":[{"name":"wp","href":"https:\/\/api.w.org\/{rel}","templated":true}]}}