{"id":40286,"date":"2019-12-17T00:49:57","date_gmt":"2019-12-17T00:49:57","guid":{"rendered":"https:\/\/occasionmachines.com\/?post_type=product&#038;p=40286"},"modified":"2025-05-26T17:53:32","modified_gmt":"2025-05-26T16:53:32","slug":"elevador-auto-4-colunas-eletro-hidraulico-4000kg","status":"publish","type":"product","link":"https:\/\/occasionmachines.com\/pt\/produto\/elevador-auto-4-colunas-eletro-hidraulico-4000kg\/","title":{"rendered":"Elevador Auto 4 Colunas Eletro-Hidr\u00e1ulico &#8211; 4000Kg"},"content":{"rendered":"<p><\/p>\n<div align=\"left\"><strong>Dados T\u00e9cnicos:<\/strong><\/div>\n<ul>\n<li>Capacidade Carga: 4000 Kg<\/li>\n<li>Voltagem: 400 V AC +\/-15%, 50Hz<\/li>\n<li>Sistema de Fluxo: Eletro-Hidr\u00e1ulico<\/li>\n<li>Estrutura Preparada para Alinhamento de Dire\u00e7\u00f5es<\/li>\n<\/ul>\n<p><strong>Elevador Principal:<\/strong><\/p>\n<ul>\n<li>Altura m\u00e1x. eleva\u00e7\u00e3o: 175 cm<\/li>\n<li>Comprimento Plataforma: 436 cm<\/li>\n<li>Altura da Plataforma: 25 cm<\/li>\n<li>Largura da Plataforma: 52 cm<\/li>\n<li>Tempo de Eleva\u00e7\u00e3o: 55 segundos<\/li>\n<li>Tempo de Descida: 55 segundos<\/li>\n<li>Largura: 310 cm<\/li>\n<li>Comprimento: 510 cm<\/li>\n<li>Altura do Elevador: 210 cm<\/li>\n<\/ul>\n<p><strong>Macaco Central:<\/strong><\/p>\n<ul>\n<li>Capacidade M\u00e1xima de Eleva\u00e7\u00e3o: 2000 Kg<\/li>\n<li>Altura m\u00e1xima de Eleva\u00e7\u00e3o: 49 cm<\/li>\n<li>Comprimento da plataforma: 880 &#8211; 1280 cm<\/li>\n<li>Largura da Plataforma: 17,5 cm<\/li>\n<li>Tempo de Eleva\u00e7\u00e3o: 10 segundos<\/li>\n<li>Tempo de Descida: 10 segundos<\/li>\n<\/ul>\n<p><\/p>","protected":false},"excerpt":{"rendered":"<p>Dados T\u00e9cnicos: Capacidade Carga: 4000 Kg Voltagem: 400 V AC +\/-15%, 50Hz Sistema de Fluxo: Eletro-Hidr\u00e1ulico Estrutura Preparada para Alinhamento de Dire\u00e7\u00f5es Elevador Principal: Altura m\u00e1x. eleva\u00e7\u00e3o: 175 cm Comprimento Plataforma: 436 cm Altura da Plataforma: 25 cm Largura da Plataforma: 52 cm Tempo de Eleva\u00e7\u00e3o: 55 segundos Tempo de Descida: 55 segundos Largura: 310 [&hellip;]<\/p>\n","protected":false},"featured_media":40287,"comment_status":"open","ping_status":"closed","template":"","meta":[],"product_brand":[],"product_cat":[5774],"product_tag":[],"class_list":{"0":"post-40286","1":"product","2":"type-product","3":"status-publish","4":"has-post-thumbnail","6":"product_cat-elevadores-de-colunas","8":"first","9":"instock","10":"sold-individually","11":"taxable","12":"shipping-taxable","13":"purchasable","14":"product-type-variable"},"_links":{"self":[{"href":"https:\/\/occasionmachines.com\/pt\/wp-json\/wp\/v2\/product\/40286","targetHints":{"allow":["GET"]}}],"collection":[{"href":"https:\/\/occasionmachines.com\/pt\/wp-json\/wp\/v2\/product"}],"about":[{"href":"https:\/\/occasionmachines.com\/pt\/wp-json\/wp\/v2\/types\/product"}],"replies":[{"embeddable":true,"href":"https:\/\/occasionmachines.com\/pt\/wp-json\/wp\/v2\/comments?post=40286"}],"wp:featuredmedia":[{"embeddable":true,"href":"https:\/\/occasionmachines.com\/pt\/wp-json\/wp\/v2\/media\/40287"}],"wp:attachment":[{"href":"https:\/\/occasionmachines.com\/pt\/wp-json\/wp\/v2\/media?parent=40286"}],"wp:term":[{"taxonomy":"product_brand","embeddable":true,"href":"https:\/\/occasionmachines.com\/pt\/wp-json\/wp\/v2\/product_brand?post=40286"},{"taxonomy":"product_cat","embeddable":true,"href":"https:\/\/occasionmachines.com\/pt\/wp-json\/wp\/v2\/product_cat?post=40286"},{"taxonomy":"product_tag","embeddable":true,"href":"https:\/\/occasionmachines.com\/pt\/wp-json\/wp\/v2\/product_tag?post=40286"}],"curies":[{"name":"wp","href":"https:\/\/api.w.org\/{rel}","templated":true}]}}