{"id":40291,"date":"2019-12-17T01:02:04","date_gmt":"2019-12-17T01:02:04","guid":{"rendered":"https:\/\/occasionmachines.com\/?post_type=product&#038;p=40291"},"modified":"2025-05-26T17:52:46","modified_gmt":"2025-05-26T16:52:46","slug":"elevador-auto-4-colunas-eletro-hidraulico-5500-kg","status":"publish","type":"product","link":"https:\/\/occasionmachines.com\/pt\/produto\/elevador-auto-4-colunas-eletro-hidraulico-5500-kg\/","title":{"rendered":"ELEVADOR 4 COLUNAS 5.5TON  PA4L55"},"content":{"rendered":"<table border=1 cellspacing=0 cellpadding=0 width=\"100%\">\n<tr>\n<td bgcolor=AntiqueWhite align=left>&nbsp;Caracter\u00edsticas T\u00e9cnicas<\/td>\n<td bgcolor=AntiqueWhite align=left>&nbsp;&#8211;<\/td>\n<td bgcolor=AntiqueWhite align=left>&nbsp;&#8212;<\/td>\n<\/tr>\n<tr>\n<td bgcolor=White>&nbsp;ELEVADOR<\/td>\n<td bgcolor=White>&nbsp;<\/td>\n<td bgcolor=White>&nbsp;<\/td>\n<\/tr>\n<tr>\n<td bgcolor=White>&nbsp;Capacidade Eleva\u00e7\u00e3o<\/td>\n<td bgcolor=White>&nbsp;Kg<\/td>\n<td bgcolor=White>&nbsp;5000<\/td>\n<\/tr>\n<tr>\n<td bgcolor=White>&nbsp;Altura Eleva\u00e7\u00e3o<\/td>\n<td bgcolor=White>&nbsp;mm<\/td>\n<td bgcolor=White>&nbsp;1750<\/td>\n<\/tr>\n<tr>\n<td bgcolor=White>&nbsp;Altura Minima Plataforma<\/td>\n<td bgcolor=White>&nbsp;mm<\/td>\n<td bgcolor=White>&nbsp;250<\/td>\n<\/tr>\n<tr>\n<td bgcolor=White>&nbsp;Comprimento Plataforma<\/td>\n<td bgcolor=White>&nbsp;mm<\/td>\n<td bgcolor=White>&nbsp;5190<\/td>\n<\/tr>\n<tr>\n<td bgcolor=White>&nbsp;Largura Plataforma<\/td>\n<td bgcolor=White>&nbsp;mm<\/td>\n<td bgcolor=White>&nbsp;526<\/td>\n<\/tr>\n<tr>\n<td bgcolor=White>&nbsp;Tempo Subida<\/td>\n<td bgcolor=White>&nbsp;s<\/td>\n<td bgcolor=White>&nbsp;= 55<\/td>\n<\/tr>\n<tr>\n<td bgcolor=White>&nbsp;Tempo Descida<\/td>\n<td bgcolor=White>&nbsp;s<\/td>\n<td bgcolor=White>&nbsp;= 35<\/td>\n<\/tr>\n<tr>\n<td bgcolor=White>&nbsp;Largura Elevador<\/td>\n<td bgcolor=White>&nbsp;mm<\/td>\n<td bgcolor=White>&nbsp;3340<\/td>\n<\/tr>\n<tr>\n<td bgcolor=White>&nbsp;Comprimento Elevador<\/td>\n<td bgcolor=White>&nbsp;mm<\/td>\n<td bgcolor=White>&nbsp;6175<\/td>\n<\/tr>\n<tr>\n<td bgcolor=White>&nbsp;Peso Elevador<\/td>\n<td bgcolor=White>&nbsp;Kg<\/td>\n<td bgcolor=White>&nbsp;1330<\/td>\n<\/tr>\n<tr>\n<td bgcolor=White>&nbsp;Voltagem \/ Frequ\u00eancia<\/td>\n<td bgcolor=White>&nbsp;<\/td>\n<td bgcolor=White>&nbsp;400V \/ 50Hz<\/td>\n<\/tr>\n<tr>\n<td bgcolor=White>&nbsp;MACACO CENTRAL<\/td>\n<td bgcolor=White>&nbsp;<\/td>\n<td bgcolor=White>&nbsp;<\/td>\n<\/tr>\n<tr>\n<td bgcolor=White>&nbsp;Capacidade Eleva\u00e7\u00e3o<\/td>\n<td bgcolor=White>&nbsp;Kg<\/td>\n<td bgcolor=White>&nbsp;3000<\/td>\n<\/tr>\n<tr>\n<td bgcolor=White>&nbsp;Altura Eleva\u00e7\u00e3o<\/td>\n<td bgcolor=White>&nbsp;mm<\/td>\n<td bgcolor=White>&nbsp;375<\/td>\n<\/tr>\n<tr>\n<td bgcolor=White>&nbsp;Comprimento Plataforma<\/td>\n<td bgcolor=White>&nbsp;mm<\/td>\n<td bgcolor=White>&nbsp;880-1370<\/td>\n<\/tr>\n<tr>\n<td bgcolor=White>&nbsp;Largura Plataforma<\/td>\n<td bgcolor=White>&nbsp;mm<\/td>\n<td bgcolor=White>&nbsp;185<\/td>\n<\/tr>\n<tr>\n<td bgcolor=White>&nbsp;Distan\u00e7ia entre Rodas<\/td>\n<td bgcolor=White>&nbsp;mm<\/td>\n<td bgcolor=White>&nbsp;780-1200<\/td>\n<\/tr>\n<tr>\n<td bgcolor=White>&nbsp;Tempo Subida<\/td>\n<td bgcolor=White>&nbsp;s<\/td>\n<td bgcolor=White>&nbsp;= 20<\/td>\n<\/tr>\n<tr>\n<td bgcolor=White>&nbsp;Tempo Descida<\/td>\n<td bgcolor=White>&nbsp;s<\/td>\n<td bgcolor=White>&nbsp;= 10<\/td>\n<\/tr>\n<tr>\n<td bgcolor=White>&nbsp;Peso Macaco<\/td>\n<td bgcolor=White>&nbsp;Kg<\/td>\n<td bgcolor=White>&nbsp;120<\/td>\n<\/tr>\n<\/table>\n","protected":false},"excerpt":{"rendered":"<p>&nbsp;Caracter\u00edsticas T\u00e9cnicas &nbsp;&#8211; &nbsp;&#8212; &nbsp;ELEVADOR &nbsp; &nbsp; &nbsp;Capacidade Eleva\u00e7\u00e3o &nbsp;Kg &nbsp;5000 &nbsp;Altura Eleva\u00e7\u00e3o &nbsp;mm &nbsp;1750 &nbsp;Altura Minima Plataforma &nbsp;mm &nbsp;250 &nbsp;Comprimento Plataforma &nbsp;mm &nbsp;5190 &nbsp;Largura Plataforma &nbsp;mm &nbsp;526 &nbsp;Tempo Subida &nbsp;s &nbsp;= 55 &nbsp;Tempo Descida &nbsp;s &nbsp;= 35 &nbsp;Largura Elevador &nbsp;mm &nbsp;3340 &nbsp;Comprimento Elevador &nbsp;mm &nbsp;6175 &nbsp;Peso Elevador &nbsp;Kg &nbsp;1330 &nbsp;Voltagem \/ Frequ\u00eancia &nbsp; &nbsp;400V [&hellip;]<\/p>\n","protected":false},"featured_media":63229,"comment_status":"open","ping_status":"closed","template":"","meta":[],"product_brand":[],"product_cat":[5774],"product_tag":[],"class_list":{"0":"post-40291","1":"product","2":"type-product","3":"status-publish","4":"has-post-thumbnail","6":"product_cat-elevadores-de-colunas","8":"first","9":"onbackorder","10":"sold-individually","11":"taxable","12":"shipping-taxable","13":"purchasable","14":"product-type-simple"},"_links":{"self":[{"href":"https:\/\/occasionmachines.com\/pt\/wp-json\/wp\/v2\/product\/40291","targetHints":{"allow":["GET"]}}],"collection":[{"href":"https:\/\/occasionmachines.com\/pt\/wp-json\/wp\/v2\/product"}],"about":[{"href":"https:\/\/occasionmachines.com\/pt\/wp-json\/wp\/v2\/types\/product"}],"replies":[{"embeddable":true,"href":"https:\/\/occasionmachines.com\/pt\/wp-json\/wp\/v2\/comments?post=40291"}],"wp:featuredmedia":[{"embeddable":true,"href":"https:\/\/occasionmachines.com\/pt\/wp-json\/wp\/v2\/media\/63229"}],"wp:attachment":[{"href":"https:\/\/occasionmachines.com\/pt\/wp-json\/wp\/v2\/media?parent=40291"}],"wp:term":[{"taxonomy":"product_brand","embeddable":true,"href":"https:\/\/occasionmachines.com\/pt\/wp-json\/wp\/v2\/product_brand?post=40291"},{"taxonomy":"product_cat","embeddable":true,"href":"https:\/\/occasionmachines.com\/pt\/wp-json\/wp\/v2\/product_cat?post=40291"},{"taxonomy":"product_tag","embeddable":true,"href":"https:\/\/occasionmachines.com\/pt\/wp-json\/wp\/v2\/product_tag?post=40291"}],"curies":[{"name":"wp","href":"https:\/\/api.w.org\/{rel}","templated":true}]}}