{"id":40295,"date":"2019-12-17T01:23:41","date_gmt":"2019-12-17T01:23:41","guid":{"rendered":"https:\/\/occasionmachines.com\/?post_type=product&#038;p=40295"},"modified":"2025-05-26T17:52:06","modified_gmt":"2025-05-26T16:52:06","slug":"elevador-de-tesoura-esteira-alinhamento-eletro-hidraulico-5500-kg","status":"publish","type":"product","link":"https:\/\/occasionmachines.com\/pt\/produto\/elevador-de-tesoura-esteira-alinhamento-eletro-hidraulico-5500-kg\/","title":{"rendered":"Elevador Tesoura Alinhamento 5.5TON  PSE55A"},"content":{"rendered":"<table border=1 cellspacing=0 cellpadding=0 width=\"100%\">\n<tr>\n<td bgcolor=AntiqueWhite align=left>&nbsp;Caracter\u00edsticas T\u00e9cnicas<\/td>\n<td bgcolor=AntiqueWhite align=left>&nbsp;&#8211;<\/td>\n<td bgcolor=AntiqueWhite align=left>&nbsp;&#8212;<\/td>\n<\/tr>\n<tr>\n<td bgcolor=White>&nbsp;Voltagem Alimenta\u00e7\u00e3o<\/td>\n<td bgcolor=White>&nbsp;<\/td>\n<td bgcolor=White>&nbsp;400 V AC +\/- 15% 50Hz<\/td>\n<\/tr>\n<tr>\n<td bgcolor=White>&nbsp;Capacidade Eleva\u00e7\u00e3o<\/td>\n<td bgcolor=White>&nbsp;Kg<\/td>\n<td bgcolor=White>&nbsp;5500<\/td>\n<\/tr>\n<tr>\n<td bgcolor=White>&nbsp;Sistema Fluxo<\/td>\n<td bgcolor=White>&nbsp;<\/td>\n<td bgcolor=White>&nbsp;Eletro-Hidr\u00e1ulico<\/td>\n<\/tr>\n<tr>\n<td bgcolor=White>&nbsp;Altura M\u00e1x. Eleva\u00e7\u00e3o<\/td>\n<td bgcolor=White>&nbsp;cm<\/td>\n<td bgcolor=White>&nbsp;185<\/td>\n<\/tr>\n<tr>\n<td bgcolor=White>&nbsp;Altura Min. Plataforma<\/td>\n<td bgcolor=White>&nbsp;cm<\/td>\n<td bgcolor=White>&nbsp;38<\/td>\n<\/tr>\n<tr>\n<td bgcolor=White>&nbsp;Comprimento Plataforma<\/td>\n<td bgcolor=White>&nbsp;cm<\/td>\n<td bgcolor=White>&nbsp;500<\/td>\n<\/tr>\n<tr>\n<td bgcolor=White>&nbsp;Plataforma Alinhamento<\/td>\n<td bgcolor=White>&nbsp;cm<\/td>\n<td bgcolor=White>&nbsp;156 ~ 177<\/td>\n<\/tr>\n<tr>\n<td bgcolor=White>&nbsp;Largura Plataforma<\/td>\n<td bgcolor=White>&nbsp;cm<\/td>\n<td bgcolor=White>&nbsp;62<\/td>\n<\/tr>\n<tr>\n<td bgcolor=White>&nbsp;Tempo Eleva\u00e7\u00e3o<\/td>\n<td bgcolor=White>&nbsp;s<\/td>\n<td bgcolor=White>&nbsp;55<\/td>\n<\/tr>\n<tr>\n<td bgcolor=White>&nbsp;Tempo Descida<\/td>\n<td bgcolor=White>&nbsp;s<\/td>\n<td bgcolor=White>&nbsp;55<\/td>\n<\/tr>\n<tr>\n<td bgcolor=White>&nbsp;Comprimento Total<\/td>\n<td bgcolor=White>&nbsp;cm<\/td>\n<td bgcolor=White>&nbsp;550<\/td>\n<\/tr>\n<tr>\n<td bgcolor=White>&nbsp;Largura Total<\/td>\n<td bgcolor=White>&nbsp;cm<\/td>\n<td bgcolor=White>&nbsp;214<\/td>\n<\/tr>\n<\/table>\n","protected":false},"excerpt":{"rendered":"<p>&nbsp;Caracter\u00edsticas T\u00e9cnicas &nbsp;&#8211; &nbsp;&#8212; &nbsp;Voltagem Alimenta\u00e7\u00e3o &nbsp; &nbsp;400 V AC +\/- 15% 50Hz &nbsp;Capacidade Eleva\u00e7\u00e3o &nbsp;Kg &nbsp;5500 &nbsp;Sistema Fluxo &nbsp; &nbsp;Eletro-Hidr\u00e1ulico &nbsp;Altura M\u00e1x. Eleva\u00e7\u00e3o &nbsp;cm &nbsp;185 &nbsp;Altura Min. Plataforma &nbsp;cm &nbsp;38 &nbsp;Comprimento Plataforma &nbsp;cm &nbsp;500 &nbsp;Plataforma Alinhamento &nbsp;cm &nbsp;156 ~ 177 &nbsp;Largura Plataforma &nbsp;cm &nbsp;62 &nbsp;Tempo Eleva\u00e7\u00e3o &nbsp;s &nbsp;55 &nbsp;Tempo Descida &nbsp;s &nbsp;55 &nbsp;Comprimento Total [&hellip;]<\/p>\n","protected":false},"featured_media":63231,"comment_status":"closed","ping_status":"closed","template":"","meta":[],"product_brand":[],"product_cat":[6668],"product_tag":[],"class_list":{"0":"post-40295","1":"product","2":"type-product","3":"status-publish","4":"has-post-thumbnail","6":"product_cat-elevadores-de-tesoura","8":"first","9":"onbackorder","10":"sold-individually","11":"taxable","12":"shipping-taxable","13":"purchasable","14":"product-type-simple"},"_links":{"self":[{"href":"https:\/\/occasionmachines.com\/pt\/wp-json\/wp\/v2\/product\/40295","targetHints":{"allow":["GET"]}}],"collection":[{"href":"https:\/\/occasionmachines.com\/pt\/wp-json\/wp\/v2\/product"}],"about":[{"href":"https:\/\/occasionmachines.com\/pt\/wp-json\/wp\/v2\/types\/product"}],"replies":[{"embeddable":true,"href":"https:\/\/occasionmachines.com\/pt\/wp-json\/wp\/v2\/comments?post=40295"}],"wp:featuredmedia":[{"embeddable":true,"href":"https:\/\/occasionmachines.com\/pt\/wp-json\/wp\/v2\/media\/63231"}],"wp:attachment":[{"href":"https:\/\/occasionmachines.com\/pt\/wp-json\/wp\/v2\/media?parent=40295"}],"wp:term":[{"taxonomy":"product_brand","embeddable":true,"href":"https:\/\/occasionmachines.com\/pt\/wp-json\/wp\/v2\/product_brand?post=40295"},{"taxonomy":"product_cat","embeddable":true,"href":"https:\/\/occasionmachines.com\/pt\/wp-json\/wp\/v2\/product_cat?post=40295"},{"taxonomy":"product_tag","embeddable":true,"href":"https:\/\/occasionmachines.com\/pt\/wp-json\/wp\/v2\/product_tag?post=40295"}],"curies":[{"name":"wp","href":"https:\/\/api.w.org\/{rel}","templated":true}]}}