{"id":40297,"date":"2019-12-17T01:38:09","date_gmt":"2019-12-17T01:38:09","guid":{"rendered":"https:\/\/occasionmachines.com\/?post_type=product&#038;p=40297"},"modified":"2025-05-26T17:38:24","modified_gmt":"2025-05-26T16:38:24","slug":"elevador-auto-movel-1250-kg","status":"publish","type":"product","link":"https:\/\/occasionmachines.com\/pt\/produto\/elevador-auto-movel-1250-kg\/","title":{"rendered":"Elevador Portatil Profimaster 3000 1250KG"},"content":{"rendered":"<table border=1 cellspacing=0 cellpadding=0 width=\"100%\">\n<tr>\n<td bgcolor=AntiqueWhite align=left>&nbsp;Caracter\u00edsticas T\u00e9cnicas<\/td>\n<td bgcolor=AntiqueWhite align=left>&nbsp;&#8211;<\/td>\n<td bgcolor=AntiqueWhite align=left>&nbsp;&#8212;<\/td>\n<\/tr>\n<tr>\n<td bgcolor=White>&nbsp;Capacidade Eleva\u00e7\u00e3o<\/td>\n<td bgcolor=White>&nbsp;Kg<\/td>\n<td bgcolor=White>&nbsp;1250<\/td>\n<\/tr>\n<tr>\n<td bgcolor=White>&nbsp;Voltagem de Alimenta\u00e7\u00e3o <\/td>\n<td bgcolor=White>&nbsp;<\/td>\n<td bgcolor=White>&nbsp;230 V AC +\/-15%. 50Hz<\/td>\n<\/tr>\n<tr>\n<td bgcolor=White>&nbsp;Sistema de Fluxo<\/td>\n<td bgcolor=White>&nbsp;<\/td>\n<td bgcolor=White>&nbsp;Eletro-Hidr\u00e1ulico<\/td>\n<\/tr>\n<tr>\n<td bgcolor=White>&nbsp;Altura M\u00e1x. Eleva\u00e7\u00e3o<\/td>\n<td bgcolor=White>&nbsp;cm<\/td>\n<td bgcolor=White>&nbsp;100<\/td>\n<\/tr>\n<tr>\n<td bgcolor=White>&nbsp;Capac. M\u00e1x. por 4 Colunas<\/td>\n<td bgcolor=White>&nbsp;Kg<\/td>\n<td bgcolor=White>&nbsp;2500<\/td>\n<\/tr>\n<tr>\n<td bgcolor=White>&nbsp;Tempo de Eleva\u00e7\u00e3o<\/td>\n<td bgcolor=White>&nbsp;s<\/td>\n<td bgcolor=White>&nbsp;25<\/td>\n<\/tr>\n<tr>\n<td bgcolor=White>&nbsp;Tempo de Eleva\u00e7\u00e3o \/ Descida<\/td>\n<td bgcolor=White>&nbsp;s<\/td>\n<td bgcolor=White>&nbsp;30 \/ 30 <\/td>\n<\/tr>\n<\/table>\n","protected":false},"excerpt":{"rendered":"<p>&nbsp;Caracter\u00edsticas T\u00e9cnicas &nbsp;&#8211; &nbsp;&#8212; &nbsp;Capacidade Eleva\u00e7\u00e3o &nbsp;Kg &nbsp;1250 &nbsp;Voltagem de Alimenta\u00e7\u00e3o &nbsp; &nbsp;230 V AC +\/-15%. 50Hz &nbsp;Sistema de Fluxo &nbsp; &nbsp;Eletro-Hidr\u00e1ulico &nbsp;Altura M\u00e1x. Eleva\u00e7\u00e3o &nbsp;cm &nbsp;100 &nbsp;Capac. M\u00e1x. por 4 Colunas &nbsp;Kg &nbsp;2500 &nbsp;Tempo de Eleva\u00e7\u00e3o &nbsp;s &nbsp;25 &nbsp;Tempo de Eleva\u00e7\u00e3o \/ Descida &nbsp;s &nbsp;30 \/ 30<\/p>\n","protected":false},"featured_media":63211,"comment_status":"closed","ping_status":"closed","template":"","meta":[],"product_brand":[],"product_cat":[5661],"product_tag":[],"class_list":{"0":"post-40297","1":"product","2":"type-product","3":"status-publish","4":"has-post-thumbnail","6":"product_cat-elevacao-e-logistica","8":"first","9":"onbackorder","10":"sold-individually","11":"taxable","12":"shipping-taxable","13":"purchasable","14":"product-type-simple"},"_links":{"self":[{"href":"https:\/\/occasionmachines.com\/pt\/wp-json\/wp\/v2\/product\/40297","targetHints":{"allow":["GET"]}}],"collection":[{"href":"https:\/\/occasionmachines.com\/pt\/wp-json\/wp\/v2\/product"}],"about":[{"href":"https:\/\/occasionmachines.com\/pt\/wp-json\/wp\/v2\/types\/product"}],"replies":[{"embeddable":true,"href":"https:\/\/occasionmachines.com\/pt\/wp-json\/wp\/v2\/comments?post=40297"}],"wp:featuredmedia":[{"embeddable":true,"href":"https:\/\/occasionmachines.com\/pt\/wp-json\/wp\/v2\/media\/63211"}],"wp:attachment":[{"href":"https:\/\/occasionmachines.com\/pt\/wp-json\/wp\/v2\/media?parent=40297"}],"wp:term":[{"taxonomy":"product_brand","embeddable":true,"href":"https:\/\/occasionmachines.com\/pt\/wp-json\/wp\/v2\/product_brand?post=40297"},{"taxonomy":"product_cat","embeddable":true,"href":"https:\/\/occasionmachines.com\/pt\/wp-json\/wp\/v2\/product_cat?post=40297"},{"taxonomy":"product_tag","embeddable":true,"href":"https:\/\/occasionmachines.com\/pt\/wp-json\/wp\/v2\/product_tag?post=40297"}],"curies":[{"name":"wp","href":"https:\/\/api.w.org\/{rel}","templated":true}]}}