{"id":40306,"date":"2019-12-17T03:39:14","date_gmt":"2019-12-17T03:39:14","guid":{"rendered":"https:\/\/occasionmachines.com\/?post_type=product&#038;p=40306"},"modified":"2025-05-26T17:38:03","modified_gmt":"2025-05-26T16:38:03","slug":"elevador-de-esteira-eletro-hidraulico-3000-kg","status":"publish","type":"product","link":"https:\/\/occasionmachines.com\/pt\/produto\/elevador-de-esteira-eletro-hidraulico-3000-kg\/","title":{"rendered":"Elevador de Esteira Eletro-Hidr\u00e1ulico &#8211; 3000 Kg"},"content":{"rendered":"<p><\/p>\n<div align=\"left\"><strong>Dados T\u00e9cnicos:<\/strong><\/div>\n<ul>\n<li>Capacidade Carga: 3000 Kg<\/li>\n<li>Voltagem: 400 V AC +\/-15%, 50Hz<\/li>\n<li>Sistema de Fluxo: Eletro-Hidr\u00e1ulico<\/li>\n<li>Elevador de Esteira Eletro-Hidr\u00e1ulico<\/li>\n<\/ul>\n<p><strong>Elevador Principal:<\/strong><\/p>\n<ul>\n<li>Altura m\u00e1x. eleva\u00e7\u00e3o: 70 cm<\/li>\n<li>Comprimento Plataforma: 145 cm<\/li>\n<li>Altura da Plataforma: 10,5 cm<\/li>\n<li>Largura da Plataforma: 48 cm<\/li>\n<li>Pot\u00eancia do Motor: 2200 W<\/li>\n<li>Tempo de Eleva\u00e7\u00e3o: 30 segundos<\/li>\n<li>Tempo de Descida: 30 segundos<\/li>\n<li>Comprimento Total: 205 cm<\/li>\n<li>Largura Total: 171 cm<\/li>\n<\/ul>\n<p><\/p>","protected":false},"excerpt":{"rendered":"<p>Dados T\u00e9cnicos: Capacidade Carga: 3000 Kg Voltagem: 400 V AC +\/-15%, 50Hz Sistema de Fluxo: Eletro-Hidr\u00e1ulico Elevador de Esteira Eletro-Hidr\u00e1ulico Elevador Principal: Altura m\u00e1x. eleva\u00e7\u00e3o: 70 cm Comprimento Plataforma: 145 cm Altura da Plataforma: 10,5 cm Largura da Plataforma: 48 cm Pot\u00eancia do Motor: 2200 W Tempo de Eleva\u00e7\u00e3o: 30 segundos Tempo de Descida: 30 [&hellip;]<\/p>\n","protected":false},"featured_media":40307,"comment_status":"open","ping_status":"closed","template":"","meta":[],"product_brand":[],"product_cat":[6668],"product_tag":[],"class_list":{"0":"post-40306","1":"product","2":"type-product","3":"status-publish","4":"has-post-thumbnail","6":"product_cat-elevadores-de-tesoura","8":"first","9":"onbackorder","10":"sold-individually","11":"taxable","12":"shipping-taxable","13":"purchasable","14":"product-type-simple"},"_links":{"self":[{"href":"https:\/\/occasionmachines.com\/pt\/wp-json\/wp\/v2\/product\/40306","targetHints":{"allow":["GET"]}}],"collection":[{"href":"https:\/\/occasionmachines.com\/pt\/wp-json\/wp\/v2\/product"}],"about":[{"href":"https:\/\/occasionmachines.com\/pt\/wp-json\/wp\/v2\/types\/product"}],"replies":[{"embeddable":true,"href":"https:\/\/occasionmachines.com\/pt\/wp-json\/wp\/v2\/comments?post=40306"}],"wp:featuredmedia":[{"embeddable":true,"href":"https:\/\/occasionmachines.com\/pt\/wp-json\/wp\/v2\/media\/40307"}],"wp:attachment":[{"href":"https:\/\/occasionmachines.com\/pt\/wp-json\/wp\/v2\/media?parent=40306"}],"wp:term":[{"taxonomy":"product_brand","embeddable":true,"href":"https:\/\/occasionmachines.com\/pt\/wp-json\/wp\/v2\/product_brand?post=40306"},{"taxonomy":"product_cat","embeddable":true,"href":"https:\/\/occasionmachines.com\/pt\/wp-json\/wp\/v2\/product_cat?post=40306"},{"taxonomy":"product_tag","embeddable":true,"href":"https:\/\/occasionmachines.com\/pt\/wp-json\/wp\/v2\/product_tag?post=40306"}],"curies":[{"name":"wp","href":"https:\/\/api.w.org\/{rel}","templated":true}]}}