{"id":40325,"date":"2019-12-17T16:10:39","date_gmt":"2019-12-17T16:10:39","guid":{"rendered":"https:\/\/occasionmachines.com\/?post_type=product&#038;p=40325"},"modified":"2025-05-26T17:36:30","modified_gmt":"2025-05-26T16:36:30","slug":"maquina-para-desmontar-pneus-624","status":"publish","type":"product","link":"https:\/\/occasionmachines.com\/pt\/produto\/maquina-para-desmontar-pneus-624\/","title":{"rendered":"Maquina Desmontar Pneus Motos 230V PTCM"},"content":{"rendered":"<table border=1 cellspacing=0 cellpadding=0 width=\"100%\">\n<tr>\n<td bgcolor=AntiqueWhite align=left>&nbsp;Caracter\u00edsticas T\u00e9cnicas<\/td>\n<td bgcolor=AntiqueWhite align=left>&nbsp;&#8211;<\/td>\n<td bgcolor=AntiqueWhite align=left>&nbsp;&#8212;<\/td>\n<\/tr>\n<tr>\n<td bgcolor=White>&nbsp;Capacid. Aro de Bloqueio<\/td>\n<td bgcolor=White>&nbsp;<\/td>\n<td bgcolor=White>&nbsp;6~24\u201d<\/td>\n<\/tr>\n<tr>\n<td bgcolor=White>&nbsp;Di\u00e2metro M\u00e1ximo Roda<\/td>\n<td bgcolor=White>&nbsp;mm<\/td>\n<td bgcolor=White>&nbsp;1041<\/td>\n<\/tr>\n<tr>\n<td bgcolor=White>&nbsp;Largura M\u00e1xima Roda<\/td>\n<td bgcolor=White>&nbsp;mm<\/td>\n<td bgcolor=White>&nbsp;355<\/td>\n<\/tr>\n<tr>\n<td bgcolor=White>&nbsp;Gama<\/td>\n<td bgcolor=White>&nbsp;<\/td>\n<td bgcolor=White>&nbsp;Moto<\/td>\n<\/tr>\n<tr>\n<td bgcolor=White>&nbsp;Ruido<\/td>\n<td bgcolor=White>&nbsp;dB<\/td>\n<td bgcolor=White>&nbsp;&lt;75 <\/td>\n<\/tr>\n<tr>\n<td bgcolor=White>&nbsp;Pot\u00eancia do Motor<\/td>\n<td bgcolor=White>&nbsp;W<\/td>\n<td bgcolor=White>&nbsp;750 <\/td>\n<\/tr>\n<tr>\n<td bgcolor=White>&nbsp;Voltagem<\/td>\n<td bgcolor=White>&nbsp;V<\/td>\n<td bgcolor=White>&nbsp;230<\/td>\n<\/tr>\n<tr>\n<td bgcolor=White>&nbsp;Frequ\u00eancia<\/td>\n<td bgcolor=White>&nbsp;Hz<\/td>\n<td bgcolor=White>&nbsp;50<\/td>\n<\/tr>\n<\/table>\n","protected":false},"excerpt":{"rendered":"<p>&nbsp;Caracter\u00edsticas T\u00e9cnicas &nbsp;&#8211; &nbsp;&#8212; &nbsp;Capacid. Aro de Bloqueio &nbsp; &nbsp;6~24\u201d &nbsp;Di\u00e2metro M\u00e1ximo Roda &nbsp;mm &nbsp;1041 &nbsp;Largura M\u00e1xima Roda &nbsp;mm &nbsp;355 &nbsp;Gama &nbsp; &nbsp;Moto &nbsp;Ruido &nbsp;dB &nbsp;&lt;75 &nbsp;Pot\u00eancia do Motor &nbsp;W &nbsp;750 &nbsp;Voltagem &nbsp;V &nbsp;230 &nbsp;Frequ\u00eancia &nbsp;Hz &nbsp;50<\/p>\n","protected":false},"featured_media":63218,"comment_status":"closed","ping_status":"closed","template":"","meta":[],"product_brand":[],"product_cat":[5013],"product_tag":[],"class_list":{"0":"post-40325","1":"product","2":"type-product","3":"status-publish","4":"has-post-thumbnail","6":"product_cat-desmontadoras-de-pneus","8":"first","9":"onbackorder","10":"sold-individually","11":"taxable","12":"shipping-taxable","13":"purchasable","14":"product-type-simple"},"_links":{"self":[{"href":"https:\/\/occasionmachines.com\/pt\/wp-json\/wp\/v2\/product\/40325","targetHints":{"allow":["GET"]}}],"collection":[{"href":"https:\/\/occasionmachines.com\/pt\/wp-json\/wp\/v2\/product"}],"about":[{"href":"https:\/\/occasionmachines.com\/pt\/wp-json\/wp\/v2\/types\/product"}],"replies":[{"embeddable":true,"href":"https:\/\/occasionmachines.com\/pt\/wp-json\/wp\/v2\/comments?post=40325"}],"wp:featuredmedia":[{"embeddable":true,"href":"https:\/\/occasionmachines.com\/pt\/wp-json\/wp\/v2\/media\/63218"}],"wp:attachment":[{"href":"https:\/\/occasionmachines.com\/pt\/wp-json\/wp\/v2\/media?parent=40325"}],"wp:term":[{"taxonomy":"product_brand","embeddable":true,"href":"https:\/\/occasionmachines.com\/pt\/wp-json\/wp\/v2\/product_brand?post=40325"},{"taxonomy":"product_cat","embeddable":true,"href":"https:\/\/occasionmachines.com\/pt\/wp-json\/wp\/v2\/product_cat?post=40325"},{"taxonomy":"product_tag","embeddable":true,"href":"https:\/\/occasionmachines.com\/pt\/wp-json\/wp\/v2\/product_tag?post=40325"}],"curies":[{"name":"wp","href":"https:\/\/api.w.org\/{rel}","templated":true}]}}